{"id":740,"date":"2025-10-29T09:20:39","date_gmt":"2025-10-29T09:20:39","guid":{"rendered":"http:matchart.rs\/?post_type=product&#038;p=740"},"modified":"2026-03-27T10:44:39","modified_gmt":"2026-03-27T10:44:39","slug":"casa-za-pomfrit","status":"publish","type":"product","link":"https:\/\/www.matchart.rs\/en\/product\/casa-za-pomfrit\/","title":{"rendered":"French fry cups"},"content":{"rendered":"<p>Na\u0161e \u010da\u0161e za pomfrit izra\u0111ene su od \u010dvrstog kartona ili reciklabilnog materijala otpornog na masno\u0107u i vlagu. Otvoren vrh omogu\u0107ava cirkulaciju vazduha, \u0161to zadr\u017eava hrskavost pomfrita du\u017ee vreme. Stabilna konstrukcija spre\u010dava prevrtanje, dok ergonomija omogu\u0107ava jednostavno dr\u017eanje u ruci.<\/p>\n<p>Dostupne su u vi\u0161e dimenzija, od manjih za pojedina\u010dne porcije do ve\u0107ih za porodi\u010dne i kombinovane obroke. Lokali u Beogradu, od <a href=\"https:\/\/sr.wikipedia.org\/wiki\/%D0%97%D0%B0%D0%BF%D0%B0%D0%B4%D0%BD%D0%B0_%D0%BA%D0%B0%D0%BF%D0%B8%D1%98%D0%B0_%D0%91%D0%B5%D0%BE%D0%B3%D1%80%D0%B0%D0%B4%D0%B0\">Geneksa<\/a> to <a href=\"https:\/\/sr.wikipedia.org\/wiki\/%D0%98%D1%81%D1%82%D0%BE%D1%87%D0%BD%D0%B0_%D0%BA%D0%B0%D0%BF%D0%B8%D1%98%D0%B0_%D0%91%D0%B5%D0%BE%D0%B3%D1%80%D0%B0%D0%B4%D0%B0\">Isto\u010dne kapije<\/a>, kao i \u0161irom Srbije i regiona, redovno koriste ovakvu ambala\u017eu zbog prakti\u010dnosti i profesionalnog izgleda. U ponudi su <a href=\"https:\/\/www.matchart.rs\/en\/product-category\/kutije-za-poneti\/\">raznovrsne kutije za poneti<\/a> &#8211; uklju\u010duju\u0107i <a href=\"https:\/\/www.matchart.rs\/en\/product\/kutija-za-kolace\/\">kutije za kola\u010de<\/a>, <a href=\"https:\/\/www.matchart.rs\/en\/product\/kutija-za-tortu\/\">kutije za torte<\/a>, <a href=\"https:\/\/www.matchart.rs\/en\/product\/kutija-za-pizzu\/\">pizza boxes<\/a> i jo\u0161 mnogo toga &#8211; a kombinacija mo\u017ee da u\u010dini ambijent celovitim i kohezivnim, i va\u0161 lokal je opremljen za tili \u010das.<\/p>\n<h2>Kvalitet i proizvodnja<\/h2>\n<p>Tokom proizvodnje naglasak je na izdr\u017eljivosti i funkcionalnosti. Svaka \u010da\u0161a za pomfrit prolazi kontrolu kvaliteta kako bi izdr\u017eala transport i rukovanje. Materijali su ekolo\u0161ki prihvatljivi i prilago\u0111eni kontaktu sa hranom. Stabilna baza \u010dini \u010da\u0161e otpornim na prevrtanje i deformacije, \u010dak i kada se napune ve\u0107om koli\u010dinom proizvoda. Brzina i razgranatost na\u0161e mre\u017ee omogu\u0107ava brzu isporuku \u0161irom Beograda, Srbije i okoline.<\/p>","protected":false},"excerpt":{"rendered":"<p>U brzim obrocima i street food segmentu, svaki detalj puno zna\u010di. Kori\u0161\u0107enje kvalitetnih \u010da\u0161a za pomfrit omogu\u0107ava prakti\u010dno, stabilno i higijensko poslu\u017eivanje porcija. Ovakva ambala\u017ea je posebno pogodna za dostavu, ketering, ali i prodaju direktno u lokalu, \u010dime se osigurava da proizvod ostane hrskav i atraktivan.<\/p>","protected":false},"featured_media":831,"template":"","meta":{"_acf_changed":false},"product_brand":[],"product_cat":[160,155,64,20],"product_tag":[],"class_list":{"0":"post-740","1":"product","2":"type-product","3":"status-publish","4":"has-post-thumbnail","6":"product_cat-casa-za-pomfrit","7":"product_cat-kutija-za-pomfrit","8":"product_cat-kutije-za-poneti","9":"product_cat-svi-proizvodi","11":"first","12":"instock","13":"shipping-taxable","14":"purchasable","15":"product-type-simple"},"acf":[],"yoast_head":"<!-- This site is optimized with the Yoast SEO plugin v26.6 - https:\/\/yoast.com\/wordpress\/plugins\/seo\/ -->\n<title>Moderne \u010ca\u0161e Za Pomfrit u Beogradu, Srbiji i Okolini<\/title>\n<meta name=\"description\" content=\"Brendirane \u010da\u0161e za pomfrit u Beogradu i \u0161irom Srbije. \u010cvrsta konstrukcija sa sjajnom regulacijom temperature. Pozovite +381(0)69 266 11 20!\" \/>\n<meta name=\"robots\" content=\"index, follow, max-snippet:-1, max-image-preview:large, max-video-preview:-1\" \/>\n<link rel=\"canonical\" href=\"https:\/\/www.matchart.rs\/en\/product\/casa-za-pomfrit\/\" \/>\n<meta property=\"og:locale\" content=\"en_GB\" \/>\n<meta property=\"og:type\" content=\"article\" \/>\n<meta property=\"og:title\" content=\"Moderne \u010ca\u0161e Za Pomfrit u Beogradu, Srbiji i Okolini\" \/>\n<meta property=\"og:description\" content=\"Brendirane \u010da\u0161e za pomfrit u Beogradu i \u0161irom Srbije. \u010cvrsta konstrukcija sa sjajnom regulacijom temperature. Pozovite +381(0)69 266 11 20!\" \/>\n<meta property=\"og:url\" content=\"https:\/\/www.matchart.rs\/en\/product\/casa-za-pomfrit\/\" \/>\n<meta property=\"og:site_name\" content=\"Match &amp; Art\" \/>\n<meta property=\"article:modified_time\" content=\"2026-03-27T10:44:39+00:00\" \/>\n<meta property=\"og:image\" content=\"https:\/\/www.matchart.rs\/wp-content\/uploads\/2025\/10\/DZO_0195-scaled-1.jpg\" \/>\n\t<meta property=\"og:image:width\" content=\"2560\" \/>\n\t<meta property=\"og:image:height\" content=\"1701\" \/>\n\t<meta property=\"og:image:type\" content=\"image\/jpeg\" \/>\n<meta name=\"twitter:card\" content=\"summary_large_image\" \/>\n<meta name=\"twitter:label1\" content=\"Estimated reading time\" \/>\n\t<meta name=\"twitter:data1\" content=\"2 minutes\" \/>\n<script type=\"application\/ld+json\" class=\"yoast-schema-graph\">{\"@context\":\"https:\/\/schema.org\",\"@graph\":[{\"@type\":\"WebPage\",\"@id\":\"https:\/\/www.matchart.rs\/product\/casa-za-pomfrit\/\",\"url\":\"https:\/\/www.matchart.rs\/product\/casa-za-pomfrit\/\",\"name\":\"Moderne \u010ca\u0161e Za Pomfrit u Beogradu, Srbiji i Okolini\",\"isPartOf\":{\"@id\":\"https:\/\/www.matchart.rs\/#website\"},\"primaryImageOfPage\":{\"@id\":\"https:\/\/www.matchart.rs\/product\/casa-za-pomfrit\/#primaryimage\"},\"image\":{\"@id\":\"https:\/\/www.matchart.rs\/product\/casa-za-pomfrit\/#primaryimage\"},\"thumbnailUrl\":\"https:\/\/www.matchart.rs\/wp-content\/uploads\/2025\/10\/DZO_0195-scaled-1.jpg\",\"datePublished\":\"2025-10-29T09:20:39+00:00\",\"dateModified\":\"2026-03-27T10:44:39+00:00\",\"description\":\"Brendirane \u010da\u0161e za pomfrit u Beogradu i \u0161irom Srbije. \u010cvrsta konstrukcija sa sjajnom regulacijom temperature. Pozovite +381(0)69 266 11 20!\",\"breadcrumb\":{\"@id\":\"https:\/\/www.matchart.rs\/product\/casa-za-pomfrit\/#breadcrumb\"},\"inLanguage\":\"en-GB\",\"potentialAction\":[{\"@type\":\"ReadAction\",\"target\":[\"https:\/\/www.matchart.rs\/product\/casa-za-pomfrit\/\"]}]},{\"@type\":\"ImageObject\",\"inLanguage\":\"en-GB\",\"@id\":\"https:\/\/www.matchart.rs\/product\/casa-za-pomfrit\/#primaryimage\",\"url\":\"https:\/\/www.matchart.rs\/wp-content\/uploads\/2025\/10\/DZO_0195-scaled-1.jpg\",\"contentUrl\":\"https:\/\/www.matchart.rs\/wp-content\/uploads\/2025\/10\/DZO_0195-scaled-1.jpg\",\"width\":2560,\"height\":1701,\"caption\":\"\u010dvrste \u010da\u0161e za pomfrit u Srbiji i regionu\"},{\"@type\":\"BreadcrumbList\",\"@id\":\"https:\/\/www.matchart.rs\/product\/casa-za-pomfrit\/#breadcrumb\",\"itemListElement\":[{\"@type\":\"ListItem\",\"position\":1,\"name\":\"Home\",\"item\":\"https:\/\/www.matchart.rs\/\"},{\"@type\":\"ListItem\",\"position\":2,\"name\":\"Shop\",\"item\":\"https:\/\/www.matchart.rs\/?page_id=270\"},{\"@type\":\"ListItem\",\"position\":3,\"name\":\"\u010ca\u0161a za Pomfrit\"}]},{\"@type\":\"WebSite\",\"@id\":\"https:\/\/www.matchart.rs\/#website\",\"url\":\"https:\/\/www.matchart.rs\/\",\"name\":\"Match &amp; Art\",\"description\":\"\",\"publisher\":{\"@id\":\"https:\/\/www.matchart.rs\/#organization\"},\"potentialAction\":[{\"@type\":\"SearchAction\",\"target\":{\"@type\":\"EntryPoint\",\"urlTemplate\":\"https:\/\/www.matchart.rs\/?s={search_term_string}\"},\"query-input\":{\"@type\":\"PropertyValueSpecification\",\"valueRequired\":true,\"valueName\":\"search_term_string\"}}],\"inLanguage\":\"en-GB\"},{\"@type\":\"Organization\",\"@id\":\"https:\/\/www.matchart.rs\/#organization\",\"name\":\"Match &amp; Art\",\"url\":\"https:\/\/www.matchart.rs\/\",\"logo\":{\"@type\":\"ImageObject\",\"inLanguage\":\"en-GB\",\"@id\":\"https:\/\/www.matchart.rs\/#\/schema\/logo\/image\/\",\"url\":\"https:\/\/www.matchart.rs\/wp-content\/uploads\/2025\/10\/MatchAndArt-logo.png\",\"contentUrl\":\"https:\/\/www.matchart.rs\/wp-content\/uploads\/2025\/10\/MatchAndArt-logo.png\",\"width\":110,\"height\":96,\"caption\":\"Match &amp; Art\"},\"image\":{\"@id\":\"https:\/\/www.matchart.rs\/#\/schema\/logo\/image\/\"}}]}<\/script>\n<!-- \/ Yoast SEO plugin. -->","yoast_head_json":{"title":"Moderne \u010ca\u0161e Za Pomfrit u Beogradu, Srbiji i Okolini","description":"Brendirane \u010da\u0161e za pomfrit u Beogradu i \u0161irom Srbije. \u010cvrsta konstrukcija sa sjajnom regulacijom temperature. Pozovite +381(0)69 266 11 20!","robots":{"index":"index","follow":"follow","max-snippet":"max-snippet:-1","max-image-preview":"max-image-preview:large","max-video-preview":"max-video-preview:-1"},"canonical":"https:\/\/www.matchart.rs\/en\/product\/casa-za-pomfrit\/","og_locale":"en_GB","og_type":"article","og_title":"Moderne \u010ca\u0161e Za Pomfrit u Beogradu, Srbiji i Okolini","og_description":"Brendirane \u010da\u0161e za pomfrit u Beogradu i \u0161irom Srbije. \u010cvrsta konstrukcija sa sjajnom regulacijom temperature. Pozovite +381(0)69 266 11 20!","og_url":"https:\/\/www.matchart.rs\/en\/product\/casa-za-pomfrit\/","og_site_name":"Match &amp; Art","article_modified_time":"2026-03-27T10:44:39+00:00","og_image":[{"width":2560,"height":1701,"url":"https:\/\/www.matchart.rs\/wp-content\/uploads\/2025\/10\/DZO_0195-scaled-1.jpg","type":"image\/jpeg"}],"twitter_card":"summary_large_image","twitter_misc":{"Estimated reading time":"2 minutes"},"schema":{"@context":"https:\/\/schema.org","@graph":[{"@type":"WebPage","@id":"https:\/\/www.matchart.rs\/product\/casa-za-pomfrit\/","url":"https:\/\/www.matchart.rs\/product\/casa-za-pomfrit\/","name":"Moderne \u010ca\u0161e Za Pomfrit u Beogradu, Srbiji i Okolini","isPartOf":{"@id":"https:\/\/www.matchart.rs\/#website"},"primaryImageOfPage":{"@id":"https:\/\/www.matchart.rs\/product\/casa-za-pomfrit\/#primaryimage"},"image":{"@id":"https:\/\/www.matchart.rs\/product\/casa-za-pomfrit\/#primaryimage"},"thumbnailUrl":"https:\/\/www.matchart.rs\/wp-content\/uploads\/2025\/10\/DZO_0195-scaled-1.jpg","datePublished":"2025-10-29T09:20:39+00:00","dateModified":"2026-03-27T10:44:39+00:00","description":"Brendirane \u010da\u0161e za pomfrit u Beogradu i \u0161irom Srbije. \u010cvrsta konstrukcija sa sjajnom regulacijom temperature. Pozovite +381(0)69 266 11 20!","breadcrumb":{"@id":"https:\/\/www.matchart.rs\/product\/casa-za-pomfrit\/#breadcrumb"},"inLanguage":"en-GB","potentialAction":[{"@type":"ReadAction","target":["https:\/\/www.matchart.rs\/product\/casa-za-pomfrit\/"]}]},{"@type":"ImageObject","inLanguage":"en-GB","@id":"https:\/\/www.matchart.rs\/product\/casa-za-pomfrit\/#primaryimage","url":"https:\/\/www.matchart.rs\/wp-content\/uploads\/2025\/10\/DZO_0195-scaled-1.jpg","contentUrl":"https:\/\/www.matchart.rs\/wp-content\/uploads\/2025\/10\/DZO_0195-scaled-1.jpg","width":2560,"height":1701,"caption":"\u010dvrste \u010da\u0161e za pomfrit u Srbiji i regionu"},{"@type":"BreadcrumbList","@id":"https:\/\/www.matchart.rs\/product\/casa-za-pomfrit\/#breadcrumb","itemListElement":[{"@type":"ListItem","position":1,"name":"Home","item":"https:\/\/www.matchart.rs\/"},{"@type":"ListItem","position":2,"name":"Shop","item":"https:\/\/www.matchart.rs\/?page_id=270"},{"@type":"ListItem","position":3,"name":"\u010ca\u0161a za Pomfrit"}]},{"@type":"WebSite","@id":"https:\/\/www.matchart.rs\/#website","url":"https:\/\/www.matchart.rs\/","name":"Match &amp; Art","description":"","publisher":{"@id":"https:\/\/www.matchart.rs\/#organization"},"potentialAction":[{"@type":"SearchAction","target":{"@type":"EntryPoint","urlTemplate":"https:\/\/www.matchart.rs\/?s={search_term_string}"},"query-input":{"@type":"PropertyValueSpecification","valueRequired":true,"valueName":"search_term_string"}}],"inLanguage":"en-GB"},{"@type":"Organization","@id":"https:\/\/www.matchart.rs\/#organization","name":"Match &amp; Art","url":"https:\/\/www.matchart.rs\/","logo":{"@type":"ImageObject","inLanguage":"en-GB","@id":"https:\/\/www.matchart.rs\/#\/schema\/logo\/image\/","url":"https:\/\/www.matchart.rs\/wp-content\/uploads\/2025\/10\/MatchAndArt-logo.png","contentUrl":"https:\/\/www.matchart.rs\/wp-content\/uploads\/2025\/10\/MatchAndArt-logo.png","width":110,"height":96,"caption":"Match &amp; Art"},"image":{"@id":"https:\/\/www.matchart.rs\/#\/schema\/logo\/image\/"}}]}},"_links":{"self":[{"href":"https:\/\/www.matchart.rs\/en\/wp-json\/wp\/v2\/product\/740","targetHints":{"allow":["GET"]}}],"collection":[{"href":"https:\/\/www.matchart.rs\/en\/wp-json\/wp\/v2\/product"}],"about":[{"href":"https:\/\/www.matchart.rs\/en\/wp-json\/wp\/v2\/types\/product"}],"wp:featuredmedia":[{"embeddable":true,"href":"https:\/\/www.matchart.rs\/en\/wp-json\/wp\/v2\/media\/831"}],"wp:attachment":[{"href":"https:\/\/www.matchart.rs\/en\/wp-json\/wp\/v2\/media?parent=740"}],"wp:term":[{"taxonomy":"product_brand","embeddable":true,"href":"https:\/\/www.matchart.rs\/en\/wp-json\/wp\/v2\/product_brand?post=740"},{"taxonomy":"product_cat","embeddable":true,"href":"https:\/\/www.matchart.rs\/en\/wp-json\/wp\/v2\/product_cat?post=740"},{"taxonomy":"product_tag","embeddable":true,"href":"https:\/\/www.matchart.rs\/en\/wp-json\/wp\/v2\/product_tag?post=740"}],"curies":[{"name":"wp","href":"https:\/\/api.w.org\/{rel}","templated":true}]}}