{"id":734,"date":"2025-10-29T09:20:12","date_gmt":"2025-10-29T09:20:12","guid":{"rendered":"http:matchart.rs\/?post_type=product&#038;p=734"},"modified":"2026-03-27T08:13:10","modified_gmt":"2026-03-27T08:13:10","slug":"kutija-za-burger","status":"publish","type":"product","link":"https:\/\/www.matchart.rs\/en\/product\/kutija-za-burger\/","title":{"rendered":"Kutija za Burger"},"content":{"rendered":"<p><span style=\"font-weight: 400;\">Na\u0161a <\/span><span style=\"font-weight: 400;\">kutija za burger<\/span><span style=\"font-weight: 400;\"> predstavlja savr\u0161en spoj funkcionalnosti i estetike. Pa\u017eljivo osmi\u0161ljen dizajn omogu\u0107ava da burger zadr\u017ei svoju sve\u017einu i ukus dok istovremeno predstavlja va\u0161 brend u najboljem mogu\u0107em svetlu. Svaku kutiju mo\u017eete u potpunosti prilagoditi svojim \u017eeljama, bilo da je to logotip, boje brenda ili kreativna poruka koja dodatno gradi prepoznatljivost i ostavlja sna\u017ean utisak.<\/span><\/p>\n<p><span style=\"font-weight: 400;\">Pored<\/span><span style=\"font-weight: 400;\"> kutija za burgere<\/span><span style=\"font-weight: 400;\">, u na\u0161oj <\/span><a href=\"https:\/\/www.matchart.rs\/en\/product-category\/kutije-za-poneti\/\"><span style=\"font-weight: 400;\">ponudi kutija za poneti<\/span><\/a><span style=\"font-weight: 400;\"> mo\u017eete na\u0107i i kvalitetne <\/span><a href=\"https:\/\/www.matchart.rs\/en\/product\/kutija-za-salatu\/\"><span style=\"font-weight: 400;\">kutije za salatu<\/span><\/a><span style=\"font-weight: 400;\">, <\/span><a href=\"https:\/\/www.matchart.rs\/en\/product\/kutija-za-sendvic\/\"><span style=\"font-weight: 400;\">kutije za sendvi\u010de<\/span><\/a><span style=\"font-weight: 400;\"> i <\/span><a href=\"https:\/\/www.matchart.rs\/en\/product\/kutija-za-pastu\/\"><span style=\"font-weight: 400;\">kutije za pastu<\/span><\/a><span style=\"font-weight: 400;\">. Na\u0161e ambala\u017ee, pored toga \u0161to vam olak\u0161avaju rad, tako\u0111e unapre\u0111uju izgled va\u0161eg brenda, njegov vizuelni identitet i prepoznatljivost \u0161irom <\/span><span style=\"font-weight: 400;\">Srbije.<\/span><\/p>\n<h3><span style=\"font-weight: 400;\">Prakti\u010dno i pouzdano<\/span><\/h3>\n<p><span style=\"font-weight: 400;\">Our<\/span><span style=\"font-weight: 400;\"> kutije za burgere<\/span><span style=\"font-weight: 400;\"> odgovaraju va\u0161oj dinamici. Olak\u0161avaju pakovanje, prenos i konzumaciju va\u0161ih omiljenih burgera. Bilo da ste u pokretu ili ne, mo\u017eete ra\u010dunati na njihovu izdr\u017eljivost i prakti\u010dnost. Na\u0161 dizajn ne gradi samo poverenje kupaca prema va\u0161em brendu, ve\u0107 i va\u0161e poverenje prema nama.<\/span><\/p>\n<h3><span style=\"font-weight: 400;\">Ambala\u017ea koja se pamti<\/span><\/h3>\n<p><span style=\"font-weight: 400;\">\u0160irenje brenda je cilj svake kompanije. Taj cilj je mogu\u0107 uz originalnu i upe\u010datljivu ambala\u017eu. Put va\u0161eg brenda ne staje kada burger stigne do mu\u0161terije, ve\u0107 se nastavlja \u0161irom <\/span><span style=\"font-weight: 400;\">Beograda i Srbije<\/span><span style=\"font-weight: 400;\">. Tada <\/span><span style=\"font-weight: 400;\">kutija za burger<\/span><span style=\"font-weight: 400;\"> postaje reklama sama za sebe, pogotovo ukoliko je odlikuje dizajn koji je nemogu\u0107e ne primetiti.<\/span><\/p>\n<h3><span style=\"font-weight: 400;\">Pravljeno po meri<\/span><\/h3>\n<p><span style=\"font-weight: 400;\">Pre nego \u0161to zapo\u010dnemo proces izrade, najpre se savetujemo sa vama da bismo upoznali va\u0161 vizuelni identitet. Na osnovu va\u0161ih \u017eelja predla\u017eemo dizajn koji bi najvernije oslikavao duh va\u0161e kompanije.<\/span><span style=\"font-weight: 400;\"> Kutija za burger<\/span><span style=\"font-weight: 400;\"> se izra\u0111uje po najvi\u0161im standardima kako bi svaki va\u0161 proizvod zadovoljio o\u010dekivanja na\u0161ih kupaca u <\/span><span style=\"font-weight: 400;\">Beogradu, Srbiji<\/span><span style=\"font-weight: 400;\"> i \u0161ire.<\/span><\/p>\n<h2><span style=\"font-weight: 400;\">Kvalitet i proizvodnja<\/span><\/h2>\n<p><span style=\"font-weight: 400;\">Kutije za burgere<\/span><span style=\"font-weight: 400;\"> podvrgavaju se strogim kontrolama kvaliteta zarad zadovoljenja svih va\u0161ih zahteva. Proces je osmi\u0161ljen da bude brz i prilago\u0111en svim lokalima \u0161irom <\/span><span style=\"font-weight: 400;\">Beograda<\/span><span style=\"font-weight: 400;\">, <\/span><span style=\"font-weight: 400;\">Srbije<\/span><span style=\"font-weight: 400;\"> i regiona. Zahvaljuju\u0107i na\u0161oj pouzdanoj isporuci, imate slobodu da se za to vreme fokusirate na razvoj drugih grana va\u0161eg poslovanja.<\/span><\/p>","protected":false},"excerpt":{"rendered":"<p><span style=\"font-weight: 400;\">Od svih informacija koje mozak prima, \u010dak 80% dolazi putem vida, zbog \u010dega vizuelni identitet igra klju\u010dnu ulogu u prepoznatljivosti svakog brenda. Zato je va\u017eno da ambala\u017ea ne bude samo funkcionalna, ve\u0107 i upe\u010datljiva. Na\u0161e <\/span><span style=\"font-weight: 400;\">kutije za burgere<\/span><span style=\"font-weight: 400;\"> izra\u0111ene su od \u010dvrstih, prakti\u010dnih materijala i odlikuju se kvalitetnom \u0161tampom koja privla\u010di pa\u017enju i ostavlja sna\u017ean utisak. Dizajnirane su tako da budu lako uo\u010dljive, originalne i prilago\u0111ene savremenim potrebama ugostiteljstva. Isporuku vr\u0161imo \u0161irom <\/span><span style=\"font-weight: 400;\">Srbije, <\/span><span style=\"font-weight: 400;\">uz besplatnu dostavu na teritoriji <\/span><span style=\"font-weight: 400;\">Beograda<\/span><span style=\"font-weight: 400;\"> za porud\u017ebine preko 3000 dinara i povoljnije cene prilikom poru\u010divanja putem sajta.<\/span><\/p>","protected":false},"featured_media":827,"template":"","meta":{"_acf_changed":false},"product_brand":[],"product_cat":[159,64,20],"product_tag":[],"class_list":{"0":"post-734","1":"product","2":"type-product","3":"status-publish","4":"has-post-thumbnail","6":"product_cat-kutija-za-burger","7":"product_cat-kutije-za-poneti","8":"product_cat-svi-proizvodi","10":"first","11":"instock","12":"shipping-taxable","13":"purchasable","14":"product-type-simple"},"acf":[],"yoast_head":"<!-- This site is optimized with the Yoast SEO plugin v26.6 - https:\/\/yoast.com\/wordpress\/plugins\/seo\/ -->\n<title>Kvalitetne Kutije za Burgere u Srbiji i Regionu<\/title>\n<meta name=\"description\" content=\"Prakti\u010dne kutije za burgere u Beogradu i \u0161irom Srbije i regiona. Kvalitetni materijal i personalizovani dizajn. Pozovite +381(0)69 266 11 20!\" \/>\n<meta name=\"robots\" content=\"index, follow, max-snippet:-1, max-image-preview:large, max-video-preview:-1\" \/>\n<link rel=\"canonical\" href=\"https:\/\/www.matchart.rs\/en\/product\/kutija-za-burger\/\" \/>\n<meta property=\"og:locale\" content=\"en_GB\" \/>\n<meta property=\"og:type\" content=\"article\" \/>\n<meta property=\"og:title\" content=\"Kvalitetne Kutije za Burgere u Srbiji i Regionu\" \/>\n<meta property=\"og:description\" content=\"Prakti\u010dne kutije za burgere u Beogradu i \u0161irom Srbije i regiona. Kvalitetni materijal i personalizovani dizajn. Pozovite +381(0)69 266 11 20!\" \/>\n<meta property=\"og:url\" content=\"https:\/\/www.matchart.rs\/en\/product\/kutija-za-burger\/\" \/>\n<meta property=\"og:site_name\" content=\"Match &amp; Art\" \/>\n<meta property=\"article:modified_time\" content=\"2026-03-27T08:13:10+00:00\" \/>\n<meta property=\"og:image\" content=\"https:\/\/www.matchart.rs\/wp-content\/uploads\/2025\/10\/DZO_0213-scaled-1.jpg\" \/>\n\t<meta property=\"og:image:width\" content=\"2560\" \/>\n\t<meta property=\"og:image:height\" content=\"1701\" \/>\n\t<meta property=\"og:image:type\" content=\"image\/jpeg\" \/>\n<meta name=\"twitter:card\" content=\"summary_large_image\" \/>\n<meta name=\"twitter:label1\" content=\"Estimated reading time\" \/>\n\t<meta name=\"twitter:data1\" content=\"2 minutes\" \/>\n<script type=\"application\/ld+json\" class=\"yoast-schema-graph\">{\"@context\":\"https:\/\/schema.org\",\"@graph\":[{\"@type\":\"WebPage\",\"@id\":\"https:\/\/www.matchart.rs\/product\/kutija-za-burger\/\",\"url\":\"https:\/\/www.matchart.rs\/product\/kutija-za-burger\/\",\"name\":\"Kvalitetne Kutije za Burgere u Srbiji i Regionu\",\"isPartOf\":{\"@id\":\"https:\/\/www.matchart.rs\/#website\"},\"primaryImageOfPage\":{\"@id\":\"https:\/\/www.matchart.rs\/product\/kutija-za-burger\/#primaryimage\"},\"image\":{\"@id\":\"https:\/\/www.matchart.rs\/product\/kutija-za-burger\/#primaryimage\"},\"thumbnailUrl\":\"https:\/\/www.matchart.rs\/wp-content\/uploads\/2025\/10\/DZO_0213-scaled-1.jpg\",\"datePublished\":\"2025-10-29T09:20:12+00:00\",\"dateModified\":\"2026-03-27T08:13:10+00:00\",\"description\":\"Prakti\u010dne kutije za burgere u Beogradu i \u0161irom Srbije i regiona. Kvalitetni materijal i personalizovani dizajn. Pozovite +381(0)69 266 11 20!\",\"breadcrumb\":{\"@id\":\"https:\/\/www.matchart.rs\/product\/kutija-za-burger\/#breadcrumb\"},\"inLanguage\":\"en-GB\",\"potentialAction\":[{\"@type\":\"ReadAction\",\"target\":[\"https:\/\/www.matchart.rs\/product\/kutija-za-burger\/\"]}]},{\"@type\":\"ImageObject\",\"inLanguage\":\"en-GB\",\"@id\":\"https:\/\/www.matchart.rs\/product\/kutija-za-burger\/#primaryimage\",\"url\":\"https:\/\/www.matchart.rs\/wp-content\/uploads\/2025\/10\/DZO_0213-scaled-1.jpg\",\"contentUrl\":\"https:\/\/www.matchart.rs\/wp-content\/uploads\/2025\/10\/DZO_0213-scaled-1.jpg\",\"width\":2560,\"height\":1701,\"caption\":\"moderne kutije za burgere u beogradu i regionu\"},{\"@type\":\"BreadcrumbList\",\"@id\":\"https:\/\/www.matchart.rs\/product\/kutija-za-burger\/#breadcrumb\",\"itemListElement\":[{\"@type\":\"ListItem\",\"position\":1,\"name\":\"Home\",\"item\":\"https:\/\/www.matchart.rs\/\"},{\"@type\":\"ListItem\",\"position\":2,\"name\":\"Shop\",\"item\":\"https:\/\/www.matchart.rs\/?page_id=270\"},{\"@type\":\"ListItem\",\"position\":3,\"name\":\"Kutija za Burger\"}]},{\"@type\":\"WebSite\",\"@id\":\"https:\/\/www.matchart.rs\/#website\",\"url\":\"https:\/\/www.matchart.rs\/\",\"name\":\"Match &amp; Art\",\"description\":\"\",\"publisher\":{\"@id\":\"https:\/\/www.matchart.rs\/#organization\"},\"potentialAction\":[{\"@type\":\"SearchAction\",\"target\":{\"@type\":\"EntryPoint\",\"urlTemplate\":\"https:\/\/www.matchart.rs\/?s={search_term_string}\"},\"query-input\":{\"@type\":\"PropertyValueSpecification\",\"valueRequired\":true,\"valueName\":\"search_term_string\"}}],\"inLanguage\":\"en-GB\"},{\"@type\":\"Organization\",\"@id\":\"https:\/\/www.matchart.rs\/#organization\",\"name\":\"Match &amp; Art\",\"url\":\"https:\/\/www.matchart.rs\/\",\"logo\":{\"@type\":\"ImageObject\",\"inLanguage\":\"en-GB\",\"@id\":\"https:\/\/www.matchart.rs\/#\/schema\/logo\/image\/\",\"url\":\"https:\/\/www.matchart.rs\/wp-content\/uploads\/2025\/10\/MatchAndArt-logo.png\",\"contentUrl\":\"https:\/\/www.matchart.rs\/wp-content\/uploads\/2025\/10\/MatchAndArt-logo.png\",\"width\":110,\"height\":96,\"caption\":\"Match &amp; Art\"},\"image\":{\"@id\":\"https:\/\/www.matchart.rs\/#\/schema\/logo\/image\/\"}}]}<\/script>\n<!-- \/ Yoast SEO plugin. -->","yoast_head_json":{"title":"Kvalitetne Kutije za Burgere u Srbiji i Regionu","description":"Prakti\u010dne kutije za burgere u Beogradu i \u0161irom Srbije i regiona. Kvalitetni materijal i personalizovani dizajn. Pozovite +381(0)69 266 11 20!","robots":{"index":"index","follow":"follow","max-snippet":"max-snippet:-1","max-image-preview":"max-image-preview:large","max-video-preview":"max-video-preview:-1"},"canonical":"https:\/\/www.matchart.rs\/en\/product\/kutija-za-burger\/","og_locale":"en_GB","og_type":"article","og_title":"Kvalitetne Kutije za Burgere u Srbiji i Regionu","og_description":"Prakti\u010dne kutije za burgere u Beogradu i \u0161irom Srbije i regiona. Kvalitetni materijal i personalizovani dizajn. Pozovite +381(0)69 266 11 20!","og_url":"https:\/\/www.matchart.rs\/en\/product\/kutija-za-burger\/","og_site_name":"Match &amp; Art","article_modified_time":"2026-03-27T08:13:10+00:00","og_image":[{"width":2560,"height":1701,"url":"https:\/\/www.matchart.rs\/wp-content\/uploads\/2025\/10\/DZO_0213-scaled-1.jpg","type":"image\/jpeg"}],"twitter_card":"summary_large_image","twitter_misc":{"Estimated reading time":"2 minutes"},"schema":{"@context":"https:\/\/schema.org","@graph":[{"@type":"WebPage","@id":"https:\/\/www.matchart.rs\/product\/kutija-za-burger\/","url":"https:\/\/www.matchart.rs\/product\/kutija-za-burger\/","name":"Kvalitetne Kutije za Burgere u Srbiji i Regionu","isPartOf":{"@id":"https:\/\/www.matchart.rs\/#website"},"primaryImageOfPage":{"@id":"https:\/\/www.matchart.rs\/product\/kutija-za-burger\/#primaryimage"},"image":{"@id":"https:\/\/www.matchart.rs\/product\/kutija-za-burger\/#primaryimage"},"thumbnailUrl":"https:\/\/www.matchart.rs\/wp-content\/uploads\/2025\/10\/DZO_0213-scaled-1.jpg","datePublished":"2025-10-29T09:20:12+00:00","dateModified":"2026-03-27T08:13:10+00:00","description":"Prakti\u010dne kutije za burgere u Beogradu i \u0161irom Srbije i regiona. Kvalitetni materijal i personalizovani dizajn. Pozovite +381(0)69 266 11 20!","breadcrumb":{"@id":"https:\/\/www.matchart.rs\/product\/kutija-za-burger\/#breadcrumb"},"inLanguage":"en-GB","potentialAction":[{"@type":"ReadAction","target":["https:\/\/www.matchart.rs\/product\/kutija-za-burger\/"]}]},{"@type":"ImageObject","inLanguage":"en-GB","@id":"https:\/\/www.matchart.rs\/product\/kutija-za-burger\/#primaryimage","url":"https:\/\/www.matchart.rs\/wp-content\/uploads\/2025\/10\/DZO_0213-scaled-1.jpg","contentUrl":"https:\/\/www.matchart.rs\/wp-content\/uploads\/2025\/10\/DZO_0213-scaled-1.jpg","width":2560,"height":1701,"caption":"moderne kutije za burgere u beogradu i regionu"},{"@type":"BreadcrumbList","@id":"https:\/\/www.matchart.rs\/product\/kutija-za-burger\/#breadcrumb","itemListElement":[{"@type":"ListItem","position":1,"name":"Home","item":"https:\/\/www.matchart.rs\/"},{"@type":"ListItem","position":2,"name":"Shop","item":"https:\/\/www.matchart.rs\/?page_id=270"},{"@type":"ListItem","position":3,"name":"Kutija za Burger"}]},{"@type":"WebSite","@id":"https:\/\/www.matchart.rs\/#website","url":"https:\/\/www.matchart.rs\/","name":"Match &amp; Art","description":"","publisher":{"@id":"https:\/\/www.matchart.rs\/#organization"},"potentialAction":[{"@type":"SearchAction","target":{"@type":"EntryPoint","urlTemplate":"https:\/\/www.matchart.rs\/?s={search_term_string}"},"query-input":{"@type":"PropertyValueSpecification","valueRequired":true,"valueName":"search_term_string"}}],"inLanguage":"en-GB"},{"@type":"Organization","@id":"https:\/\/www.matchart.rs\/#organization","name":"Match &amp; Art","url":"https:\/\/www.matchart.rs\/","logo":{"@type":"ImageObject","inLanguage":"en-GB","@id":"https:\/\/www.matchart.rs\/#\/schema\/logo\/image\/","url":"https:\/\/www.matchart.rs\/wp-content\/uploads\/2025\/10\/MatchAndArt-logo.png","contentUrl":"https:\/\/www.matchart.rs\/wp-content\/uploads\/2025\/10\/MatchAndArt-logo.png","width":110,"height":96,"caption":"Match &amp; Art"},"image":{"@id":"https:\/\/www.matchart.rs\/#\/schema\/logo\/image\/"}}]}},"_links":{"self":[{"href":"https:\/\/www.matchart.rs\/en\/wp-json\/wp\/v2\/product\/734","targetHints":{"allow":["GET"]}}],"collection":[{"href":"https:\/\/www.matchart.rs\/en\/wp-json\/wp\/v2\/product"}],"about":[{"href":"https:\/\/www.matchart.rs\/en\/wp-json\/wp\/v2\/types\/product"}],"wp:featuredmedia":[{"embeddable":true,"href":"https:\/\/www.matchart.rs\/en\/wp-json\/wp\/v2\/media\/827"}],"wp:attachment":[{"href":"https:\/\/www.matchart.rs\/en\/wp-json\/wp\/v2\/media?parent=734"}],"wp:term":[{"taxonomy":"product_brand","embeddable":true,"href":"https:\/\/www.matchart.rs\/en\/wp-json\/wp\/v2\/product_brand?post=734"},{"taxonomy":"product_cat","embeddable":true,"href":"https:\/\/www.matchart.rs\/en\/wp-json\/wp\/v2\/product_cat?post=734"},{"taxonomy":"product_tag","embeddable":true,"href":"https:\/\/www.matchart.rs\/en\/wp-json\/wp\/v2\/product_tag?post=734"}],"curies":[{"name":"wp","href":"https:\/\/api.w.org\/{rel}","templated":true}]}}