{"id":727,"date":"2025-10-29T09:19:33","date_gmt":"2025-10-29T09:19:33","guid":{"rendered":"http:matchart.rs\/?post_type=product&#038;p=727"},"modified":"2026-03-27T08:54:19","modified_gmt":"2026-03-27T08:54:19","slug":"kutija-za-salatu","status":"publish","type":"product","link":"https:\/\/www.matchart.rs\/en\/product\/kutija-za-salatu\/","title":{"rendered":"Salad boxes"},"content":{"rendered":"<p><span style=\"font-weight: 400;\">Napravljene od visokokvalitetnih materijala, <\/span><span style=\"font-weight: 400;\">kutije za salatu<\/span><span style=\"font-weight: 400;\"> omogu\u0107avaju da obrok zadr\u017ei svoj oblik i sve\u017einu kao da je upravo iza\u0161ao iz kuhinje. Otporne su na masno\u0107u i vlagu i napravljene su od biorazgradivih materijala. Upravo zahvaljuju\u0107i tom balansu kvaliteta i odr\u017eivosti idealne su za svakodnevnu upotrebu, bilo da je u pitanju dostava hrane, ketering, ru\u010davanje u restoranima \u0161irom <\/span><span style=\"font-weight: 400;\">Srbije <\/span><span style=\"font-weight: 400;\">i regiona ili prakti\u010dno pakovanje hrane za poneti.<\/span><\/p>\n<h3><span style=\"font-weight: 400;\">Vizuelni identitet<\/span><\/h3>\n<p><span style=\"font-weight: 400;\">Ono \u0161to poja\u010dava prepoznatljivost va\u0161eg brenda je personalizacija ambala\u017ee na kojoj mo\u017ee da se nalazi va\u0161 logotip ili originalni slogan koji \u0107e va\u0161 brend odmah izdvojiti iz mora drugih i izbaciti ga na vrh. <\/span><span style=\"font-weight: 400;\">Kutija za salatu<\/span><span style=\"font-weight: 400;\"> time postaje pokretna reklama i produ\u017eena ruka va\u0161eg brenda, ostavljaju\u0107i svoj trag daleko izvan va\u0161e kuhinje.<\/span><\/p>\n<h2><span style=\"font-weight: 400;\">Quality and production<\/span><\/h2>\n<p><span style=\"font-weight: 400;\">Svaka <\/span><span style=\"font-weight: 400;\">kutija za salatu<\/span><span style=\"font-weight: 400;\"> proizvedena je od materijala bezbednih za neposredan kontakt sa hranom, uz poseban fokus na izdr\u017eljivost, stabilnost i sigurnu upotrebu. Tokom proizvodnog procesa vodi se ra\u010duna o ujedna\u010denom kvalitetu, kako bi svaka isporu\u010dena serija ispunjavala iste visoke standarde. Na taj na\u010din, ugostiteljski objekti \u0161irom <\/span><span style=\"font-weight: 400;\">Beograda i Srbije<\/span><span style=\"font-weight: 400;\"> dobijaju ambala\u017eu na koju se mogu osloniti.<\/span><\/p>\n<h3><span style=\"font-weight: 400;\">Prakti\u010dnost<\/span><\/h3>\n<p><span style=\"font-weight: 400;\">Kada je u pitanju kvalitet ambala\u017ee, presudnu ulogu ima materijal od kog je izra\u0111ena. On mora biti dovoljno \u010dvrst, otporan na vlagu i masno\u0107u, a istovremeno da odr\u017eava ukus proizvoda. Upravo zbog tih osobina na\u0161e papirne i kartonske <\/span><span style=\"font-weight: 400;\">kutije za salatu<\/span><span style=\"font-weight: 400;\"> postale su pouzdano re\u0161enje za o\u010duvanje sve\u017eine hrane i njenu sigurnu i efikasnu dostavu.<\/span><\/p>\n<p><span style=\"font-weight: 400;\">U na\u0161oj <\/span><a href=\"https:\/\/www.matchart.rs\/en\/product-category\/kutije-za-poneti\/\"><span style=\"font-weight: 400;\">ponudi kartonskih kutija<\/span><\/a><span style=\"font-weight: 400;\"> tako\u0111e mo\u017eete na\u0107i i plasti\u010dne <\/span><a href=\"https:\/\/www.matchart.rs\/en\/product\/kutija-za-sendvic\/\"><span style=\"font-weight: 400;\">kutije za sendvi\u010de<\/span><\/a><span style=\"font-weight: 400;\">, <\/span><a href=\"https:\/\/www.matchart.rs\/en\/product\/kutija-za-pastu\/\"><span style=\"font-weight: 400;\">kutije za pastu<\/span><\/a><span style=\"font-weight: 400;\"> sa prakti\u010dnim poklopcem, <\/span><a href=\"https:\/\/www.matchart.rs\/en\/product\/kutija-za-susi\/\"><span style=\"font-weight: 400;\">kutije za su\u0161i<\/span><\/a><span style=\"font-weight: 400;\"> namenjene urednom pakovanju, i druge sli\u010dne proizvode.<\/span><\/p>","protected":false},"excerpt":{"rendered":"<p><span style=\"font-weight: 400;\">U urbanim sredinama salate su u poslednjih nekoliko godina postale nezaobilazan deo svakodnevne ishrane. U skladu s tim, prirodno dolazi potreba za ne\u010dim u \u010demu se ona mo\u017ee lako prenositi, kao \u0161to su na\u0161e <\/span><span style=\"font-weight: 400;\">kutije za salatu<\/span><span style=\"font-weight: 400;\">. Dizajnirane su za prakti\u010dnu upotrebu i o\u010duvanje sve\u017eine salata. Pozovite nas i unapredite va\u0161 brend ve\u0107 danas. Isporuku ambala\u017ee vr\u0161imo \u0161irom <\/span><span style=\"font-weight: 400;\">Srbije<\/span><span style=\"font-weight: 400;\">, dok je dostava za porud\u017ebine na teritoriji <\/span><span style=\"font-weight: 400;\">Beograda<\/span><span style=\"font-weight: 400;\"> u vrednosti preko 3000 dinara u potpunosti besplatna.<\/span><\/p>","protected":false},"featured_media":826,"template":"","meta":{"_acf_changed":false},"product_brand":[],"product_cat":[158,64,20],"product_tag":[],"class_list":{"0":"post-727","1":"product","2":"type-product","3":"status-publish","4":"has-post-thumbnail","6":"product_cat-kutija-za-salatu","7":"product_cat-kutije-za-poneti","8":"product_cat-svi-proizvodi","10":"first","11":"instock","12":"shipping-taxable","13":"purchasable","14":"product-type-simple"},"acf":[],"yoast_head":"<!-- This site is optimized with the Yoast SEO plugin v26.6 - https:\/\/yoast.com\/wordpress\/plugins\/seo\/ -->\n<title>Biorazgradive Kutije za Salatu u Beogradu, Srbiji i Regionu<\/title>\n<meta name=\"description\" content=\"Personalizovane kutije za salatu dostupne na teritoriji Srbije i okoline. Kvalitetan materijal i brza dostava. Pozovite +381(0)69 266 11 20!\" \/>\n<meta name=\"robots\" content=\"index, follow, max-snippet:-1, max-image-preview:large, max-video-preview:-1\" \/>\n<link rel=\"canonical\" href=\"https:\/\/www.matchart.rs\/en\/product\/kutija-za-salatu\/\" \/>\n<meta property=\"og:locale\" content=\"en_GB\" \/>\n<meta property=\"og:type\" content=\"article\" \/>\n<meta property=\"og:title\" content=\"Biorazgradive Kutije za Salatu u Beogradu, Srbiji i Regionu\" \/>\n<meta property=\"og:description\" content=\"Personalizovane kutije za salatu dostupne na teritoriji Srbije i okoline. Kvalitetan materijal i brza dostava. Pozovite +381(0)69 266 11 20!\" \/>\n<meta property=\"og:url\" content=\"https:\/\/www.matchart.rs\/en\/product\/kutija-za-salatu\/\" \/>\n<meta property=\"og:site_name\" content=\"Match &amp; Art\" \/>\n<meta property=\"article:modified_time\" content=\"2026-03-27T08:54:19+00:00\" \/>\n<meta property=\"og:image\" content=\"https:\/\/www.matchart.rs\/wp-content\/uploads\/2025\/10\/dzo-347.webp\" \/>\n\t<meta property=\"og:image:width\" content=\"1623\" \/>\n\t<meta property=\"og:image:height\" content=\"1080\" \/>\n\t<meta property=\"og:image:type\" content=\"image\/webp\" \/>\n<meta name=\"twitter:card\" content=\"summary_large_image\" \/>\n<meta name=\"twitter:label1\" content=\"Estimated reading time\" \/>\n\t<meta name=\"twitter:data1\" content=\"2 minutes\" \/>\n<script type=\"application\/ld+json\" class=\"yoast-schema-graph\">{\"@context\":\"https:\/\/schema.org\",\"@graph\":[{\"@type\":\"WebPage\",\"@id\":\"https:\/\/www.matchart.rs\/product\/kutija-za-salatu\/\",\"url\":\"https:\/\/www.matchart.rs\/product\/kutija-za-salatu\/\",\"name\":\"Biorazgradive Kutije za Salatu u Beogradu, Srbiji i Regionu\",\"isPartOf\":{\"@id\":\"https:\/\/www.matchart.rs\/#website\"},\"primaryImageOfPage\":{\"@id\":\"https:\/\/www.matchart.rs\/product\/kutija-za-salatu\/#primaryimage\"},\"image\":{\"@id\":\"https:\/\/www.matchart.rs\/product\/kutija-za-salatu\/#primaryimage\"},\"thumbnailUrl\":\"https:\/\/www.matchart.rs\/wp-content\/uploads\/2025\/10\/dzo-347.webp\",\"datePublished\":\"2025-10-29T09:19:33+00:00\",\"dateModified\":\"2026-03-27T08:54:19+00:00\",\"description\":\"Personalizovane kutije za salatu dostupne na teritoriji Srbije i okoline. Kvalitetan materijal i brza dostava. Pozovite +381(0)69 266 11 20!\",\"breadcrumb\":{\"@id\":\"https:\/\/www.matchart.rs\/product\/kutija-za-salatu\/#breadcrumb\"},\"inLanguage\":\"en-GB\",\"potentialAction\":[{\"@type\":\"ReadAction\",\"target\":[\"https:\/\/www.matchart.rs\/product\/kutija-za-salatu\/\"]}]},{\"@type\":\"ImageObject\",\"inLanguage\":\"en-GB\",\"@id\":\"https:\/\/www.matchart.rs\/product\/kutija-za-salatu\/#primaryimage\",\"url\":\"https:\/\/www.matchart.rs\/wp-content\/uploads\/2025\/10\/dzo-347.webp\",\"contentUrl\":\"https:\/\/www.matchart.rs\/wp-content\/uploads\/2025\/10\/dzo-347.webp\",\"width\":1623,\"height\":1080,\"caption\":\"Prakti\u010dne kutije za salatu u Srbiji i regionu\"},{\"@type\":\"BreadcrumbList\",\"@id\":\"https:\/\/www.matchart.rs\/product\/kutija-za-salatu\/#breadcrumb\",\"itemListElement\":[{\"@type\":\"ListItem\",\"position\":1,\"name\":\"Home\",\"item\":\"https:\/\/www.matchart.rs\/\"},{\"@type\":\"ListItem\",\"position\":2,\"name\":\"Shop\",\"item\":\"https:\/\/www.matchart.rs\/?page_id=270\"},{\"@type\":\"ListItem\",\"position\":3,\"name\":\"Kutije za Salatu\"}]},{\"@type\":\"WebSite\",\"@id\":\"https:\/\/www.matchart.rs\/#website\",\"url\":\"https:\/\/www.matchart.rs\/\",\"name\":\"Match &amp; Art\",\"description\":\"\",\"publisher\":{\"@id\":\"https:\/\/www.matchart.rs\/#organization\"},\"potentialAction\":[{\"@type\":\"SearchAction\",\"target\":{\"@type\":\"EntryPoint\",\"urlTemplate\":\"https:\/\/www.matchart.rs\/?s={search_term_string}\"},\"query-input\":{\"@type\":\"PropertyValueSpecification\",\"valueRequired\":true,\"valueName\":\"search_term_string\"}}],\"inLanguage\":\"en-GB\"},{\"@type\":\"Organization\",\"@id\":\"https:\/\/www.matchart.rs\/#organization\",\"name\":\"Match &amp; Art\",\"url\":\"https:\/\/www.matchart.rs\/\",\"logo\":{\"@type\":\"ImageObject\",\"inLanguage\":\"en-GB\",\"@id\":\"https:\/\/www.matchart.rs\/#\/schema\/logo\/image\/\",\"url\":\"https:\/\/www.matchart.rs\/wp-content\/uploads\/2025\/10\/MatchAndArt-logo.png\",\"contentUrl\":\"https:\/\/www.matchart.rs\/wp-content\/uploads\/2025\/10\/MatchAndArt-logo.png\",\"width\":110,\"height\":96,\"caption\":\"Match &amp; Art\"},\"image\":{\"@id\":\"https:\/\/www.matchart.rs\/#\/schema\/logo\/image\/\"}}]}<\/script>\n<!-- \/ Yoast SEO plugin. -->","yoast_head_json":{"title":"Biorazgradive Kutije za Salatu u Beogradu, Srbiji i Regionu","description":"Personalizovane kutije za salatu dostupne na teritoriji Srbije i okoline. Kvalitetan materijal i brza dostava. Pozovite +381(0)69 266 11 20!","robots":{"index":"index","follow":"follow","max-snippet":"max-snippet:-1","max-image-preview":"max-image-preview:large","max-video-preview":"max-video-preview:-1"},"canonical":"https:\/\/www.matchart.rs\/en\/product\/kutija-za-salatu\/","og_locale":"en_GB","og_type":"article","og_title":"Biorazgradive Kutije za Salatu u Beogradu, Srbiji i Regionu","og_description":"Personalizovane kutije za salatu dostupne na teritoriji Srbije i okoline. Kvalitetan materijal i brza dostava. Pozovite +381(0)69 266 11 20!","og_url":"https:\/\/www.matchart.rs\/en\/product\/kutija-za-salatu\/","og_site_name":"Match &amp; Art","article_modified_time":"2026-03-27T08:54:19+00:00","og_image":[{"width":1623,"height":1080,"url":"https:\/\/www.matchart.rs\/wp-content\/uploads\/2025\/10\/dzo-347.webp","type":"image\/webp"}],"twitter_card":"summary_large_image","twitter_misc":{"Estimated reading time":"2 minutes"},"schema":{"@context":"https:\/\/schema.org","@graph":[{"@type":"WebPage","@id":"https:\/\/www.matchart.rs\/product\/kutija-za-salatu\/","url":"https:\/\/www.matchart.rs\/product\/kutija-za-salatu\/","name":"Biorazgradive Kutije za Salatu u Beogradu, Srbiji i Regionu","isPartOf":{"@id":"https:\/\/www.matchart.rs\/#website"},"primaryImageOfPage":{"@id":"https:\/\/www.matchart.rs\/product\/kutija-za-salatu\/#primaryimage"},"image":{"@id":"https:\/\/www.matchart.rs\/product\/kutija-za-salatu\/#primaryimage"},"thumbnailUrl":"https:\/\/www.matchart.rs\/wp-content\/uploads\/2025\/10\/dzo-347.webp","datePublished":"2025-10-29T09:19:33+00:00","dateModified":"2026-03-27T08:54:19+00:00","description":"Personalizovane kutije za salatu dostupne na teritoriji Srbije i okoline. Kvalitetan materijal i brza dostava. Pozovite +381(0)69 266 11 20!","breadcrumb":{"@id":"https:\/\/www.matchart.rs\/product\/kutija-za-salatu\/#breadcrumb"},"inLanguage":"en-GB","potentialAction":[{"@type":"ReadAction","target":["https:\/\/www.matchart.rs\/product\/kutija-za-salatu\/"]}]},{"@type":"ImageObject","inLanguage":"en-GB","@id":"https:\/\/www.matchart.rs\/product\/kutija-za-salatu\/#primaryimage","url":"https:\/\/www.matchart.rs\/wp-content\/uploads\/2025\/10\/dzo-347.webp","contentUrl":"https:\/\/www.matchart.rs\/wp-content\/uploads\/2025\/10\/dzo-347.webp","width":1623,"height":1080,"caption":"Prakti\u010dne kutije za salatu u Srbiji i regionu"},{"@type":"BreadcrumbList","@id":"https:\/\/www.matchart.rs\/product\/kutija-za-salatu\/#breadcrumb","itemListElement":[{"@type":"ListItem","position":1,"name":"Home","item":"https:\/\/www.matchart.rs\/"},{"@type":"ListItem","position":2,"name":"Shop","item":"https:\/\/www.matchart.rs\/?page_id=270"},{"@type":"ListItem","position":3,"name":"Kutije za Salatu"}]},{"@type":"WebSite","@id":"https:\/\/www.matchart.rs\/#website","url":"https:\/\/www.matchart.rs\/","name":"Match &amp; Art","description":"","publisher":{"@id":"https:\/\/www.matchart.rs\/#organization"},"potentialAction":[{"@type":"SearchAction","target":{"@type":"EntryPoint","urlTemplate":"https:\/\/www.matchart.rs\/?s={search_term_string}"},"query-input":{"@type":"PropertyValueSpecification","valueRequired":true,"valueName":"search_term_string"}}],"inLanguage":"en-GB"},{"@type":"Organization","@id":"https:\/\/www.matchart.rs\/#organization","name":"Match &amp; Art","url":"https:\/\/www.matchart.rs\/","logo":{"@type":"ImageObject","inLanguage":"en-GB","@id":"https:\/\/www.matchart.rs\/#\/schema\/logo\/image\/","url":"https:\/\/www.matchart.rs\/wp-content\/uploads\/2025\/10\/MatchAndArt-logo.png","contentUrl":"https:\/\/www.matchart.rs\/wp-content\/uploads\/2025\/10\/MatchAndArt-logo.png","width":110,"height":96,"caption":"Match &amp; Art"},"image":{"@id":"https:\/\/www.matchart.rs\/#\/schema\/logo\/image\/"}}]}},"_links":{"self":[{"href":"https:\/\/www.matchart.rs\/en\/wp-json\/wp\/v2\/product\/727","targetHints":{"allow":["GET"]}}],"collection":[{"href":"https:\/\/www.matchart.rs\/en\/wp-json\/wp\/v2\/product"}],"about":[{"href":"https:\/\/www.matchart.rs\/en\/wp-json\/wp\/v2\/types\/product"}],"wp:featuredmedia":[{"embeddable":true,"href":"https:\/\/www.matchart.rs\/en\/wp-json\/wp\/v2\/media\/826"}],"wp:attachment":[{"href":"https:\/\/www.matchart.rs\/en\/wp-json\/wp\/v2\/media?parent=727"}],"wp:term":[{"taxonomy":"product_brand","embeddable":true,"href":"https:\/\/www.matchart.rs\/en\/wp-json\/wp\/v2\/product_brand?post=727"},{"taxonomy":"product_cat","embeddable":true,"href":"https:\/\/www.matchart.rs\/en\/wp-json\/wp\/v2\/product_cat?post=727"},{"taxonomy":"product_tag","embeddable":true,"href":"https:\/\/www.matchart.rs\/en\/wp-json\/wp\/v2\/product_tag?post=727"}],"curies":[{"name":"wp","href":"https:\/\/api.w.org\/{rel}","templated":true}]}}