{"id":725,"date":"2025-10-29T09:19:06","date_gmt":"2025-10-29T09:19:06","guid":{"rendered":"http:matchart.rs\/?post_type=product&#038;p=725"},"modified":"2026-03-27T08:54:48","modified_gmt":"2026-03-27T08:54:48","slug":"kutija-za-sendvic","status":"publish","type":"product","link":"https:\/\/www.matchart.rs\/en\/product\/kutija-za-sendvic\/","title":{"rendered":"Sandwich boxes"},"content":{"rendered":"<p><span style=\"font-weight: 400;\">U svakodnevnom radu ambala\u017ea mora da prati tempo. Na\u0161e <\/span><span style=\"font-weight: 400;\">kutije za sendvi\u010de<\/span><span style=\"font-weight: 400;\"> osmi\u0161ljene su upravo za takve situacije. Oblik pakovanja poma\u017ee da hrana zadr\u017ei strukturu, dok materijal spre\u010dava da se sastojci razlivaju ili gube sve\u017einu.<\/span><\/p>\n<p><span style=\"font-weight: 400;\">Plasti\u010dne kutije za sendvi\u010de<\/span><span style=\"font-weight: 400;\"> posebno su prakti\u010dne za lokale sa velikim prometom jer su lagane, stabilne i jednostavne za slaganje i skladi\u0161tenje. To zna\u010di manje zastoja u radu i vi\u0161e fokusa na samu pripremu hrane. U gradovima poput <\/span><span style=\"font-weight: 400;\">Beograda,<\/span><span style=\"font-weight: 400;\"> gde je hrana za poneti deo svakodnevice, ovakva ambala\u017ea doprinosi organizovanijem radu lokala i boljem iskustvu kupaca.<\/span><\/p>\n<h2><span style=\"font-weight: 400;\">Quality and production<\/span><\/h2>\n<p><span style=\"font-weight: 400;\">Svaka <\/span><span style=\"font-weight: 400;\">kutija za sendvi\u010de<\/span><span style=\"font-weight: 400;\"> izra\u0111ena je od materijala predvi\u0111enih za direktan kontakt sa hranom, sa posebnim naglaskom na \u010dvrstinu, stabilnost i pouzdanost. Proces proizvodnje fokusiran je na dosledan kvalitet kako bi svaka isporu\u010dena serija odgovarala istim standardima. Takav pristup omogu\u0107ava lokalima \u0161irom <\/span><span style=\"font-weight: 400;\">Beograda i Srbije<\/span><span style=\"font-weight: 400;\"> da se oslone na ambala\u017eu koja funkcioni\u0161e bez dodatnih prilago\u0111avanja i kompromisa u radu.<\/span><\/p>\n<p><span style=\"font-weight: 400;\">Pored <\/span><span style=\"font-weight: 400;\">kutija za sendvi\u010de,<\/span><span style=\"font-weight: 400;\"> u na\u0161oj <\/span><a href=\"https:\/\/www.matchart.rs\/en\/product-category\/kutije-za-poneti\/\"><span style=\"font-weight: 400;\">ponudi<\/span><\/a><span style=\"font-weight: 400;\"> mo\u017eete prona\u0107i i <\/span><a href=\"https:\/\/www.matchart.rs\/en\/product\/kutija-za-pastu\/\"><span style=\"font-weight: 400;\">ambala\u017eu za pastu<\/span><\/a><span style=\"font-weight: 400;\"> sa stabilnim zatvaranjem, <\/span><a href=\"https:\/\/www.matchart.rs\/en\/product\/kutija-za-susi\/\"><span style=\"font-weight: 400;\">kutije za su\u0161i<\/span><\/a><span style=\"font-weight: 400;\"> namenjene urednom pakovanju, <\/span><a href=\"https:\/\/www.matchart.rs\/en\/product\/kutija-za-pomfrit\/\"><span style=\"font-weight: 400;\">kutije za pomfrit<\/span><\/a><span style=\"font-weight: 400;\"> prilago\u0111ene brzom poslu\u017eivanju, kao i druge sli\u010dne proizvode.<\/span><\/p>","protected":false},"excerpt":{"rendered":"<p><span style=\"font-weight: 400;\">Ove kvalitetno izra\u0111ene <\/span><span style=\"font-weight: 400;\">plasti\u010dne kutije za sendvi\u010de<\/span><span style=\"font-weight: 400;\"> su namenjene lokalima i restoranima \u0161irom <\/span><span style=\"font-weight: 400;\">Beograda i Srbije<\/span><span style=\"font-weight: 400;\"> koji \u017eele jednostavno, uredno i pouzdano pakovanje hrane za poneti. Dostava ambala\u017ee na teritoriji Beograda je besplatna za sve porud\u017ebine preko 3000. Posetite na\u0161 sajt danas i ostvarite ni\u017ee cene na sve poru\u010dene proizvode!<\/span><\/p>","protected":false},"featured_media":822,"template":"","meta":{"_acf_changed":false},"product_brand":[],"product_cat":[157,64,20],"product_tag":[],"class_list":{"0":"post-725","1":"product","2":"type-product","3":"status-publish","4":"has-post-thumbnail","6":"product_cat-kutija-za-sendvic","7":"product_cat-kutije-za-poneti","8":"product_cat-svi-proizvodi","10":"first","11":"instock","12":"shipping-taxable","13":"purchasable","14":"product-type-simple"},"acf":[],"yoast_head":"<!-- This site is optimized with the Yoast SEO plugin v26.6 - https:\/\/yoast.com\/wordpress\/plugins\/seo\/ -->\n<title>Kvalitetne Kutije za Sendvi\u010de u Beogradu, Srbiji i Regionu<\/title>\n<meta name=\"description\" content=\"Prakti\u010dne i brendirane kutije za sendvi\u010de u Srbiji i \u0161irom regiona. Niz modela i mogu\u0107nost personalizacije. Pozovite +381(0)69 266 11 20!\" \/>\n<meta name=\"robots\" content=\"index, follow, max-snippet:-1, max-image-preview:large, max-video-preview:-1\" \/>\n<link rel=\"canonical\" href=\"https:\/\/www.matchart.rs\/en\/product\/kutija-za-sendvic\/\" \/>\n<meta property=\"og:locale\" content=\"en_GB\" \/>\n<meta property=\"og:type\" content=\"article\" \/>\n<meta property=\"og:title\" content=\"Kvalitetne Kutije za Sendvi\u010de u Beogradu, Srbiji i Regionu\" \/>\n<meta property=\"og:description\" content=\"Prakti\u010dne i brendirane kutije za sendvi\u010de u Srbiji i \u0161irom regiona. Niz modela i mogu\u0107nost personalizacije. Pozovite +381(0)69 266 11 20!\" \/>\n<meta property=\"og:url\" content=\"https:\/\/www.matchart.rs\/en\/product\/kutija-za-sendvic\/\" \/>\n<meta property=\"og:site_name\" content=\"Match &amp; Art\" \/>\n<meta property=\"article:modified_time\" content=\"2026-03-27T08:54:48+00:00\" \/>\n<meta property=\"og:image\" content=\"https:\/\/www.matchart.rs\/wp-content\/uploads\/2025\/10\/DZO_0202-scaled-1.jpg\" \/>\n\t<meta property=\"og:image:width\" content=\"2560\" \/>\n\t<meta property=\"og:image:height\" content=\"1701\" \/>\n\t<meta property=\"og:image:type\" content=\"image\/jpeg\" \/>\n<meta name=\"twitter:card\" content=\"summary_large_image\" \/>\n<meta name=\"twitter:label1\" content=\"Estimated reading time\" \/>\n\t<meta name=\"twitter:data1\" content=\"2 minutes\" \/>\n<script type=\"application\/ld+json\" class=\"yoast-schema-graph\">{\"@context\":\"https:\/\/schema.org\",\"@graph\":[{\"@type\":\"WebPage\",\"@id\":\"https:\/\/www.matchart.rs\/product\/kutija-za-sendvic\/\",\"url\":\"https:\/\/www.matchart.rs\/product\/kutija-za-sendvic\/\",\"name\":\"Kvalitetne Kutije za Sendvi\u010de u Beogradu, Srbiji i Regionu\",\"isPartOf\":{\"@id\":\"https:\/\/www.matchart.rs\/#website\"},\"primaryImageOfPage\":{\"@id\":\"https:\/\/www.matchart.rs\/product\/kutija-za-sendvic\/#primaryimage\"},\"image\":{\"@id\":\"https:\/\/www.matchart.rs\/product\/kutija-za-sendvic\/#primaryimage\"},\"thumbnailUrl\":\"https:\/\/www.matchart.rs\/wp-content\/uploads\/2025\/10\/DZO_0202-scaled-1.jpg\",\"datePublished\":\"2025-10-29T09:19:06+00:00\",\"dateModified\":\"2026-03-27T08:54:48+00:00\",\"description\":\"Prakti\u010dne i brendirane kutije za sendvi\u010de u Srbiji i \u0161irom regiona. Niz modela i mogu\u0107nost personalizacije. Pozovite +381(0)69 266 11 20!\",\"breadcrumb\":{\"@id\":\"https:\/\/www.matchart.rs\/product\/kutija-za-sendvic\/#breadcrumb\"},\"inLanguage\":\"en-GB\",\"potentialAction\":[{\"@type\":\"ReadAction\",\"target\":[\"https:\/\/www.matchart.rs\/product\/kutija-za-sendvic\/\"]}]},{\"@type\":\"ImageObject\",\"inLanguage\":\"en-GB\",\"@id\":\"https:\/\/www.matchart.rs\/product\/kutija-za-sendvic\/#primaryimage\",\"url\":\"https:\/\/www.matchart.rs\/wp-content\/uploads\/2025\/10\/DZO_0202-scaled-1.jpg\",\"contentUrl\":\"https:\/\/www.matchart.rs\/wp-content\/uploads\/2025\/10\/DZO_0202-scaled-1.jpg\",\"width\":2560,\"height\":1701,\"caption\":\"Brendirane kutije za sendvi\u010de u Srbiji i regionu\"},{\"@type\":\"BreadcrumbList\",\"@id\":\"https:\/\/www.matchart.rs\/product\/kutija-za-sendvic\/#breadcrumb\",\"itemListElement\":[{\"@type\":\"ListItem\",\"position\":1,\"name\":\"Home\",\"item\":\"https:\/\/www.matchart.rs\/\"},{\"@type\":\"ListItem\",\"position\":2,\"name\":\"Shop\",\"item\":\"https:\/\/www.matchart.rs\/?page_id=270\"},{\"@type\":\"ListItem\",\"position\":3,\"name\":\"Kutije za Sendvi\u010de\"}]},{\"@type\":\"WebSite\",\"@id\":\"https:\/\/www.matchart.rs\/#website\",\"url\":\"https:\/\/www.matchart.rs\/\",\"name\":\"Match &amp; Art\",\"description\":\"\",\"publisher\":{\"@id\":\"https:\/\/www.matchart.rs\/#organization\"},\"potentialAction\":[{\"@type\":\"SearchAction\",\"target\":{\"@type\":\"EntryPoint\",\"urlTemplate\":\"https:\/\/www.matchart.rs\/?s={search_term_string}\"},\"query-input\":{\"@type\":\"PropertyValueSpecification\",\"valueRequired\":true,\"valueName\":\"search_term_string\"}}],\"inLanguage\":\"en-GB\"},{\"@type\":\"Organization\",\"@id\":\"https:\/\/www.matchart.rs\/#organization\",\"name\":\"Match &amp; Art\",\"url\":\"https:\/\/www.matchart.rs\/\",\"logo\":{\"@type\":\"ImageObject\",\"inLanguage\":\"en-GB\",\"@id\":\"https:\/\/www.matchart.rs\/#\/schema\/logo\/image\/\",\"url\":\"https:\/\/www.matchart.rs\/wp-content\/uploads\/2025\/10\/MatchAndArt-logo.png\",\"contentUrl\":\"https:\/\/www.matchart.rs\/wp-content\/uploads\/2025\/10\/MatchAndArt-logo.png\",\"width\":110,\"height\":96,\"caption\":\"Match &amp; Art\"},\"image\":{\"@id\":\"https:\/\/www.matchart.rs\/#\/schema\/logo\/image\/\"}}]}<\/script>\n<!-- \/ Yoast SEO plugin. -->","yoast_head_json":{"title":"Kvalitetne Kutije za Sendvi\u010de u Beogradu, Srbiji i Regionu","description":"Prakti\u010dne i brendirane kutije za sendvi\u010de u Srbiji i \u0161irom regiona. Niz modela i mogu\u0107nost personalizacije. Pozovite +381(0)69 266 11 20!","robots":{"index":"index","follow":"follow","max-snippet":"max-snippet:-1","max-image-preview":"max-image-preview:large","max-video-preview":"max-video-preview:-1"},"canonical":"https:\/\/www.matchart.rs\/en\/product\/kutija-za-sendvic\/","og_locale":"en_GB","og_type":"article","og_title":"Kvalitetne Kutije za Sendvi\u010de u Beogradu, Srbiji i Regionu","og_description":"Prakti\u010dne i brendirane kutije za sendvi\u010de u Srbiji i \u0161irom regiona. Niz modela i mogu\u0107nost personalizacije. Pozovite +381(0)69 266 11 20!","og_url":"https:\/\/www.matchart.rs\/en\/product\/kutija-za-sendvic\/","og_site_name":"Match &amp; Art","article_modified_time":"2026-03-27T08:54:48+00:00","og_image":[{"width":2560,"height":1701,"url":"https:\/\/www.matchart.rs\/wp-content\/uploads\/2025\/10\/DZO_0202-scaled-1.jpg","type":"image\/jpeg"}],"twitter_card":"summary_large_image","twitter_misc":{"Estimated reading time":"2 minutes"},"schema":{"@context":"https:\/\/schema.org","@graph":[{"@type":"WebPage","@id":"https:\/\/www.matchart.rs\/product\/kutija-za-sendvic\/","url":"https:\/\/www.matchart.rs\/product\/kutija-za-sendvic\/","name":"Kvalitetne Kutije za Sendvi\u010de u Beogradu, Srbiji i Regionu","isPartOf":{"@id":"https:\/\/www.matchart.rs\/#website"},"primaryImageOfPage":{"@id":"https:\/\/www.matchart.rs\/product\/kutija-za-sendvic\/#primaryimage"},"image":{"@id":"https:\/\/www.matchart.rs\/product\/kutija-za-sendvic\/#primaryimage"},"thumbnailUrl":"https:\/\/www.matchart.rs\/wp-content\/uploads\/2025\/10\/DZO_0202-scaled-1.jpg","datePublished":"2025-10-29T09:19:06+00:00","dateModified":"2026-03-27T08:54:48+00:00","description":"Prakti\u010dne i brendirane kutije za sendvi\u010de u Srbiji i \u0161irom regiona. Niz modela i mogu\u0107nost personalizacije. Pozovite +381(0)69 266 11 20!","breadcrumb":{"@id":"https:\/\/www.matchart.rs\/product\/kutija-za-sendvic\/#breadcrumb"},"inLanguage":"en-GB","potentialAction":[{"@type":"ReadAction","target":["https:\/\/www.matchart.rs\/product\/kutija-za-sendvic\/"]}]},{"@type":"ImageObject","inLanguage":"en-GB","@id":"https:\/\/www.matchart.rs\/product\/kutija-za-sendvic\/#primaryimage","url":"https:\/\/www.matchart.rs\/wp-content\/uploads\/2025\/10\/DZO_0202-scaled-1.jpg","contentUrl":"https:\/\/www.matchart.rs\/wp-content\/uploads\/2025\/10\/DZO_0202-scaled-1.jpg","width":2560,"height":1701,"caption":"Brendirane kutije za sendvi\u010de u Srbiji i regionu"},{"@type":"BreadcrumbList","@id":"https:\/\/www.matchart.rs\/product\/kutija-za-sendvic\/#breadcrumb","itemListElement":[{"@type":"ListItem","position":1,"name":"Home","item":"https:\/\/www.matchart.rs\/"},{"@type":"ListItem","position":2,"name":"Shop","item":"https:\/\/www.matchart.rs\/?page_id=270"},{"@type":"ListItem","position":3,"name":"Kutije za Sendvi\u010de"}]},{"@type":"WebSite","@id":"https:\/\/www.matchart.rs\/#website","url":"https:\/\/www.matchart.rs\/","name":"Match &amp; Art","description":"","publisher":{"@id":"https:\/\/www.matchart.rs\/#organization"},"potentialAction":[{"@type":"SearchAction","target":{"@type":"EntryPoint","urlTemplate":"https:\/\/www.matchart.rs\/?s={search_term_string}"},"query-input":{"@type":"PropertyValueSpecification","valueRequired":true,"valueName":"search_term_string"}}],"inLanguage":"en-GB"},{"@type":"Organization","@id":"https:\/\/www.matchart.rs\/#organization","name":"Match &amp; Art","url":"https:\/\/www.matchart.rs\/","logo":{"@type":"ImageObject","inLanguage":"en-GB","@id":"https:\/\/www.matchart.rs\/#\/schema\/logo\/image\/","url":"https:\/\/www.matchart.rs\/wp-content\/uploads\/2025\/10\/MatchAndArt-logo.png","contentUrl":"https:\/\/www.matchart.rs\/wp-content\/uploads\/2025\/10\/MatchAndArt-logo.png","width":110,"height":96,"caption":"Match &amp; Art"},"image":{"@id":"https:\/\/www.matchart.rs\/#\/schema\/logo\/image\/"}}]}},"_links":{"self":[{"href":"https:\/\/www.matchart.rs\/en\/wp-json\/wp\/v2\/product\/725","targetHints":{"allow":["GET"]}}],"collection":[{"href":"https:\/\/www.matchart.rs\/en\/wp-json\/wp\/v2\/product"}],"about":[{"href":"https:\/\/www.matchart.rs\/en\/wp-json\/wp\/v2\/types\/product"}],"wp:featuredmedia":[{"embeddable":true,"href":"https:\/\/www.matchart.rs\/en\/wp-json\/wp\/v2\/media\/822"}],"wp:attachment":[{"href":"https:\/\/www.matchart.rs\/en\/wp-json\/wp\/v2\/media?parent=725"}],"wp:term":[{"taxonomy":"product_brand","embeddable":true,"href":"https:\/\/www.matchart.rs\/en\/wp-json\/wp\/v2\/product_brand?post=725"},{"taxonomy":"product_cat","embeddable":true,"href":"https:\/\/www.matchart.rs\/en\/wp-json\/wp\/v2\/product_cat?post=725"},{"taxonomy":"product_tag","embeddable":true,"href":"https:\/\/www.matchart.rs\/en\/wp-json\/wp\/v2\/product_tag?post=725"}],"curies":[{"name":"wp","href":"https:\/\/api.w.org\/{rel}","templated":true}]}}