{"id":716,"date":"2025-10-29T09:17:35","date_gmt":"2025-10-29T09:17:35","guid":{"rendered":"http:matchart.rs\/?post_type=product&#038;p=716"},"modified":"2026-03-27T10:12:29","modified_gmt":"2026-03-27T10:12:29","slug":"kutija-za-susi","status":"publish","type":"product","link":"https:\/\/www.matchart.rs\/en\/product\/kutija-za-susi\/","title":{"rendered":"Sushi boxes"},"content":{"rendered":"<p>Svaka kutija za sushi izra\u0111ena je od \u010dvrstog kartona otpornog na vlagu i truckanje. Posebno oblikovana unutra\u0161njost spre\u010dava pomeranje rolni, dok precizno uklopljen poklopac osigurava stabilnost pri no\u0161enju. Materijali su prilago\u0111eni svakodnevnoj upotrebi u ugostiteljstvu.<\/p>\n<p>Na\u0161e kutije dostupne su u razli\u010ditim dimenzijama \u2013 od kompaktnih pakovanja za pojedina\u010dne porcije, do ve\u0107ih setova. Restorani u prometnim delovima Beograda, poput zone oko <a href=\"https:\/\/en.wikipedia.org\/wiki\/Kalemegdan_Park\">Kalemegdana<\/a> ili <a href=\"https:\/\/sr.wikipedia.org\/wiki\/%D0%A5%D1%80%D0%B0%D0%BC_%D0%A1%D0%B2%D0%B5%D1%82%D0%BE%D0%B3_%D0%A1%D0%B0%D0%B2%D0%B5_%D1%83_%D0%91%D0%B5%D0%BE%D0%B3%D1%80%D0%B0%D0%B4%D1%83\">Church of Saint Sava<\/a> &#8211; kao i \u0161irom Srbije i okoline &#8211; biraju ovu vrstu ambala\u017ee zbog pouzdanosti i estetskog izgleda. U ponudi su i mnoge <a href=\"https:\/\/www.matchart.rs\/en\/product-category\/kutije-za-poneti\/\">druge kutije za poneti<\/a> koje omogu\u0107avaju dosledan vizuelni identitet celokupnog asortimana.<\/p>\n<h2>Kvalitet i proizvodnja<\/h2>\n<p>U procesu izrade naglasak je na preciznosti i dugotrajnoj stabilnosti. Svaka kutija za sushi prolazi kontrolu kvaliteta kako bi zadovoljila standarde profesionalne upotrebe. Kvalitetna izrada omogu\u0107ava sigurno slaganje u torbe za dostavu bez rizika od otvaranja ili deformacije.<\/p>\n<p>Organizovana logistika omogu\u0107ava brzu distribuciju \u0161irom Beograda, Srbije i regiona. Pored ove ambala\u017ee, dostupni su i prate\u0107i proizvodi kao \u0161to su <a href=\"https:\/\/www.matchart.rs\/en\/product\/kutija-za-pomfrit\/\">kutije za pomfrit<\/a>, <a href=\"https:\/\/www.matchart.rs\/en\/product\/casa-za-pomfrit\/\">\u010da\u0161e za pomfrit<\/a> i <a href=\"https:\/\/www.matchart.rs\/en\/product\/kutija-za-kolace\/\">kutije za kola\u010de<\/a>, \u0161to restoranima omogu\u0107ava kompletno re\u0161enje na jednom mestu.<\/p>","protected":false},"excerpt":{"rendered":"<p>U svetu azijske kuhinje prezentacija ima gotovo jednaku te\u017einu kao i ukus. Kvalitetna sushi kutija omogu\u0107ava da svaki komad ostane uredno slo\u017een, stabilan i vizuelno privla\u010dan tokom transporta. Bilo da je re\u010d o dostavi, keteringu ili li\u010dnom preuzimanju u restoranu, pravilno odabrana ambala\u017ea doprinosi profesionalnom utisku i boljem korisni\u010dkom iskustvu.<\/p>","protected":false},"featured_media":817,"template":"","meta":{"_acf_changed":false},"product_brand":[],"product_cat":[156,64,20],"product_tag":[],"class_list":{"0":"post-716","1":"product","2":"type-product","3":"status-publish","4":"has-post-thumbnail","6":"product_cat-kutija-za-susi","7":"product_cat-kutije-za-poneti","8":"product_cat-svi-proizvodi","10":"first","11":"instock","12":"shipping-taxable","13":"purchasable","14":"product-type-simple"},"acf":[],"yoast_head":"<!-- This site is optimized with the Yoast SEO plugin v26.6 - https:\/\/yoast.com\/wordpress\/plugins\/seo\/ -->\n<title>Brendirane Kutije Za Sushi u Srbiji i \u0160ire<\/title>\n<meta name=\"description\" content=\"Najpouzdanije sushi kutije u Srbiji i regionu. Kvalitetna izrada, lako no\u0161enje i sjajni rezultati. Pozovite +381(0)69 266 11 20!\" \/>\n<meta name=\"robots\" content=\"index, follow, max-snippet:-1, max-image-preview:large, max-video-preview:-1\" \/>\n<link rel=\"canonical\" href=\"https:\/\/www.matchart.rs\/en\/product\/kutija-za-susi\/\" \/>\n<meta property=\"og:locale\" content=\"en_GB\" \/>\n<meta property=\"og:type\" content=\"article\" \/>\n<meta property=\"og:title\" content=\"Brendirane Kutije Za Sushi u Srbiji i \u0160ire\" \/>\n<meta property=\"og:description\" content=\"Najpouzdanije sushi kutije u Srbiji i regionu. Kvalitetna izrada, lako no\u0161enje i sjajni rezultati. Pozovite +381(0)69 266 11 20!\" \/>\n<meta property=\"og:url\" content=\"https:\/\/www.matchart.rs\/en\/product\/kutija-za-susi\/\" \/>\n<meta property=\"og:site_name\" content=\"Match &amp; Art\" \/>\n<meta property=\"article:modified_time\" content=\"2026-03-27T10:12:29+00:00\" \/>\n<meta property=\"og:image\" content=\"https:\/\/www.matchart.rs\/wp-content\/uploads\/2025\/10\/DZO_0207-scaled-1.jpg\" \/>\n\t<meta property=\"og:image:width\" content=\"2560\" \/>\n\t<meta property=\"og:image:height\" content=\"1701\" \/>\n\t<meta property=\"og:image:type\" content=\"image\/jpeg\" \/>\n<meta name=\"twitter:card\" content=\"summary_large_image\" \/>\n<meta name=\"twitter:label1\" content=\"Estimated reading time\" \/>\n\t<meta name=\"twitter:data1\" content=\"2 minutes\" \/>\n<script type=\"application\/ld+json\" class=\"yoast-schema-graph\">{\"@context\":\"https:\/\/schema.org\",\"@graph\":[{\"@type\":\"WebPage\",\"@id\":\"https:\/\/www.matchart.rs\/product\/kutija-za-susi\/\",\"url\":\"https:\/\/www.matchart.rs\/product\/kutija-za-susi\/\",\"name\":\"Brendirane Kutije Za Sushi u Srbiji i \u0160ire\",\"isPartOf\":{\"@id\":\"https:\/\/www.matchart.rs\/#website\"},\"primaryImageOfPage\":{\"@id\":\"https:\/\/www.matchart.rs\/product\/kutija-za-susi\/#primaryimage\"},\"image\":{\"@id\":\"https:\/\/www.matchart.rs\/product\/kutija-za-susi\/#primaryimage\"},\"thumbnailUrl\":\"https:\/\/www.matchart.rs\/wp-content\/uploads\/2025\/10\/DZO_0207-scaled-1.jpg\",\"datePublished\":\"2025-10-29T09:17:35+00:00\",\"dateModified\":\"2026-03-27T10:12:29+00:00\",\"description\":\"Najpouzdanije sushi kutije u Srbiji i regionu. Kvalitetna izrada, lako no\u0161enje i sjajni rezultati. Pozovite +381(0)69 266 11 20!\",\"breadcrumb\":{\"@id\":\"https:\/\/www.matchart.rs\/product\/kutija-za-susi\/#breadcrumb\"},\"inLanguage\":\"en-GB\",\"potentialAction\":[{\"@type\":\"ReadAction\",\"target\":[\"https:\/\/www.matchart.rs\/product\/kutija-za-susi\/\"]}]},{\"@type\":\"ImageObject\",\"inLanguage\":\"en-GB\",\"@id\":\"https:\/\/www.matchart.rs\/product\/kutija-za-susi\/#primaryimage\",\"url\":\"https:\/\/www.matchart.rs\/wp-content\/uploads\/2025\/10\/DZO_0207-scaled-1.jpg\",\"contentUrl\":\"https:\/\/www.matchart.rs\/wp-content\/uploads\/2025\/10\/DZO_0207-scaled-1.jpg\",\"width\":2560,\"height\":1701,\"caption\":\"kvalitetne sushi kutije u Srbiji i regionu\"},{\"@type\":\"BreadcrumbList\",\"@id\":\"https:\/\/www.matchart.rs\/product\/kutija-za-susi\/#breadcrumb\",\"itemListElement\":[{\"@type\":\"ListItem\",\"position\":1,\"name\":\"Home\",\"item\":\"https:\/\/www.matchart.rs\/\"},{\"@type\":\"ListItem\",\"position\":2,\"name\":\"Shop\",\"item\":\"https:\/\/www.matchart.rs\/?page_id=270\"},{\"@type\":\"ListItem\",\"position\":3,\"name\":\"Kutija za Su\u0161i\"}]},{\"@type\":\"WebSite\",\"@id\":\"https:\/\/www.matchart.rs\/#website\",\"url\":\"https:\/\/www.matchart.rs\/\",\"name\":\"Match &amp; Art\",\"description\":\"\",\"publisher\":{\"@id\":\"https:\/\/www.matchart.rs\/#organization\"},\"potentialAction\":[{\"@type\":\"SearchAction\",\"target\":{\"@type\":\"EntryPoint\",\"urlTemplate\":\"https:\/\/www.matchart.rs\/?s={search_term_string}\"},\"query-input\":{\"@type\":\"PropertyValueSpecification\",\"valueRequired\":true,\"valueName\":\"search_term_string\"}}],\"inLanguage\":\"en-GB\"},{\"@type\":\"Organization\",\"@id\":\"https:\/\/www.matchart.rs\/#organization\",\"name\":\"Match &amp; Art\",\"url\":\"https:\/\/www.matchart.rs\/\",\"logo\":{\"@type\":\"ImageObject\",\"inLanguage\":\"en-GB\",\"@id\":\"https:\/\/www.matchart.rs\/#\/schema\/logo\/image\/\",\"url\":\"https:\/\/www.matchart.rs\/wp-content\/uploads\/2025\/10\/MatchAndArt-logo.png\",\"contentUrl\":\"https:\/\/www.matchart.rs\/wp-content\/uploads\/2025\/10\/MatchAndArt-logo.png\",\"width\":110,\"height\":96,\"caption\":\"Match &amp; Art\"},\"image\":{\"@id\":\"https:\/\/www.matchart.rs\/#\/schema\/logo\/image\/\"}}]}<\/script>\n<!-- \/ Yoast SEO plugin. -->","yoast_head_json":{"title":"Brendirane Kutije Za Sushi u Srbiji i \u0160ire","description":"Najpouzdanije sushi kutije u Srbiji i regionu. Kvalitetna izrada, lako no\u0161enje i sjajni rezultati. Pozovite +381(0)69 266 11 20!","robots":{"index":"index","follow":"follow","max-snippet":"max-snippet:-1","max-image-preview":"max-image-preview:large","max-video-preview":"max-video-preview:-1"},"canonical":"https:\/\/www.matchart.rs\/en\/product\/kutija-za-susi\/","og_locale":"en_GB","og_type":"article","og_title":"Brendirane Kutije Za Sushi u Srbiji i \u0160ire","og_description":"Najpouzdanije sushi kutije u Srbiji i regionu. Kvalitetna izrada, lako no\u0161enje i sjajni rezultati. Pozovite +381(0)69 266 11 20!","og_url":"https:\/\/www.matchart.rs\/en\/product\/kutija-za-susi\/","og_site_name":"Match &amp; Art","article_modified_time":"2026-03-27T10:12:29+00:00","og_image":[{"width":2560,"height":1701,"url":"https:\/\/www.matchart.rs\/wp-content\/uploads\/2025\/10\/DZO_0207-scaled-1.jpg","type":"image\/jpeg"}],"twitter_card":"summary_large_image","twitter_misc":{"Estimated reading time":"2 minutes"},"schema":{"@context":"https:\/\/schema.org","@graph":[{"@type":"WebPage","@id":"https:\/\/www.matchart.rs\/product\/kutija-za-susi\/","url":"https:\/\/www.matchart.rs\/product\/kutija-za-susi\/","name":"Brendirane Kutije Za Sushi u Srbiji i \u0160ire","isPartOf":{"@id":"https:\/\/www.matchart.rs\/#website"},"primaryImageOfPage":{"@id":"https:\/\/www.matchart.rs\/product\/kutija-za-susi\/#primaryimage"},"image":{"@id":"https:\/\/www.matchart.rs\/product\/kutija-za-susi\/#primaryimage"},"thumbnailUrl":"https:\/\/www.matchart.rs\/wp-content\/uploads\/2025\/10\/DZO_0207-scaled-1.jpg","datePublished":"2025-10-29T09:17:35+00:00","dateModified":"2026-03-27T10:12:29+00:00","description":"Najpouzdanije sushi kutije u Srbiji i regionu. Kvalitetna izrada, lako no\u0161enje i sjajni rezultati. Pozovite +381(0)69 266 11 20!","breadcrumb":{"@id":"https:\/\/www.matchart.rs\/product\/kutija-za-susi\/#breadcrumb"},"inLanguage":"en-GB","potentialAction":[{"@type":"ReadAction","target":["https:\/\/www.matchart.rs\/product\/kutija-za-susi\/"]}]},{"@type":"ImageObject","inLanguage":"en-GB","@id":"https:\/\/www.matchart.rs\/product\/kutija-za-susi\/#primaryimage","url":"https:\/\/www.matchart.rs\/wp-content\/uploads\/2025\/10\/DZO_0207-scaled-1.jpg","contentUrl":"https:\/\/www.matchart.rs\/wp-content\/uploads\/2025\/10\/DZO_0207-scaled-1.jpg","width":2560,"height":1701,"caption":"kvalitetne sushi kutije u Srbiji i regionu"},{"@type":"BreadcrumbList","@id":"https:\/\/www.matchart.rs\/product\/kutija-za-susi\/#breadcrumb","itemListElement":[{"@type":"ListItem","position":1,"name":"Home","item":"https:\/\/www.matchart.rs\/"},{"@type":"ListItem","position":2,"name":"Shop","item":"https:\/\/www.matchart.rs\/?page_id=270"},{"@type":"ListItem","position":3,"name":"Kutija za Su\u0161i"}]},{"@type":"WebSite","@id":"https:\/\/www.matchart.rs\/#website","url":"https:\/\/www.matchart.rs\/","name":"Match &amp; Art","description":"","publisher":{"@id":"https:\/\/www.matchart.rs\/#organization"},"potentialAction":[{"@type":"SearchAction","target":{"@type":"EntryPoint","urlTemplate":"https:\/\/www.matchart.rs\/?s={search_term_string}"},"query-input":{"@type":"PropertyValueSpecification","valueRequired":true,"valueName":"search_term_string"}}],"inLanguage":"en-GB"},{"@type":"Organization","@id":"https:\/\/www.matchart.rs\/#organization","name":"Match &amp; Art","url":"https:\/\/www.matchart.rs\/","logo":{"@type":"ImageObject","inLanguage":"en-GB","@id":"https:\/\/www.matchart.rs\/#\/schema\/logo\/image\/","url":"https:\/\/www.matchart.rs\/wp-content\/uploads\/2025\/10\/MatchAndArt-logo.png","contentUrl":"https:\/\/www.matchart.rs\/wp-content\/uploads\/2025\/10\/MatchAndArt-logo.png","width":110,"height":96,"caption":"Match &amp; Art"},"image":{"@id":"https:\/\/www.matchart.rs\/#\/schema\/logo\/image\/"}}]}},"_links":{"self":[{"href":"https:\/\/www.matchart.rs\/en\/wp-json\/wp\/v2\/product\/716","targetHints":{"allow":["GET"]}}],"collection":[{"href":"https:\/\/www.matchart.rs\/en\/wp-json\/wp\/v2\/product"}],"about":[{"href":"https:\/\/www.matchart.rs\/en\/wp-json\/wp\/v2\/types\/product"}],"wp:featuredmedia":[{"embeddable":true,"href":"https:\/\/www.matchart.rs\/en\/wp-json\/wp\/v2\/media\/817"}],"wp:attachment":[{"href":"https:\/\/www.matchart.rs\/en\/wp-json\/wp\/v2\/media?parent=716"}],"wp:term":[{"taxonomy":"product_brand","embeddable":true,"href":"https:\/\/www.matchart.rs\/en\/wp-json\/wp\/v2\/product_brand?post=716"},{"taxonomy":"product_cat","embeddable":true,"href":"https:\/\/www.matchart.rs\/en\/wp-json\/wp\/v2\/product_cat?post=716"},{"taxonomy":"product_tag","embeddable":true,"href":"https:\/\/www.matchart.rs\/en\/wp-json\/wp\/v2\/product_tag?post=716"}],"curies":[{"name":"wp","href":"https:\/\/api.w.org\/{rel}","templated":true}]}}