{"id":710,"date":"2025-10-29T09:17:10","date_gmt":"2025-10-29T09:17:10","guid":{"rendered":"http:matchart.rs\/?post_type=product&#038;p=710"},"modified":"2026-03-27T10:22:43","modified_gmt":"2026-03-27T10:22:43","slug":"kutija-za-pomfrit","status":"publish","type":"product","link":"https:\/\/www.matchart.rs\/en\/product\/kutija-za-pomfrit\/","title":{"rendered":"Kutija za Pomfrit"},"content":{"rendered":"<p>Na\u0161e kutije za pomfrit izra\u0111ene su od kartona otpornog na masno\u0107u i povi\u0161enu temperaturu. Otvoren gornji deo omogu\u0107ava ventilaciju, \u0161to doprinosi o\u010duvanju hrskavosti i smanjuje zadr\u017eavanje pare unutar ambala\u017ee. Stabilna baza spre\u010dava prevrtanje, dok ergonomski oblik omogu\u0107ava lako dr\u017eanje jednom rukom.<\/p>\n<p>Dostupne su razli\u010dite zapremine kako bi se prilagodile malim, srednjim i velikim porcijama. Kutije za pomfrit se mogu personalizovati \u0161tampom logotipa ili promotivnih poruka, \u010dime se dodatno ja\u010da identitet brenda. Beogradski kafi\u0107i i restorani u blizini <a href=\"https:\/\/www.adaciganlija.rs\/\">Ade Ciganlije<\/a> i <a href=\"https:\/\/sr.wikipedia.org\/wiki\/%D0%A2%D0%B0%D1%88%D0%BC%D0%B0%D1%98%D0%B4%D0%B0%D0%BD\">Ta\u0161majdanskog parka<\/a>, kao i \u0161irom Srbije i regiona, \u010desto biraju ovakav tip ambala\u017ee zbog prakti\u010dnosti pri grickanju pomfrita na otvorenom. U okviru \u0161ire ponude nalaze se i <a href=\"https:\/\/www.matchart.rs\/en\/product-category\/kutije-za-poneti\/\">druge kutije za poneti za kompletno opremanje lokala<\/a>.<\/p>\n<h2>Kvalitet i proizvodnja<\/h2>\n<p>U procesu izrade fokus je na \u010dvrstini konstrukcije i pouzdanosti tokom svakodnevne upotrebe. Sve kutije za pomfrit prolaze kontrolu kvaliteta kako bi zadovoljile standarde profesionalnog ugostiteljstva. Kartonska struktura zadr\u017eava oblik i kada je ambala\u017ea napunjena sve\u017ee pripremljenim proizvodom visoke temperature.<\/p>\n<p>Organizovana distribucija omogu\u0107ava brzu isporuku \u0161irom Beograda, Srbije i regiona. U ponudi su i kompatibilni proizvodi <a href=\"https:\/\/www.matchart.rs\/en\/product\/casa-za-pomfrit\/\">poput \u010da\u0161a za pomfrit<\/a>, <a href=\"https:\/\/www.matchart.rs\/en\/product\/kutija-za-kolace\/\">kutija za kola\u010de<\/a> i <a href=\"https:\/\/www.matchart.rs\/en\/product\/kutija-za-tortu\/\">kutija za torte<\/a>, \u010dime se obezbe\u0111uje ujedna\u010den izgled va\u0161eg brenda.<\/p>","protected":false},"excerpt":{"rendered":"<p>U segmentu brze hrane, na\u010din pakovanja direktno uti\u010de na kvalitet proizvoda prilikom dostave i konzumacije. Kvalitetne kutije za pomfrit omogu\u0107avaju da sadr\u017eaj ostane topao, stabilan i vizuelno uredan od kuhinje do kupca. Prakti\u010dan oblik i funkcionalan dizajn \u010dine ih standardnim izborom za restorane, street food koncepte i dostavne slu\u017ebe.<\/p>","protected":false},"featured_media":815,"template":"","meta":{"_acf_changed":false},"product_brand":[],"product_cat":[155,64,20],"product_tag":[],"class_list":{"0":"post-710","1":"product","2":"type-product","3":"status-publish","4":"has-post-thumbnail","6":"product_cat-kutija-za-pomfrit","7":"product_cat-kutije-za-poneti","8":"product_cat-svi-proizvodi","10":"first","11":"instock","12":"shipping-taxable","13":"purchasable","14":"product-type-simple"},"acf":[],"yoast_head":"<!-- This site is optimized with the Yoast SEO plugin v26.6 - https:\/\/yoast.com\/wordpress\/plugins\/seo\/ -->\n<title>Pouzdane Kutije Za Pomfrit u Beogradu, Srbiji i Regionu<\/title>\n<meta name=\"description\" content=\"Jedinstvene kutije za pomfrit u Beogradu i ostatku Srbije koje \u010duvaju hrskavost i sve\u017einu. Pozovite +381(0)69 266 11 20!\" \/>\n<meta name=\"robots\" content=\"index, follow, max-snippet:-1, max-image-preview:large, max-video-preview:-1\" \/>\n<link rel=\"canonical\" href=\"https:\/\/www.matchart.rs\/en\/product\/kutija-za-pomfrit\/\" \/>\n<meta property=\"og:locale\" content=\"en_GB\" \/>\n<meta property=\"og:type\" content=\"article\" \/>\n<meta property=\"og:title\" content=\"Pouzdane Kutije Za Pomfrit u Beogradu, Srbiji i Regionu\" \/>\n<meta property=\"og:description\" content=\"Jedinstvene kutije za pomfrit u Beogradu i ostatku Srbije koje \u010duvaju hrskavost i sve\u017einu. Pozovite +381(0)69 266 11 20!\" \/>\n<meta property=\"og:url\" content=\"https:\/\/www.matchart.rs\/en\/product\/kutija-za-pomfrit\/\" \/>\n<meta property=\"og:site_name\" content=\"Match &amp; Art\" \/>\n<meta property=\"article:modified_time\" content=\"2026-03-27T10:22:43+00:00\" \/>\n<meta property=\"og:image\" content=\"https:\/\/www.matchart.rs\/wp-content\/uploads\/2025\/10\/DZO_0194-scaled-1.jpg\" \/>\n\t<meta property=\"og:image:width\" content=\"2560\" \/>\n\t<meta property=\"og:image:height\" content=\"1701\" \/>\n\t<meta property=\"og:image:type\" content=\"image\/jpeg\" \/>\n<meta name=\"twitter:card\" content=\"summary_large_image\" \/>\n<meta name=\"twitter:label1\" content=\"Estimated reading time\" \/>\n\t<meta name=\"twitter:data1\" content=\"2 minutes\" \/>\n<script type=\"application\/ld+json\" class=\"yoast-schema-graph\">{\"@context\":\"https:\/\/schema.org\",\"@graph\":[{\"@type\":\"WebPage\",\"@id\":\"https:\/\/www.matchart.rs\/product\/kutija-za-pomfrit\/\",\"url\":\"https:\/\/www.matchart.rs\/product\/kutija-za-pomfrit\/\",\"name\":\"Pouzdane Kutije Za Pomfrit u Beogradu, Srbiji i Regionu\",\"isPartOf\":{\"@id\":\"https:\/\/www.matchart.rs\/#website\"},\"primaryImageOfPage\":{\"@id\":\"https:\/\/www.matchart.rs\/product\/kutija-za-pomfrit\/#primaryimage\"},\"image\":{\"@id\":\"https:\/\/www.matchart.rs\/product\/kutija-za-pomfrit\/#primaryimage\"},\"thumbnailUrl\":\"https:\/\/www.matchart.rs\/wp-content\/uploads\/2025\/10\/DZO_0194-scaled-1.jpg\",\"datePublished\":\"2025-10-29T09:17:10+00:00\",\"dateModified\":\"2026-03-27T10:22:43+00:00\",\"description\":\"Jedinstvene kutije za pomfrit u Beogradu i ostatku Srbije koje \u010duvaju hrskavost i sve\u017einu. Pozovite +381(0)69 266 11 20!\",\"breadcrumb\":{\"@id\":\"https:\/\/www.matchart.rs\/product\/kutija-za-pomfrit\/#breadcrumb\"},\"inLanguage\":\"en-GB\",\"potentialAction\":[{\"@type\":\"ReadAction\",\"target\":[\"https:\/\/www.matchart.rs\/product\/kutija-za-pomfrit\/\"]}]},{\"@type\":\"ImageObject\",\"inLanguage\":\"en-GB\",\"@id\":\"https:\/\/www.matchart.rs\/product\/kutija-za-pomfrit\/#primaryimage\",\"url\":\"https:\/\/www.matchart.rs\/wp-content\/uploads\/2025\/10\/DZO_0194-scaled-1.jpg\",\"contentUrl\":\"https:\/\/www.matchart.rs\/wp-content\/uploads\/2025\/10\/DZO_0194-scaled-1.jpg\",\"width\":2560,\"height\":1701,\"caption\":\"pouzdrane kutije za pomfrit u Srbiji i regionu\"},{\"@type\":\"BreadcrumbList\",\"@id\":\"https:\/\/www.matchart.rs\/product\/kutija-za-pomfrit\/#breadcrumb\",\"itemListElement\":[{\"@type\":\"ListItem\",\"position\":1,\"name\":\"Home\",\"item\":\"https:\/\/www.matchart.rs\/\"},{\"@type\":\"ListItem\",\"position\":2,\"name\":\"Shop\",\"item\":\"https:\/\/www.matchart.rs\/?page_id=270\"},{\"@type\":\"ListItem\",\"position\":3,\"name\":\"Kutija za Pomfrit\"}]},{\"@type\":\"WebSite\",\"@id\":\"https:\/\/www.matchart.rs\/#website\",\"url\":\"https:\/\/www.matchart.rs\/\",\"name\":\"Match &amp; Art\",\"description\":\"\",\"publisher\":{\"@id\":\"https:\/\/www.matchart.rs\/#organization\"},\"potentialAction\":[{\"@type\":\"SearchAction\",\"target\":{\"@type\":\"EntryPoint\",\"urlTemplate\":\"https:\/\/www.matchart.rs\/?s={search_term_string}\"},\"query-input\":{\"@type\":\"PropertyValueSpecification\",\"valueRequired\":true,\"valueName\":\"search_term_string\"}}],\"inLanguage\":\"en-GB\"},{\"@type\":\"Organization\",\"@id\":\"https:\/\/www.matchart.rs\/#organization\",\"name\":\"Match &amp; Art\",\"url\":\"https:\/\/www.matchart.rs\/\",\"logo\":{\"@type\":\"ImageObject\",\"inLanguage\":\"en-GB\",\"@id\":\"https:\/\/www.matchart.rs\/#\/schema\/logo\/image\/\",\"url\":\"https:\/\/www.matchart.rs\/wp-content\/uploads\/2025\/10\/MatchAndArt-logo.png\",\"contentUrl\":\"https:\/\/www.matchart.rs\/wp-content\/uploads\/2025\/10\/MatchAndArt-logo.png\",\"width\":110,\"height\":96,\"caption\":\"Match &amp; Art\"},\"image\":{\"@id\":\"https:\/\/www.matchart.rs\/#\/schema\/logo\/image\/\"}}]}<\/script>\n<!-- \/ Yoast SEO plugin. -->","yoast_head_json":{"title":"Pouzdane Kutije Za Pomfrit u Beogradu, Srbiji i Regionu","description":"Jedinstvene kutije za pomfrit u Beogradu i ostatku Srbije koje \u010duvaju hrskavost i sve\u017einu. Pozovite +381(0)69 266 11 20!","robots":{"index":"index","follow":"follow","max-snippet":"max-snippet:-1","max-image-preview":"max-image-preview:large","max-video-preview":"max-video-preview:-1"},"canonical":"https:\/\/www.matchart.rs\/en\/product\/kutija-za-pomfrit\/","og_locale":"en_GB","og_type":"article","og_title":"Pouzdane Kutije Za Pomfrit u Beogradu, Srbiji i Regionu","og_description":"Jedinstvene kutije za pomfrit u Beogradu i ostatku Srbije koje \u010duvaju hrskavost i sve\u017einu. Pozovite +381(0)69 266 11 20!","og_url":"https:\/\/www.matchart.rs\/en\/product\/kutija-za-pomfrit\/","og_site_name":"Match &amp; Art","article_modified_time":"2026-03-27T10:22:43+00:00","og_image":[{"width":2560,"height":1701,"url":"https:\/\/www.matchart.rs\/wp-content\/uploads\/2025\/10\/DZO_0194-scaled-1.jpg","type":"image\/jpeg"}],"twitter_card":"summary_large_image","twitter_misc":{"Estimated reading time":"2 minutes"},"schema":{"@context":"https:\/\/schema.org","@graph":[{"@type":"WebPage","@id":"https:\/\/www.matchart.rs\/product\/kutija-za-pomfrit\/","url":"https:\/\/www.matchart.rs\/product\/kutija-za-pomfrit\/","name":"Pouzdane Kutije Za Pomfrit u Beogradu, Srbiji i Regionu","isPartOf":{"@id":"https:\/\/www.matchart.rs\/#website"},"primaryImageOfPage":{"@id":"https:\/\/www.matchart.rs\/product\/kutija-za-pomfrit\/#primaryimage"},"image":{"@id":"https:\/\/www.matchart.rs\/product\/kutija-za-pomfrit\/#primaryimage"},"thumbnailUrl":"https:\/\/www.matchart.rs\/wp-content\/uploads\/2025\/10\/DZO_0194-scaled-1.jpg","datePublished":"2025-10-29T09:17:10+00:00","dateModified":"2026-03-27T10:22:43+00:00","description":"Jedinstvene kutije za pomfrit u Beogradu i ostatku Srbije koje \u010duvaju hrskavost i sve\u017einu. Pozovite +381(0)69 266 11 20!","breadcrumb":{"@id":"https:\/\/www.matchart.rs\/product\/kutija-za-pomfrit\/#breadcrumb"},"inLanguage":"en-GB","potentialAction":[{"@type":"ReadAction","target":["https:\/\/www.matchart.rs\/product\/kutija-za-pomfrit\/"]}]},{"@type":"ImageObject","inLanguage":"en-GB","@id":"https:\/\/www.matchart.rs\/product\/kutija-za-pomfrit\/#primaryimage","url":"https:\/\/www.matchart.rs\/wp-content\/uploads\/2025\/10\/DZO_0194-scaled-1.jpg","contentUrl":"https:\/\/www.matchart.rs\/wp-content\/uploads\/2025\/10\/DZO_0194-scaled-1.jpg","width":2560,"height":1701,"caption":"pouzdrane kutije za pomfrit u Srbiji i regionu"},{"@type":"BreadcrumbList","@id":"https:\/\/www.matchart.rs\/product\/kutija-za-pomfrit\/#breadcrumb","itemListElement":[{"@type":"ListItem","position":1,"name":"Home","item":"https:\/\/www.matchart.rs\/"},{"@type":"ListItem","position":2,"name":"Shop","item":"https:\/\/www.matchart.rs\/?page_id=270"},{"@type":"ListItem","position":3,"name":"Kutija za Pomfrit"}]},{"@type":"WebSite","@id":"https:\/\/www.matchart.rs\/#website","url":"https:\/\/www.matchart.rs\/","name":"Match &amp; Art","description":"","publisher":{"@id":"https:\/\/www.matchart.rs\/#organization"},"potentialAction":[{"@type":"SearchAction","target":{"@type":"EntryPoint","urlTemplate":"https:\/\/www.matchart.rs\/?s={search_term_string}"},"query-input":{"@type":"PropertyValueSpecification","valueRequired":true,"valueName":"search_term_string"}}],"inLanguage":"en-GB"},{"@type":"Organization","@id":"https:\/\/www.matchart.rs\/#organization","name":"Match &amp; Art","url":"https:\/\/www.matchart.rs\/","logo":{"@type":"ImageObject","inLanguage":"en-GB","@id":"https:\/\/www.matchart.rs\/#\/schema\/logo\/image\/","url":"https:\/\/www.matchart.rs\/wp-content\/uploads\/2025\/10\/MatchAndArt-logo.png","contentUrl":"https:\/\/www.matchart.rs\/wp-content\/uploads\/2025\/10\/MatchAndArt-logo.png","width":110,"height":96,"caption":"Match &amp; Art"},"image":{"@id":"https:\/\/www.matchart.rs\/#\/schema\/logo\/image\/"}}]}},"_links":{"self":[{"href":"https:\/\/www.matchart.rs\/en\/wp-json\/wp\/v2\/product\/710","targetHints":{"allow":["GET"]}}],"collection":[{"href":"https:\/\/www.matchart.rs\/en\/wp-json\/wp\/v2\/product"}],"about":[{"href":"https:\/\/www.matchart.rs\/en\/wp-json\/wp\/v2\/types\/product"}],"wp:featuredmedia":[{"embeddable":true,"href":"https:\/\/www.matchart.rs\/en\/wp-json\/wp\/v2\/media\/815"}],"wp:attachment":[{"href":"https:\/\/www.matchart.rs\/en\/wp-json\/wp\/v2\/media?parent=710"}],"wp:term":[{"taxonomy":"product_brand","embeddable":true,"href":"https:\/\/www.matchart.rs\/en\/wp-json\/wp\/v2\/product_brand?post=710"},{"taxonomy":"product_cat","embeddable":true,"href":"https:\/\/www.matchart.rs\/en\/wp-json\/wp\/v2\/product_cat?post=710"},{"taxonomy":"product_tag","embeddable":true,"href":"https:\/\/www.matchart.rs\/en\/wp-json\/wp\/v2\/product_tag?post=710"}],"curies":[{"name":"wp","href":"https:\/\/api.w.org\/{rel}","templated":true}]}}