{"id":661,"date":"2025-10-29T09:05:55","date_gmt":"2025-10-29T09:05:55","guid":{"rendered":"http:matchart.rs\/?post_type=product&#038;p=661"},"modified":"2026-03-27T10:50:52","modified_gmt":"2026-03-27T10:50:52","slug":"kutija-za-kolace","status":"publish","type":"product","link":"https:\/\/www.matchart.rs\/en\/product\/kutija-za-kolace\/","title":{"rendered":"Pastry boxes"},"content":{"rendered":"<p>Na\u0161e kutije za kola\u010de i torte izra\u0111ene su od \u010dvrstog kartona namenjenog kontaktu sa hranom. Materijal obezbe\u0111uje stabilnost tokom no\u0161enja i \u0161titi sadr\u017eaj od spolja\u0161njih uticaja. Jednostavan sistem sklapanja omogu\u0107ava brzo pakovanje i efikasan rad u objektima u Srbiji i okolini sa velikim brojem porud\u017ebina.<\/p>\n<p>Za sve\u010dane prilike posebno su tra\u017eene kutije za pakovanje sitnih kola\u010da, koje mogu imati pregrade za dodatnu sigurnost. Ovakva re\u0161enja spre\u010davaju pomeranje i o\u0161te\u0107enje dekoracija tokom transporta. U \u0161irem asortimanu dostupne su i <a href=\"https:\/\/www.matchart.rs\/en\/product-category\/kutije-za-poneti\/\">druge kutije za poneti<\/a>, kao i <a href=\"https:\/\/www.matchart.rs\/en\/product\/kutija-za-tortu\/\">specijalizovane kutije za torte<\/a>, <a href=\"https:\/\/www.matchart.rs\/en\/product\/kutija-za-pizzu\/\">pizza boxes<\/a>, <a href=\"https:\/\/www.matchart.rs\/en\/product\/kutija-rostilj-050kg-24x13x55cm\/\">kutije za ro\u0161tilj do 500g<\/a> and much more.<\/p>\n<h2>Kvalitet i proizvodnja<\/h2>\n<p>U procesu proizvodnje naglasak je na \u010dvrstini i preciznoj izradi. Kutije su dostupne u standardnim dimenzijama, ali i u varijantama sa personalizovanom \u0161tampom. Mogu\u0107e je prilagoditi dizajn vizuelnom identitetu brenda, \u010dime ambala\u017ea postaje deo marketin\u0161ke strategije.<\/p>\n<p>Organizovana distribucija omogu\u0107ava da se prodaja kutije za kola\u010de i torte realizuje brzo i efikasno \u0161irom Beograda, Srbije i okoline. Poslasti\u010darnice od <a href=\"https:\/\/sr.wikipedia.org\/wiki\/%D0%97%D0%B5%D0%BC%D1%83%D0%BD\">Zemuna<\/a> to <a href=\"https:\/\/sr.wikipedia.org\/wiki\/%D0%90%D0%B2%D0%B0%D0%BB%D0%B0\">Avale<\/a> redovno poru\u010duju ve\u0107e koli\u010dine za svakodnevne potrebe i sezonske manifestacije.<\/p>","protected":false},"excerpt":{"rendered":"<p>Vizuelni utisak igra klju\u010dnu ulogu u poslasti\u010darstvu. Kvalitetne kutije od kartona za kola\u010de omogu\u0107avaju da proizvodi ostanu za\u0161ti\u0107eni, uredno slo\u017eeni i spremni za prezentaciju prilikom prodaje ili poklanjanja. \u010cvrsta izrada i atraktivan izgled doprinose profesionalnom imid\u017eu svake poslasti\u010darnice u Beogradu i ostatku Srbije, bez obzira na obim proizvodnje.<\/p>","protected":false},"featured_media":778,"template":"","meta":{"_acf_changed":false},"product_brand":[],"product_cat":[154,64,20],"product_tag":[],"class_list":{"0":"post-661","1":"product","2":"type-product","3":"status-publish","4":"has-post-thumbnail","6":"product_cat-kutija-za-kolace","7":"product_cat-kutije-za-poneti","8":"product_cat-svi-proizvodi","10":"first","11":"instock","12":"shipping-taxable","13":"purchasable","14":"product-type-variable"},"acf":[],"yoast_head":"<!-- This site is optimized with the Yoast SEO plugin v26.6 - https:\/\/yoast.com\/wordpress\/plugins\/seo\/ -->\n<title>Brendirane Kutije Za Torte i Kola\u010de u Beogradu, Srbiji i \u0160ire<\/title>\n<meta name=\"description\" content=\"Kutije za kola\u010de i torte u Beogradu i Srbiji koje \u010duvaju sve\u017einu i oblik va\u0161ih poslastica. Pozovite +381(0)69 266 11 20!\" \/>\n<meta name=\"robots\" content=\"index, follow, max-snippet:-1, max-image-preview:large, max-video-preview:-1\" \/>\n<link rel=\"canonical\" href=\"https:\/\/www.matchart.rs\/en\/product\/kutija-za-kolace\/\" \/>\n<meta property=\"og:locale\" content=\"en_GB\" \/>\n<meta property=\"og:type\" content=\"article\" \/>\n<meta property=\"og:title\" content=\"Brendirane Kutije Za Torte i Kola\u010de u Beogradu, Srbiji i \u0160ire\" \/>\n<meta property=\"og:description\" content=\"Kutije za kola\u010de i torte u Beogradu i Srbiji koje \u010duvaju sve\u017einu i oblik va\u0161ih poslastica. Pozovite +381(0)69 266 11 20!\" \/>\n<meta property=\"og:url\" content=\"https:\/\/www.matchart.rs\/en\/product\/kutija-za-kolace\/\" \/>\n<meta property=\"og:site_name\" content=\"Match &amp; Art\" \/>\n<meta property=\"article:modified_time\" content=\"2026-03-27T10:50:52+00:00\" \/>\n<meta property=\"og:image\" content=\"https:\/\/www.matchart.rs\/wp-content\/uploads\/2025\/10\/DZO_0218-scaled-1.jpg\" \/>\n\t<meta property=\"og:image:width\" content=\"2560\" \/>\n\t<meta property=\"og:image:height\" content=\"1701\" \/>\n\t<meta property=\"og:image:type\" content=\"image\/jpeg\" \/>\n<meta name=\"twitter:card\" content=\"summary_large_image\" \/>\n<meta name=\"twitter:label1\" content=\"Estimated reading time\" \/>\n\t<meta name=\"twitter:data1\" content=\"2 minutes\" \/>\n<script type=\"application\/ld+json\" class=\"yoast-schema-graph\">{\"@context\":\"https:\/\/schema.org\",\"@graph\":[{\"@type\":\"WebPage\",\"@id\":\"https:\/\/www.matchart.rs\/product\/kutija-za-kolace\/\",\"url\":\"https:\/\/www.matchart.rs\/product\/kutija-za-kolace\/\",\"name\":\"Brendirane Kutije Za Torte i Kola\u010de u Beogradu, Srbiji i \u0160ire\",\"isPartOf\":{\"@id\":\"https:\/\/www.matchart.rs\/#website\"},\"primaryImageOfPage\":{\"@id\":\"https:\/\/www.matchart.rs\/product\/kutija-za-kolace\/#primaryimage\"},\"image\":{\"@id\":\"https:\/\/www.matchart.rs\/product\/kutija-za-kolace\/#primaryimage\"},\"thumbnailUrl\":\"https:\/\/www.matchart.rs\/wp-content\/uploads\/2025\/10\/DZO_0218-scaled-1.jpg\",\"datePublished\":\"2025-10-29T09:05:55+00:00\",\"dateModified\":\"2026-03-27T10:50:52+00:00\",\"description\":\"Kutije za kola\u010de i torte u Beogradu i Srbiji koje \u010duvaju sve\u017einu i oblik va\u0161ih poslastica. Pozovite +381(0)69 266 11 20!\",\"breadcrumb\":{\"@id\":\"https:\/\/www.matchart.rs\/product\/kutija-za-kolace\/#breadcrumb\"},\"inLanguage\":\"en-GB\",\"potentialAction\":[{\"@type\":\"ReadAction\",\"target\":[\"https:\/\/www.matchart.rs\/product\/kutija-za-kolace\/\"]}]},{\"@type\":\"ImageObject\",\"inLanguage\":\"en-GB\",\"@id\":\"https:\/\/www.matchart.rs\/product\/kutija-za-kolace\/#primaryimage\",\"url\":\"https:\/\/www.matchart.rs\/wp-content\/uploads\/2025\/10\/DZO_0218-scaled-1.jpg\",\"contentUrl\":\"https:\/\/www.matchart.rs\/wp-content\/uploads\/2025\/10\/DZO_0218-scaled-1.jpg\",\"width\":2560,\"height\":1701,\"caption\":\"najbolje kutije za kola\u010de u Srbiji i regionu\"},{\"@type\":\"BreadcrumbList\",\"@id\":\"https:\/\/www.matchart.rs\/product\/kutija-za-kolace\/#breadcrumb\",\"itemListElement\":[{\"@type\":\"ListItem\",\"position\":1,\"name\":\"Home\",\"item\":\"https:\/\/www.matchart.rs\/\"},{\"@type\":\"ListItem\",\"position\":2,\"name\":\"Shop\",\"item\":\"https:\/\/www.matchart.rs\/?page_id=270\"},{\"@type\":\"ListItem\",\"position\":3,\"name\":\"Kutija za Kola\u010de\"}]},{\"@type\":\"WebSite\",\"@id\":\"https:\/\/www.matchart.rs\/#website\",\"url\":\"https:\/\/www.matchart.rs\/\",\"name\":\"Match &amp; Art\",\"description\":\"\",\"publisher\":{\"@id\":\"https:\/\/www.matchart.rs\/#organization\"},\"potentialAction\":[{\"@type\":\"SearchAction\",\"target\":{\"@type\":\"EntryPoint\",\"urlTemplate\":\"https:\/\/www.matchart.rs\/?s={search_term_string}\"},\"query-input\":{\"@type\":\"PropertyValueSpecification\",\"valueRequired\":true,\"valueName\":\"search_term_string\"}}],\"inLanguage\":\"en-GB\"},{\"@type\":\"Organization\",\"@id\":\"https:\/\/www.matchart.rs\/#organization\",\"name\":\"Match &amp; Art\",\"url\":\"https:\/\/www.matchart.rs\/\",\"logo\":{\"@type\":\"ImageObject\",\"inLanguage\":\"en-GB\",\"@id\":\"https:\/\/www.matchart.rs\/#\/schema\/logo\/image\/\",\"url\":\"https:\/\/www.matchart.rs\/wp-content\/uploads\/2025\/10\/MatchAndArt-logo.png\",\"contentUrl\":\"https:\/\/www.matchart.rs\/wp-content\/uploads\/2025\/10\/MatchAndArt-logo.png\",\"width\":110,\"height\":96,\"caption\":\"Match &amp; Art\"},\"image\":{\"@id\":\"https:\/\/www.matchart.rs\/#\/schema\/logo\/image\/\"}}]}<\/script>\n<!-- \/ Yoast SEO plugin. -->","yoast_head_json":{"title":"Brendirane Kutije Za Torte i Kola\u010de u Beogradu, Srbiji i \u0160ire","description":"Kutije za kola\u010de i torte u Beogradu i Srbiji koje \u010duvaju sve\u017einu i oblik va\u0161ih poslastica. Pozovite +381(0)69 266 11 20!","robots":{"index":"index","follow":"follow","max-snippet":"max-snippet:-1","max-image-preview":"max-image-preview:large","max-video-preview":"max-video-preview:-1"},"canonical":"https:\/\/www.matchart.rs\/en\/product\/kutija-za-kolace\/","og_locale":"en_GB","og_type":"article","og_title":"Brendirane Kutije Za Torte i Kola\u010de u Beogradu, Srbiji i \u0160ire","og_description":"Kutije za kola\u010de i torte u Beogradu i Srbiji koje \u010duvaju sve\u017einu i oblik va\u0161ih poslastica. Pozovite +381(0)69 266 11 20!","og_url":"https:\/\/www.matchart.rs\/en\/product\/kutija-za-kolace\/","og_site_name":"Match &amp; Art","article_modified_time":"2026-03-27T10:50:52+00:00","og_image":[{"width":2560,"height":1701,"url":"https:\/\/www.matchart.rs\/wp-content\/uploads\/2025\/10\/DZO_0218-scaled-1.jpg","type":"image\/jpeg"}],"twitter_card":"summary_large_image","twitter_misc":{"Estimated reading time":"2 minutes"},"schema":{"@context":"https:\/\/schema.org","@graph":[{"@type":"WebPage","@id":"https:\/\/www.matchart.rs\/product\/kutija-za-kolace\/","url":"https:\/\/www.matchart.rs\/product\/kutija-za-kolace\/","name":"Brendirane Kutije Za Torte i Kola\u010de u Beogradu, Srbiji i \u0160ire","isPartOf":{"@id":"https:\/\/www.matchart.rs\/#website"},"primaryImageOfPage":{"@id":"https:\/\/www.matchart.rs\/product\/kutija-za-kolace\/#primaryimage"},"image":{"@id":"https:\/\/www.matchart.rs\/product\/kutija-za-kolace\/#primaryimage"},"thumbnailUrl":"https:\/\/www.matchart.rs\/wp-content\/uploads\/2025\/10\/DZO_0218-scaled-1.jpg","datePublished":"2025-10-29T09:05:55+00:00","dateModified":"2026-03-27T10:50:52+00:00","description":"Kutije za kola\u010de i torte u Beogradu i Srbiji koje \u010duvaju sve\u017einu i oblik va\u0161ih poslastica. Pozovite +381(0)69 266 11 20!","breadcrumb":{"@id":"https:\/\/www.matchart.rs\/product\/kutija-za-kolace\/#breadcrumb"},"inLanguage":"en-GB","potentialAction":[{"@type":"ReadAction","target":["https:\/\/www.matchart.rs\/product\/kutija-za-kolace\/"]}]},{"@type":"ImageObject","inLanguage":"en-GB","@id":"https:\/\/www.matchart.rs\/product\/kutija-za-kolace\/#primaryimage","url":"https:\/\/www.matchart.rs\/wp-content\/uploads\/2025\/10\/DZO_0218-scaled-1.jpg","contentUrl":"https:\/\/www.matchart.rs\/wp-content\/uploads\/2025\/10\/DZO_0218-scaled-1.jpg","width":2560,"height":1701,"caption":"najbolje kutije za kola\u010de u Srbiji i regionu"},{"@type":"BreadcrumbList","@id":"https:\/\/www.matchart.rs\/product\/kutija-za-kolace\/#breadcrumb","itemListElement":[{"@type":"ListItem","position":1,"name":"Home","item":"https:\/\/www.matchart.rs\/"},{"@type":"ListItem","position":2,"name":"Shop","item":"https:\/\/www.matchart.rs\/?page_id=270"},{"@type":"ListItem","position":3,"name":"Kutija za Kola\u010de"}]},{"@type":"WebSite","@id":"https:\/\/www.matchart.rs\/#website","url":"https:\/\/www.matchart.rs\/","name":"Match &amp; Art","description":"","publisher":{"@id":"https:\/\/www.matchart.rs\/#organization"},"potentialAction":[{"@type":"SearchAction","target":{"@type":"EntryPoint","urlTemplate":"https:\/\/www.matchart.rs\/?s={search_term_string}"},"query-input":{"@type":"PropertyValueSpecification","valueRequired":true,"valueName":"search_term_string"}}],"inLanguage":"en-GB"},{"@type":"Organization","@id":"https:\/\/www.matchart.rs\/#organization","name":"Match &amp; Art","url":"https:\/\/www.matchart.rs\/","logo":{"@type":"ImageObject","inLanguage":"en-GB","@id":"https:\/\/www.matchart.rs\/#\/schema\/logo\/image\/","url":"https:\/\/www.matchart.rs\/wp-content\/uploads\/2025\/10\/MatchAndArt-logo.png","contentUrl":"https:\/\/www.matchart.rs\/wp-content\/uploads\/2025\/10\/MatchAndArt-logo.png","width":110,"height":96,"caption":"Match &amp; Art"},"image":{"@id":"https:\/\/www.matchart.rs\/#\/schema\/logo\/image\/"}}]}},"_links":{"self":[{"href":"https:\/\/www.matchart.rs\/en\/wp-json\/wp\/v2\/product\/661","targetHints":{"allow":["GET"]}}],"collection":[{"href":"https:\/\/www.matchart.rs\/en\/wp-json\/wp\/v2\/product"}],"about":[{"href":"https:\/\/www.matchart.rs\/en\/wp-json\/wp\/v2\/types\/product"}],"wp:featuredmedia":[{"embeddable":true,"href":"https:\/\/www.matchart.rs\/en\/wp-json\/wp\/v2\/media\/778"}],"wp:attachment":[{"href":"https:\/\/www.matchart.rs\/en\/wp-json\/wp\/v2\/media?parent=661"}],"wp:term":[{"taxonomy":"product_brand","embeddable":true,"href":"https:\/\/www.matchart.rs\/en\/wp-json\/wp\/v2\/product_brand?post=661"},{"taxonomy":"product_cat","embeddable":true,"href":"https:\/\/www.matchart.rs\/en\/wp-json\/wp\/v2\/product_cat?post=661"},{"taxonomy":"product_tag","embeddable":true,"href":"https:\/\/www.matchart.rs\/en\/wp-json\/wp\/v2\/product_tag?post=661"}],"curies":[{"name":"wp","href":"https:\/\/api.w.org\/{rel}","templated":true}]}}