{"id":525,"date":"2025-10-29T08:52:21","date_gmt":"2025-10-29T08:52:21","guid":{"rendered":"http:matchart.rs\/?post_type=product&#038;p=525"},"modified":"2025-10-29T09:19:27","modified_gmt":"2025-10-29T09:19:27","slug":"kese-za-smece","status":"publish","type":"product","link":"https:\/\/www.matchart.rs\/en\/product\/kese-za-smece\/","title":{"rendered":"Kese za Sme\u0107e"},"content":{"rendered":"","protected":false},"excerpt":{"rendered":"","protected":false},"featured_media":726,"template":"","meta":{"_acf_changed":false},"product_brand":[],"product_cat":[136,55,20],"product_tag":[],"class_list":{"0":"post-525","1":"product","2":"type-product","3":"status-publish","4":"has-post-thumbnail","6":"product_cat-kese-za-smece","7":"product_cat-ostalo","8":"product_cat-svi-proizvodi","10":"first","11":"instock","12":"shipping-taxable","13":"purchasable","14":"product-type-simple"},"acf":[],"yoast_head":"<!-- This site is optimized with the Yoast SEO plugin v26.6 - https:\/\/yoast.com\/wordpress\/plugins\/seo\/ -->\n<title>Brendirane kese za sme\u0107e sa ru\u010dkom | Match &amp; Art<\/title>\n<meta name=\"description\" content=\"Odaberite najizdr\u017eljive velike kese za \u0111ubre sa ru\u010dkom koje mo\u017eete na\u0107i u prodaji. Pored toga, nudimo i uslugu \u0161tampanja Va\u0161eg brendinga. Pozovite +381692661120.\" \/>\n<meta name=\"robots\" content=\"index, follow, max-snippet:-1, max-image-preview:large, max-video-preview:-1\" \/>\n<link rel=\"canonical\" href=\"https:\/\/www.matchart.rs\/en\/product\/kese-za-smece\/\" \/>\n<meta property=\"og:locale\" content=\"en_GB\" \/>\n<meta property=\"og:type\" content=\"article\" \/>\n<meta property=\"og:title\" content=\"Brendirane kese za sme\u0107e sa ru\u010dkom | Match &amp; Art\" \/>\n<meta property=\"og:description\" content=\"Odaberite najizdr\u017eljive velike kese za \u0111ubre sa ru\u010dkom koje mo\u017eete na\u0107i u prodaji. Pored toga, nudimo i uslugu \u0161tampanja Va\u0161eg brendinga. Pozovite +381692661120.\" \/>\n<meta property=\"og:url\" content=\"https:\/\/www.matchart.rs\/en\/product\/kese-za-smece\/\" \/>\n<meta property=\"og:site_name\" content=\"Match &amp; Art\" \/>\n<meta property=\"article:modified_time\" content=\"2025-10-29T09:19:27+00:00\" \/>\n<meta property=\"og:image\" content=\"https:\/\/www.matchart.rs\/wp-content\/uploads\/2025\/10\/kese-za-djube-1024x680.png\" \/>\n\t<meta property=\"og:image:width\" content=\"1024\" \/>\n\t<meta property=\"og:image:height\" content=\"680\" \/>\n\t<meta property=\"og:image:type\" content=\"image\/png\" \/>\n<meta name=\"twitter:card\" content=\"summary_large_image\" \/>\n<meta name=\"twitter:label1\" content=\"Estimated reading time\" \/>\n\t<meta name=\"twitter:data1\" content=\"1 minute\" \/>\n<script type=\"application\/ld+json\" class=\"yoast-schema-graph\">{\"@context\":\"https:\/\/schema.org\",\"@graph\":[{\"@type\":\"WebPage\",\"@id\":\"https:\/\/www.matchart.rs\/product\/kese-za-smece\/\",\"url\":\"https:\/\/www.matchart.rs\/product\/kese-za-smece\/\",\"name\":\"Brendirane kese za sme\u0107e sa ru\u010dkom | Match &amp; Art\",\"isPartOf\":{\"@id\":\"https:\/\/www.matchart.rs\/#website\"},\"primaryImageOfPage\":{\"@id\":\"https:\/\/www.matchart.rs\/product\/kese-za-smece\/#primaryimage\"},\"image\":{\"@id\":\"https:\/\/www.matchart.rs\/product\/kese-za-smece\/#primaryimage\"},\"thumbnailUrl\":\"https:\/\/www.matchart.rs\/wp-content\/uploads\/2025\/10\/kese-za-djube-scaled.png\",\"datePublished\":\"2025-10-29T08:52:21+00:00\",\"dateModified\":\"2025-10-29T09:19:27+00:00\",\"description\":\"Odaberite najizdr\u017eljive velike kese za \u0111ubre sa ru\u010dkom koje mo\u017eete na\u0107i u prodaji. Pored toga, nudimo i uslugu \u0161tampanja Va\u0161eg brendinga. Pozovite +381692661120.\",\"breadcrumb\":{\"@id\":\"https:\/\/www.matchart.rs\/product\/kese-za-smece\/#breadcrumb\"},\"inLanguage\":\"en-GB\",\"potentialAction\":[{\"@type\":\"ReadAction\",\"target\":[\"https:\/\/www.matchart.rs\/product\/kese-za-smece\/\"]}]},{\"@type\":\"ImageObject\",\"inLanguage\":\"en-GB\",\"@id\":\"https:\/\/www.matchart.rs\/product\/kese-za-smece\/#primaryimage\",\"url\":\"https:\/\/www.matchart.rs\/wp-content\/uploads\/2025\/10\/kese-za-djube-scaled.png\",\"contentUrl\":\"https:\/\/www.matchart.rs\/wp-content\/uploads\/2025\/10\/kese-za-djube-scaled.png\",\"width\":2560,\"height\":1701},{\"@type\":\"BreadcrumbList\",\"@id\":\"https:\/\/www.matchart.rs\/product\/kese-za-smece\/#breadcrumb\",\"itemListElement\":[{\"@type\":\"ListItem\",\"position\":1,\"name\":\"Home\",\"item\":\"https:\/\/www.matchart.rs\/\"},{\"@type\":\"ListItem\",\"position\":2,\"name\":\"Shop\",\"item\":\"https:\/\/www.matchart.rs\/?page_id=270\"},{\"@type\":\"ListItem\",\"position\":3,\"name\":\"Kese za Sme\u0107e\"}]},{\"@type\":\"WebSite\",\"@id\":\"https:\/\/www.matchart.rs\/#website\",\"url\":\"https:\/\/www.matchart.rs\/\",\"name\":\"Match &amp; Art\",\"description\":\"\",\"publisher\":{\"@id\":\"https:\/\/www.matchart.rs\/#organization\"},\"potentialAction\":[{\"@type\":\"SearchAction\",\"target\":{\"@type\":\"EntryPoint\",\"urlTemplate\":\"https:\/\/www.matchart.rs\/?s={search_term_string}\"},\"query-input\":{\"@type\":\"PropertyValueSpecification\",\"valueRequired\":true,\"valueName\":\"search_term_string\"}}],\"inLanguage\":\"en-GB\"},{\"@type\":\"Organization\",\"@id\":\"https:\/\/www.matchart.rs\/#organization\",\"name\":\"Match &amp; Art\",\"url\":\"https:\/\/www.matchart.rs\/\",\"logo\":{\"@type\":\"ImageObject\",\"inLanguage\":\"en-GB\",\"@id\":\"https:\/\/www.matchart.rs\/#\/schema\/logo\/image\/\",\"url\":\"https:\/\/www.matchart.rs\/wp-content\/uploads\/2025\/10\/MatchAndArt-logo.png\",\"contentUrl\":\"https:\/\/www.matchart.rs\/wp-content\/uploads\/2025\/10\/MatchAndArt-logo.png\",\"width\":110,\"height\":96,\"caption\":\"Match &amp; Art\"},\"image\":{\"@id\":\"https:\/\/www.matchart.rs\/#\/schema\/logo\/image\/\"}}]}<\/script>\n<!-- \/ Yoast SEO plugin. -->","yoast_head_json":{"title":"Brendirane kese za sme\u0107e sa ru\u010dkom | Match &amp; Art","description":"Odaberite najizdr\u017eljive velike kese za \u0111ubre sa ru\u010dkom koje mo\u017eete na\u0107i u prodaji. Pored toga, nudimo i uslugu \u0161tampanja Va\u0161eg brendinga. Pozovite +381692661120.","robots":{"index":"index","follow":"follow","max-snippet":"max-snippet:-1","max-image-preview":"max-image-preview:large","max-video-preview":"max-video-preview:-1"},"canonical":"https:\/\/www.matchart.rs\/en\/product\/kese-za-smece\/","og_locale":"en_GB","og_type":"article","og_title":"Brendirane kese za sme\u0107e sa ru\u010dkom | Match &amp; Art","og_description":"Odaberite najizdr\u017eljive velike kese za \u0111ubre sa ru\u010dkom koje mo\u017eete na\u0107i u prodaji. Pored toga, nudimo i uslugu \u0161tampanja Va\u0161eg brendinga. Pozovite +381692661120.","og_url":"https:\/\/www.matchart.rs\/en\/product\/kese-za-smece\/","og_site_name":"Match &amp; Art","article_modified_time":"2025-10-29T09:19:27+00:00","og_image":[{"width":1024,"height":680,"url":"https:\/\/www.matchart.rs\/wp-content\/uploads\/2025\/10\/kese-za-djube-1024x680.png","type":"image\/png"}],"twitter_card":"summary_large_image","twitter_misc":{"Estimated reading time":"1 minute"},"schema":{"@context":"https:\/\/schema.org","@graph":[{"@type":"WebPage","@id":"https:\/\/www.matchart.rs\/product\/kese-za-smece\/","url":"https:\/\/www.matchart.rs\/product\/kese-za-smece\/","name":"Brendirane kese za sme\u0107e sa ru\u010dkom | Match &amp; Art","isPartOf":{"@id":"https:\/\/www.matchart.rs\/#website"},"primaryImageOfPage":{"@id":"https:\/\/www.matchart.rs\/product\/kese-za-smece\/#primaryimage"},"image":{"@id":"https:\/\/www.matchart.rs\/product\/kese-za-smece\/#primaryimage"},"thumbnailUrl":"https:\/\/www.matchart.rs\/wp-content\/uploads\/2025\/10\/kese-za-djube-scaled.png","datePublished":"2025-10-29T08:52:21+00:00","dateModified":"2025-10-29T09:19:27+00:00","description":"Odaberite najizdr\u017eljive velike kese za \u0111ubre sa ru\u010dkom koje mo\u017eete na\u0107i u prodaji. Pored toga, nudimo i uslugu \u0161tampanja Va\u0161eg brendinga. Pozovite +381692661120.","breadcrumb":{"@id":"https:\/\/www.matchart.rs\/product\/kese-za-smece\/#breadcrumb"},"inLanguage":"en-GB","potentialAction":[{"@type":"ReadAction","target":["https:\/\/www.matchart.rs\/product\/kese-za-smece\/"]}]},{"@type":"ImageObject","inLanguage":"en-GB","@id":"https:\/\/www.matchart.rs\/product\/kese-za-smece\/#primaryimage","url":"https:\/\/www.matchart.rs\/wp-content\/uploads\/2025\/10\/kese-za-djube-scaled.png","contentUrl":"https:\/\/www.matchart.rs\/wp-content\/uploads\/2025\/10\/kese-za-djube-scaled.png","width":2560,"height":1701},{"@type":"BreadcrumbList","@id":"https:\/\/www.matchart.rs\/product\/kese-za-smece\/#breadcrumb","itemListElement":[{"@type":"ListItem","position":1,"name":"Home","item":"https:\/\/www.matchart.rs\/"},{"@type":"ListItem","position":2,"name":"Shop","item":"https:\/\/www.matchart.rs\/?page_id=270"},{"@type":"ListItem","position":3,"name":"Kese za Sme\u0107e"}]},{"@type":"WebSite","@id":"https:\/\/www.matchart.rs\/#website","url":"https:\/\/www.matchart.rs\/","name":"Match &amp; Art","description":"","publisher":{"@id":"https:\/\/www.matchart.rs\/#organization"},"potentialAction":[{"@type":"SearchAction","target":{"@type":"EntryPoint","urlTemplate":"https:\/\/www.matchart.rs\/?s={search_term_string}"},"query-input":{"@type":"PropertyValueSpecification","valueRequired":true,"valueName":"search_term_string"}}],"inLanguage":"en-GB"},{"@type":"Organization","@id":"https:\/\/www.matchart.rs\/#organization","name":"Match &amp; Art","url":"https:\/\/www.matchart.rs\/","logo":{"@type":"ImageObject","inLanguage":"en-GB","@id":"https:\/\/www.matchart.rs\/#\/schema\/logo\/image\/","url":"https:\/\/www.matchart.rs\/wp-content\/uploads\/2025\/10\/MatchAndArt-logo.png","contentUrl":"https:\/\/www.matchart.rs\/wp-content\/uploads\/2025\/10\/MatchAndArt-logo.png","width":110,"height":96,"caption":"Match &amp; Art"},"image":{"@id":"https:\/\/www.matchart.rs\/#\/schema\/logo\/image\/"}}]}},"_links":{"self":[{"href":"https:\/\/www.matchart.rs\/en\/wp-json\/wp\/v2\/product\/525","targetHints":{"allow":["GET"]}}],"collection":[{"href":"https:\/\/www.matchart.rs\/en\/wp-json\/wp\/v2\/product"}],"about":[{"href":"https:\/\/www.matchart.rs\/en\/wp-json\/wp\/v2\/types\/product"}],"wp:featuredmedia":[{"embeddable":true,"href":"https:\/\/www.matchart.rs\/en\/wp-json\/wp\/v2\/media\/726"}],"wp:attachment":[{"href":"https:\/\/www.matchart.rs\/en\/wp-json\/wp\/v2\/media?parent=525"}],"wp:term":[{"taxonomy":"product_brand","embeddable":true,"href":"https:\/\/www.matchart.rs\/en\/wp-json\/wp\/v2\/product_brand?post=525"},{"taxonomy":"product_cat","embeddable":true,"href":"https:\/\/www.matchart.rs\/en\/wp-json\/wp\/v2\/product_cat?post=525"},{"taxonomy":"product_tag","embeddable":true,"href":"https:\/\/www.matchart.rs\/en\/wp-json\/wp\/v2\/product_tag?post=525"}],"curies":[{"name":"wp","href":"https:\/\/api.w.org\/{rel}","templated":true}]}}