{"id":524,"date":"2025-10-29T08:52:21","date_gmt":"2025-10-29T08:52:21","guid":{"rendered":"http:matchart.rs\/?post_type=product&#038;p=524"},"modified":"2026-03-27T08:57:53","modified_gmt":"2026-03-27T08:57:53","slug":"specijalni-modeli","status":"publish","type":"product","link":"https:\/\/www.matchart.rs\/en\/product\/specijalni-modeli\/","title":{"rendered":"Specijalni Modeli"},"content":{"rendered":"<p><a href=\"https:\/\/www.matchart.rs\/wp-content\/uploads\/2024\/04\/SPECIJALNI-MODELI-tabla-scaled.webp\"><img decoding=\"async\" class=\"aligncenter wp-image-14942 size-full\" src=\"https:\/\/www.matchart.rs\/wp-content\/uploads\/2024\/04\/SPECIJALNI-MODELI-tabla-scaled.webp\" alt=\"\" width=\"2560\" height=\"1713\" \/><\/a><\/p>","protected":false},"excerpt":{"rendered":"","protected":false},"featured_media":717,"template":"","meta":{"_acf_changed":false},"product_brand":[],"product_cat":[96,135,20],"product_tag":[],"class_list":{"0":"post-524","1":"product","2":"type-product","3":"status-publish","4":"has-post-thumbnail","6":"product_cat-sibice","7":"product_cat-specijalni-modeli","8":"product_cat-svi-proizvodi","10":"first","11":"instock","12":"shipping-taxable","13":"purchasable","14":"product-type-simple"},"acf":[],"yoast_head":"<!-- This site is optimized with the Yoast SEO plugin v26.6 - https:\/\/yoast.com\/wordpress\/plugins\/seo\/ -->\n<title>Unikatni Modeli Pakovanja za \u0160ibice u Srbiji i Regionu<\/title>\n<meta name=\"description\" content=\"Kreativno dizajnirana pakovanja za \u0161ibice \u0161irom Srbije. Funkcionalna i vizuelno dopadljiva. Pozovite +381(0)69 266 11 20!\" \/>\n<meta name=\"robots\" content=\"index, follow, max-snippet:-1, max-image-preview:large, max-video-preview:-1\" \/>\n<link rel=\"canonical\" href=\"https:\/\/www.matchart.rs\/en\/product\/specijalni-modeli\/\" \/>\n<meta property=\"og:locale\" content=\"en_GB\" \/>\n<meta property=\"og:type\" content=\"article\" \/>\n<meta property=\"og:title\" content=\"Unikatni Modeli Pakovanja za \u0160ibice u Srbiji i Regionu\" \/>\n<meta property=\"og:description\" content=\"Kreativno dizajnirana pakovanja za \u0161ibice \u0161irom Srbije. Funkcionalna i vizuelno dopadljiva. Pozovite +381(0)69 266 11 20!\" \/>\n<meta property=\"og:url\" content=\"https:\/\/www.matchart.rs\/en\/product\/specijalni-modeli\/\" \/>\n<meta property=\"og:site_name\" content=\"Match &amp; Art\" \/>\n<meta property=\"article:modified_time\" content=\"2026-03-27T08:57:53+00:00\" \/>\n<meta property=\"og:image\" content=\"https:\/\/www.matchart.rs\/wp-content\/uploads\/2025\/10\/dzo-272-scaled-1.webp\" \/>\n\t<meta property=\"og:image:width\" content=\"2560\" \/>\n\t<meta property=\"og:image:height\" content=\"1704\" \/>\n\t<meta property=\"og:image:type\" content=\"image\/webp\" \/>\n<meta name=\"twitter:card\" content=\"summary_large_image\" \/>\n<meta name=\"twitter:label1\" content=\"Estimated reading time\" \/>\n\t<meta name=\"twitter:data1\" content=\"1 minute\" \/>\n<script type=\"application\/ld+json\" class=\"yoast-schema-graph\">{\"@context\":\"https:\/\/schema.org\",\"@graph\":[{\"@type\":\"WebPage\",\"@id\":\"https:\/\/www.matchart.rs\/product\/specijalni-modeli\/\",\"url\":\"https:\/\/www.matchart.rs\/product\/specijalni-modeli\/\",\"name\":\"Unikatni Modeli Pakovanja za \u0160ibice u Srbiji i Regionu\",\"isPartOf\":{\"@id\":\"https:\/\/www.matchart.rs\/#website\"},\"primaryImageOfPage\":{\"@id\":\"https:\/\/www.matchart.rs\/product\/specijalni-modeli\/#primaryimage\"},\"image\":{\"@id\":\"https:\/\/www.matchart.rs\/product\/specijalni-modeli\/#primaryimage\"},\"thumbnailUrl\":\"https:\/\/www.matchart.rs\/wp-content\/uploads\/2025\/10\/dzo-272-scaled-1.webp\",\"datePublished\":\"2025-10-29T08:52:21+00:00\",\"dateModified\":\"2026-03-27T08:57:53+00:00\",\"description\":\"Kreativno dizajnirana pakovanja za \u0161ibice \u0161irom Srbije. Funkcionalna i vizuelno dopadljiva. Pozovite +381(0)69 266 11 20!\",\"breadcrumb\":{\"@id\":\"https:\/\/www.matchart.rs\/product\/specijalni-modeli\/#breadcrumb\"},\"inLanguage\":\"en-GB\",\"potentialAction\":[{\"@type\":\"ReadAction\",\"target\":[\"https:\/\/www.matchart.rs\/product\/specijalni-modeli\/\"]}]},{\"@type\":\"ImageObject\",\"inLanguage\":\"en-GB\",\"@id\":\"https:\/\/www.matchart.rs\/product\/specijalni-modeli\/#primaryimage\",\"url\":\"https:\/\/www.matchart.rs\/wp-content\/uploads\/2025\/10\/dzo-272-scaled-1.webp\",\"contentUrl\":\"https:\/\/www.matchart.rs\/wp-content\/uploads\/2025\/10\/dzo-272-scaled-1.webp\",\"width\":2560,\"height\":1704},{\"@type\":\"BreadcrumbList\",\"@id\":\"https:\/\/www.matchart.rs\/product\/specijalni-modeli\/#breadcrumb\",\"itemListElement\":[{\"@type\":\"ListItem\",\"position\":1,\"name\":\"Home\",\"item\":\"https:\/\/www.matchart.rs\/\"},{\"@type\":\"ListItem\",\"position\":2,\"name\":\"Shop\",\"item\":\"https:\/\/www.matchart.rs\/?page_id=270\"},{\"@type\":\"ListItem\",\"position\":3,\"name\":\"Specijalni Modeli\"}]},{\"@type\":\"WebSite\",\"@id\":\"https:\/\/www.matchart.rs\/#website\",\"url\":\"https:\/\/www.matchart.rs\/\",\"name\":\"Match &amp; Art\",\"description\":\"\",\"publisher\":{\"@id\":\"https:\/\/www.matchart.rs\/#organization\"},\"potentialAction\":[{\"@type\":\"SearchAction\",\"target\":{\"@type\":\"EntryPoint\",\"urlTemplate\":\"https:\/\/www.matchart.rs\/?s={search_term_string}\"},\"query-input\":{\"@type\":\"PropertyValueSpecification\",\"valueRequired\":true,\"valueName\":\"search_term_string\"}}],\"inLanguage\":\"en-GB\"},{\"@type\":\"Organization\",\"@id\":\"https:\/\/www.matchart.rs\/#organization\",\"name\":\"Match &amp; Art\",\"url\":\"https:\/\/www.matchart.rs\/\",\"logo\":{\"@type\":\"ImageObject\",\"inLanguage\":\"en-GB\",\"@id\":\"https:\/\/www.matchart.rs\/#\/schema\/logo\/image\/\",\"url\":\"https:\/\/www.matchart.rs\/wp-content\/uploads\/2025\/10\/MatchAndArt-logo.png\",\"contentUrl\":\"https:\/\/www.matchart.rs\/wp-content\/uploads\/2025\/10\/MatchAndArt-logo.png\",\"width\":110,\"height\":96,\"caption\":\"Match &amp; Art\"},\"image\":{\"@id\":\"https:\/\/www.matchart.rs\/#\/schema\/logo\/image\/\"}}]}<\/script>\n<!-- \/ Yoast SEO plugin. -->","yoast_head_json":{"title":"Unikatni Modeli Pakovanja za \u0160ibice u Srbiji i Regionu","description":"Kreativno dizajnirana pakovanja za \u0161ibice \u0161irom Srbije. Funkcionalna i vizuelno dopadljiva. Pozovite +381(0)69 266 11 20!","robots":{"index":"index","follow":"follow","max-snippet":"max-snippet:-1","max-image-preview":"max-image-preview:large","max-video-preview":"max-video-preview:-1"},"canonical":"https:\/\/www.matchart.rs\/en\/product\/specijalni-modeli\/","og_locale":"en_GB","og_type":"article","og_title":"Unikatni Modeli Pakovanja za \u0160ibice u Srbiji i Regionu","og_description":"Kreativno dizajnirana pakovanja za \u0161ibice \u0161irom Srbije. Funkcionalna i vizuelno dopadljiva. Pozovite +381(0)69 266 11 20!","og_url":"https:\/\/www.matchart.rs\/en\/product\/specijalni-modeli\/","og_site_name":"Match &amp; Art","article_modified_time":"2026-03-27T08:57:53+00:00","og_image":[{"width":2560,"height":1704,"url":"https:\/\/www.matchart.rs\/wp-content\/uploads\/2025\/10\/dzo-272-scaled-1.webp","type":"image\/webp"}],"twitter_card":"summary_large_image","twitter_misc":{"Estimated reading time":"1 minute"},"schema":{"@context":"https:\/\/schema.org","@graph":[{"@type":"WebPage","@id":"https:\/\/www.matchart.rs\/product\/specijalni-modeli\/","url":"https:\/\/www.matchart.rs\/product\/specijalni-modeli\/","name":"Unikatni Modeli Pakovanja za \u0160ibice u Srbiji i Regionu","isPartOf":{"@id":"https:\/\/www.matchart.rs\/#website"},"primaryImageOfPage":{"@id":"https:\/\/www.matchart.rs\/product\/specijalni-modeli\/#primaryimage"},"image":{"@id":"https:\/\/www.matchart.rs\/product\/specijalni-modeli\/#primaryimage"},"thumbnailUrl":"https:\/\/www.matchart.rs\/wp-content\/uploads\/2025\/10\/dzo-272-scaled-1.webp","datePublished":"2025-10-29T08:52:21+00:00","dateModified":"2026-03-27T08:57:53+00:00","description":"Kreativno dizajnirana pakovanja za \u0161ibice \u0161irom Srbije. Funkcionalna i vizuelno dopadljiva. Pozovite +381(0)69 266 11 20!","breadcrumb":{"@id":"https:\/\/www.matchart.rs\/product\/specijalni-modeli\/#breadcrumb"},"inLanguage":"en-GB","potentialAction":[{"@type":"ReadAction","target":["https:\/\/www.matchart.rs\/product\/specijalni-modeli\/"]}]},{"@type":"ImageObject","inLanguage":"en-GB","@id":"https:\/\/www.matchart.rs\/product\/specijalni-modeli\/#primaryimage","url":"https:\/\/www.matchart.rs\/wp-content\/uploads\/2025\/10\/dzo-272-scaled-1.webp","contentUrl":"https:\/\/www.matchart.rs\/wp-content\/uploads\/2025\/10\/dzo-272-scaled-1.webp","width":2560,"height":1704},{"@type":"BreadcrumbList","@id":"https:\/\/www.matchart.rs\/product\/specijalni-modeli\/#breadcrumb","itemListElement":[{"@type":"ListItem","position":1,"name":"Home","item":"https:\/\/www.matchart.rs\/"},{"@type":"ListItem","position":2,"name":"Shop","item":"https:\/\/www.matchart.rs\/?page_id=270"},{"@type":"ListItem","position":3,"name":"Specijalni Modeli"}]},{"@type":"WebSite","@id":"https:\/\/www.matchart.rs\/#website","url":"https:\/\/www.matchart.rs\/","name":"Match &amp; Art","description":"","publisher":{"@id":"https:\/\/www.matchart.rs\/#organization"},"potentialAction":[{"@type":"SearchAction","target":{"@type":"EntryPoint","urlTemplate":"https:\/\/www.matchart.rs\/?s={search_term_string}"},"query-input":{"@type":"PropertyValueSpecification","valueRequired":true,"valueName":"search_term_string"}}],"inLanguage":"en-GB"},{"@type":"Organization","@id":"https:\/\/www.matchart.rs\/#organization","name":"Match &amp; Art","url":"https:\/\/www.matchart.rs\/","logo":{"@type":"ImageObject","inLanguage":"en-GB","@id":"https:\/\/www.matchart.rs\/#\/schema\/logo\/image\/","url":"https:\/\/www.matchart.rs\/wp-content\/uploads\/2025\/10\/MatchAndArt-logo.png","contentUrl":"https:\/\/www.matchart.rs\/wp-content\/uploads\/2025\/10\/MatchAndArt-logo.png","width":110,"height":96,"caption":"Match &amp; Art"},"image":{"@id":"https:\/\/www.matchart.rs\/#\/schema\/logo\/image\/"}}]}},"_links":{"self":[{"href":"https:\/\/www.matchart.rs\/en\/wp-json\/wp\/v2\/product\/524","targetHints":{"allow":["GET"]}}],"collection":[{"href":"https:\/\/www.matchart.rs\/en\/wp-json\/wp\/v2\/product"}],"about":[{"href":"https:\/\/www.matchart.rs\/en\/wp-json\/wp\/v2\/types\/product"}],"wp:featuredmedia":[{"embeddable":true,"href":"https:\/\/www.matchart.rs\/en\/wp-json\/wp\/v2\/media\/717"}],"wp:attachment":[{"href":"https:\/\/www.matchart.rs\/en\/wp-json\/wp\/v2\/media?parent=524"}],"wp:term":[{"taxonomy":"product_brand","embeddable":true,"href":"https:\/\/www.matchart.rs\/en\/wp-json\/wp\/v2\/product_brand?post=524"},{"taxonomy":"product_cat","embeddable":true,"href":"https:\/\/www.matchart.rs\/en\/wp-json\/wp\/v2\/product_cat?post=524"},{"taxonomy":"product_tag","embeddable":true,"href":"https:\/\/www.matchart.rs\/en\/wp-json\/wp\/v2\/product_tag?post=524"}],"curies":[{"name":"wp","href":"https:\/\/api.w.org\/{rel}","templated":true}]}}