{"id":511,"date":"2025-10-29T08:49:43","date_gmt":"2025-10-29T08:49:43","guid":{"rendered":"http:matchart.rs\/?post_type=product&#038;p=511"},"modified":"2026-04-30T13:29:53","modified_gmt":"2026-04-30T13:29:53","slug":"kutija-za-tortu","status":"publish","type":"product","link":"https:\/\/www.matchart.rs\/en\/product\/kutija-za-tortu\/","title":{"rendered":"Cake boxes"},"content":{"rendered":"<p>Our cake boxes are made from food-safe material with a reinforced bottom, allowing safe transport and protection from external influences. Their simple packaging system helps pastry shops throughout Serbia work quickly and efficiently, regardless of order volume.<\/p>\n<p>Cake boxes are in demand for special occasions, such as weddings, birthdays, and similar celebrations, especially larger ones that allow safe transport without the risk of damaging decorations. We also offer various takeaway boxes, as well as pizza boxes, barbecue boxes for up to 500gr, barbecue boxes for up to 1kg and much more. <a href=\"https:\/\/www.matchart.rs\/en\/product-category\/kutije-za-poneti\/\">takeaway boxes<\/a>, as well as <a href=\"https:\/\/www.matchart.rs\/en\/product\/kutija-za-pizzu\/\">pizza boxes<\/a>, <a href=\"https:\/\/www.matchart.rs\/en\/product\/kutija-rostilj-050kg-24x13x55cm\/\">barbecue boxes for up to 500gr<\/a>, <a href=\"https:\/\/www.matchart.rs\/en\/product\/kutija-rostilj-1kg-17x23x7cm\/\">barbecue boxes for up to 1kg<\/a> and much more.<\/p>\n<h2>Production and quality<\/h2>\n<p>During production, we pay special attention to durability and precise craftsmanship. Standard dimensions are available, as well as options with personalized printing. It\u2019s also possible to match the design to the brand\u2019s visual identity, which gives packaging an important role in promotion.<\/p>\n<p>Organized distribution allows the cake boxes to be delivered quickly and reliably throughout Belgrade, Serbia, and surrounding areas. From <a href=\"https:\/\/sr.wikipedia.org\/wiki\/%D0%91%D0%B5%D0%BE%D0%B3%D1%80%D0%B0%D0%B4%D1%81%D0%BA%D0%B0_%D0%B0%D1%80%D0%B5%D0%BD%D0%B0\">Belgrade arena<\/a> to <a href=\"https:\/\/sr.wikipedia.org\/wiki\/%D0%90%D0%B2%D0%B0%D0%BB%D1%81%D0%BA%D0%B8_%D1%82%D0%BE%D1%80%D0%B0%D1%9A\">Avala Tower<\/a>, pastry shops regularly order larger quantities to meet everyday needs, as well as increased demand during seasonal events.<\/p>","protected":false},"excerpt":{"rendered":"<p>In addition to visual impression being highly valued in the confectionary world, high-quality cake boxes ensure product safety during transport, neat packaging, and readiness for product display during sale or gifting. Their strong construction, along with attractive design, further enhances the professional appearance of every pastry shop, whether in Belgrade or across Serbia, regardless of production size.<\/p>","protected":false},"featured_media":449,"template":"","meta":{"_acf_changed":false},"product_brand":[],"product_cat":[69,64,20],"product_tag":[],"class_list":{"0":"post-511","1":"product","2":"type-product","3":"status-publish","4":"has-post-thumbnail","6":"product_cat-kutija-za-tortu","7":"product_cat-kutije-za-poneti","8":"product_cat-svi-proizvodi","10":"first","11":"instock","12":"shipping-taxable","13":"purchasable","14":"product-type-variable"},"acf":[],"yoast_head":"<!-- This site is optimized with the Yoast SEO plugin v26.6 - https:\/\/yoast.com\/wordpress\/plugins\/seo\/ -->\n<title>Vrhunske Kutije Za Torte u Beogradu, Srbiji i Regionu | Match &amp; Art<\/title>\n<meta name=\"description\" content=\"Kvalitetne kutije za torte u Beogradu i Srbiji koje \u010duvaju sve\u017einu i oblik va\u0161ih poslastica. Mogu\u0107nost jedinstvenog dizajna. Pozovite +381(0)69 266 11 20!\" \/>\n<meta name=\"robots\" content=\"index, follow, max-snippet:-1, max-image-preview:large, max-video-preview:-1\" \/>\n<link rel=\"canonical\" href=\"https:\/\/www.matchart.rs\/en\/product\/kutija-za-tortu\/\" \/>\n<meta property=\"og:locale\" content=\"en_GB\" \/>\n<meta property=\"og:type\" content=\"article\" \/>\n<meta property=\"og:title\" content=\"Vrhunske Kutije Za Torte u Beogradu, Srbiji i Regionu | Match &amp; Art\" \/>\n<meta property=\"og:description\" content=\"Kvalitetne kutije za torte u Beogradu i Srbiji koje \u010duvaju sve\u017einu i oblik va\u0161ih poslastica. Mogu\u0107nost jedinstvenog dizajna. Pozovite +381(0)69 266 11 20!\" \/>\n<meta property=\"og:url\" content=\"https:\/\/www.matchart.rs\/en\/product\/kutija-za-tortu\/\" \/>\n<meta property=\"og:site_name\" content=\"Match &amp; Art\" \/>\n<meta property=\"article:modified_time\" content=\"2026-04-30T13:29:53+00:00\" \/>\n<meta property=\"og:image\" content=\"https:\/\/www.matchart.rs\/wp-content\/uploads\/2025\/10\/Cvet-270x270-1-scaled-1.webp\" \/>\n\t<meta property=\"og:image:width\" content=\"2560\" \/>\n\t<meta property=\"og:image:height\" content=\"1704\" \/>\n\t<meta property=\"og:image:type\" content=\"image\/webp\" \/>\n<meta name=\"twitter:card\" content=\"summary_large_image\" \/>\n<meta name=\"twitter:label1\" content=\"Estimated reading time\" \/>\n\t<meta name=\"twitter:data1\" content=\"2 minutes\" \/>\n<script type=\"application\/ld+json\" class=\"yoast-schema-graph\">{\"@context\":\"https:\/\/schema.org\",\"@graph\":[{\"@type\":\"WebPage\",\"@id\":\"https:\/\/www.matchart.rs\/product\/kutija-za-tortu\/\",\"url\":\"https:\/\/www.matchart.rs\/product\/kutija-za-tortu\/\",\"name\":\"Vrhunske Kutije Za Torte u Beogradu, Srbiji i Regionu | Match & Art\",\"isPartOf\":{\"@id\":\"https:\/\/www.matchart.rs\/#website\"},\"primaryImageOfPage\":{\"@id\":\"https:\/\/www.matchart.rs\/product\/kutija-za-tortu\/#primaryimage\"},\"image\":{\"@id\":\"https:\/\/www.matchart.rs\/product\/kutija-za-tortu\/#primaryimage\"},\"thumbnailUrl\":\"https:\/\/www.matchart.rs\/wp-content\/uploads\/2025\/10\/Cvet-270x270-1-scaled-1.webp\",\"datePublished\":\"2025-10-29T08:49:43+00:00\",\"dateModified\":\"2026-04-30T13:29:53+00:00\",\"description\":\"Kvalitetne kutije za torte u Beogradu i Srbiji koje \u010duvaju sve\u017einu i oblik va\u0161ih poslastica. Mogu\u0107nost jedinstvenog dizajna. Pozovite +381(0)69 266 11 20!\",\"breadcrumb\":{\"@id\":\"https:\/\/www.matchart.rs\/product\/kutija-za-tortu\/#breadcrumb\"},\"inLanguage\":\"en-GB\",\"potentialAction\":[{\"@type\":\"ReadAction\",\"target\":[\"https:\/\/www.matchart.rs\/product\/kutija-za-tortu\/\"]}]},{\"@type\":\"ImageObject\",\"inLanguage\":\"en-GB\",\"@id\":\"https:\/\/www.matchart.rs\/product\/kutija-za-tortu\/#primaryimage\",\"url\":\"https:\/\/www.matchart.rs\/wp-content\/uploads\/2025\/10\/Cvet-270x270-1-scaled-1.webp\",\"contentUrl\":\"https:\/\/www.matchart.rs\/wp-content\/uploads\/2025\/10\/Cvet-270x270-1-scaled-1.webp\",\"width\":2560,\"height\":1704,\"caption\":\"Kreativna kutija za tortu u Srbiji\"},{\"@type\":\"BreadcrumbList\",\"@id\":\"https:\/\/www.matchart.rs\/product\/kutija-za-tortu\/#breadcrumb\",\"itemListElement\":[{\"@type\":\"ListItem\",\"position\":1,\"name\":\"Home\",\"item\":\"https:\/\/www.matchart.rs\/\"},{\"@type\":\"ListItem\",\"position\":2,\"name\":\"Shop\",\"item\":\"https:\/\/www.matchart.rs\/?page_id=270\"},{\"@type\":\"ListItem\",\"position\":3,\"name\":\"Kutija za Tortu\"}]},{\"@type\":\"WebSite\",\"@id\":\"https:\/\/www.matchart.rs\/#website\",\"url\":\"https:\/\/www.matchart.rs\/\",\"name\":\"Match &amp; Art\",\"description\":\"\",\"publisher\":{\"@id\":\"https:\/\/www.matchart.rs\/#organization\"},\"potentialAction\":[{\"@type\":\"SearchAction\",\"target\":{\"@type\":\"EntryPoint\",\"urlTemplate\":\"https:\/\/www.matchart.rs\/?s={search_term_string}\"},\"query-input\":{\"@type\":\"PropertyValueSpecification\",\"valueRequired\":true,\"valueName\":\"search_term_string\"}}],\"inLanguage\":\"en-GB\"},{\"@type\":\"Organization\",\"@id\":\"https:\/\/www.matchart.rs\/#organization\",\"name\":\"Match &amp; Art\",\"url\":\"https:\/\/www.matchart.rs\/\",\"logo\":{\"@type\":\"ImageObject\",\"inLanguage\":\"en-GB\",\"@id\":\"https:\/\/www.matchart.rs\/#\/schema\/logo\/image\/\",\"url\":\"https:\/\/www.matchart.rs\/wp-content\/uploads\/2025\/10\/MatchAndArt-logo.png\",\"contentUrl\":\"https:\/\/www.matchart.rs\/wp-content\/uploads\/2025\/10\/MatchAndArt-logo.png\",\"width\":110,\"height\":96,\"caption\":\"Match &amp; Art\"},\"image\":{\"@id\":\"https:\/\/www.matchart.rs\/#\/schema\/logo\/image\/\"}}]}<\/script>\n<!-- \/ Yoast SEO plugin. -->","yoast_head_json":{"title":"Vrhunske Kutije Za Torte u Beogradu, Srbiji i Regionu | Match & Art","description":"Kvalitetne kutije za torte u Beogradu i Srbiji koje \u010duvaju sve\u017einu i oblik va\u0161ih poslastica. Mogu\u0107nost jedinstvenog dizajna. Pozovite +381(0)69 266 11 20!","robots":{"index":"index","follow":"follow","max-snippet":"max-snippet:-1","max-image-preview":"max-image-preview:large","max-video-preview":"max-video-preview:-1"},"canonical":"https:\/\/www.matchart.rs\/en\/product\/kutija-za-tortu\/","og_locale":"en_GB","og_type":"article","og_title":"Vrhunske Kutije Za Torte u Beogradu, Srbiji i Regionu | Match & Art","og_description":"Kvalitetne kutije za torte u Beogradu i Srbiji koje \u010duvaju sve\u017einu i oblik va\u0161ih poslastica. Mogu\u0107nost jedinstvenog dizajna. Pozovite +381(0)69 266 11 20!","og_url":"https:\/\/www.matchart.rs\/en\/product\/kutija-za-tortu\/","og_site_name":"Match &amp; Art","article_modified_time":"2026-04-30T13:29:53+00:00","og_image":[{"width":2560,"height":1704,"url":"https:\/\/www.matchart.rs\/wp-content\/uploads\/2025\/10\/Cvet-270x270-1-scaled-1.webp","type":"image\/webp"}],"twitter_card":"summary_large_image","twitter_misc":{"Estimated reading time":"2 minutes"},"schema":{"@context":"https:\/\/schema.org","@graph":[{"@type":"WebPage","@id":"https:\/\/www.matchart.rs\/product\/kutija-za-tortu\/","url":"https:\/\/www.matchart.rs\/product\/kutija-za-tortu\/","name":"Vrhunske Kutije Za Torte u Beogradu, Srbiji i Regionu | Match & Art","isPartOf":{"@id":"https:\/\/www.matchart.rs\/#website"},"primaryImageOfPage":{"@id":"https:\/\/www.matchart.rs\/product\/kutija-za-tortu\/#primaryimage"},"image":{"@id":"https:\/\/www.matchart.rs\/product\/kutija-za-tortu\/#primaryimage"},"thumbnailUrl":"https:\/\/www.matchart.rs\/wp-content\/uploads\/2025\/10\/Cvet-270x270-1-scaled-1.webp","datePublished":"2025-10-29T08:49:43+00:00","dateModified":"2026-04-30T13:29:53+00:00","description":"Kvalitetne kutije za torte u Beogradu i Srbiji koje \u010duvaju sve\u017einu i oblik va\u0161ih poslastica. Mogu\u0107nost jedinstvenog dizajna. Pozovite +381(0)69 266 11 20!","breadcrumb":{"@id":"https:\/\/www.matchart.rs\/product\/kutija-za-tortu\/#breadcrumb"},"inLanguage":"en-GB","potentialAction":[{"@type":"ReadAction","target":["https:\/\/www.matchart.rs\/product\/kutija-za-tortu\/"]}]},{"@type":"ImageObject","inLanguage":"en-GB","@id":"https:\/\/www.matchart.rs\/product\/kutija-za-tortu\/#primaryimage","url":"https:\/\/www.matchart.rs\/wp-content\/uploads\/2025\/10\/Cvet-270x270-1-scaled-1.webp","contentUrl":"https:\/\/www.matchart.rs\/wp-content\/uploads\/2025\/10\/Cvet-270x270-1-scaled-1.webp","width":2560,"height":1704,"caption":"Kreativna kutija za tortu u Srbiji"},{"@type":"BreadcrumbList","@id":"https:\/\/www.matchart.rs\/product\/kutija-za-tortu\/#breadcrumb","itemListElement":[{"@type":"ListItem","position":1,"name":"Home","item":"https:\/\/www.matchart.rs\/"},{"@type":"ListItem","position":2,"name":"Shop","item":"https:\/\/www.matchart.rs\/?page_id=270"},{"@type":"ListItem","position":3,"name":"Kutija za Tortu"}]},{"@type":"WebSite","@id":"https:\/\/www.matchart.rs\/#website","url":"https:\/\/www.matchart.rs\/","name":"Match &amp; Art","description":"","publisher":{"@id":"https:\/\/www.matchart.rs\/#organization"},"potentialAction":[{"@type":"SearchAction","target":{"@type":"EntryPoint","urlTemplate":"https:\/\/www.matchart.rs\/?s={search_term_string}"},"query-input":{"@type":"PropertyValueSpecification","valueRequired":true,"valueName":"search_term_string"}}],"inLanguage":"en-GB"},{"@type":"Organization","@id":"https:\/\/www.matchart.rs\/#organization","name":"Match &amp; Art","url":"https:\/\/www.matchart.rs\/","logo":{"@type":"ImageObject","inLanguage":"en-GB","@id":"https:\/\/www.matchart.rs\/#\/schema\/logo\/image\/","url":"https:\/\/www.matchart.rs\/wp-content\/uploads\/2025\/10\/MatchAndArt-logo.png","contentUrl":"https:\/\/www.matchart.rs\/wp-content\/uploads\/2025\/10\/MatchAndArt-logo.png","width":110,"height":96,"caption":"Match &amp; Art"},"image":{"@id":"https:\/\/www.matchart.rs\/#\/schema\/logo\/image\/"}}]}},"_links":{"self":[{"href":"https:\/\/www.matchart.rs\/en\/wp-json\/wp\/v2\/product\/511","targetHints":{"allow":["GET"]}}],"collection":[{"href":"https:\/\/www.matchart.rs\/en\/wp-json\/wp\/v2\/product"}],"about":[{"href":"https:\/\/www.matchart.rs\/en\/wp-json\/wp\/v2\/types\/product"}],"wp:featuredmedia":[{"embeddable":true,"href":"https:\/\/www.matchart.rs\/en\/wp-json\/wp\/v2\/media\/449"}],"wp:attachment":[{"href":"https:\/\/www.matchart.rs\/en\/wp-json\/wp\/v2\/media?parent=511"}],"wp:term":[{"taxonomy":"product_brand","embeddable":true,"href":"https:\/\/www.matchart.rs\/en\/wp-json\/wp\/v2\/product_brand?post=511"},{"taxonomy":"product_cat","embeddable":true,"href":"https:\/\/www.matchart.rs\/en\/wp-json\/wp\/v2\/product_cat?post=511"},{"taxonomy":"product_tag","embeddable":true,"href":"https:\/\/www.matchart.rs\/en\/wp-json\/wp\/v2\/product_tag?post=511"}],"curies":[{"name":"wp","href":"https:\/\/api.w.org\/{rel}","templated":true}]}}