{"id":489,"date":"2025-10-29T08:49:26","date_gmt":"2025-10-29T08:49:26","guid":{"rendered":"http:matchart.rs\/?post_type=product&#038;p=489"},"modified":"2026-04-30T13:16:54","modified_gmt":"2026-04-30T13:16:54","slug":"papirne-case-za-sladoled","status":"publish","type":"product","link":"https:\/\/www.matchart.rs\/en\/product\/papirne-case-za-sladoled\/","title":{"rendered":"Paper Ice Cream Cups"},"content":{"rendered":"<p>Kartonske \u010da\u0161e za sladoled predstavljaju sveobuhvatno re\u0161enje za svakodnevno poslu\u017eivanje omiljenih ledenih poslastica. Izra\u0111ene su od kvalitetnog i \u010dvrstog papira, prilago\u0111enog hladnim i kremastim sadr\u017eajima, pa zadr\u017eavaju svoj oblik i kada su u kontaktu sa niskim temperaturama. Zahvaljuju\u0107i dodatnoj za\u0161titi materijala, upotreba je sigurna, higijenska i prilago\u0111ena potrebama kako poslasti\u010darnica, tako i drugih lokala kojima trebaju prakti\u010dne <a href=\"https:\/\/www.matchart.rs\/en\/product-category\/papirne-case-za-sladoled\/\">paper ice cream cups<\/a>. Dostupne su u razli\u010ditim veli\u010dinama, \u0161to olak\u0161ava pravi izbor ambala\u017ee za manje ili ve\u0107e porcije.<\/p>\n<p>Pored funkcionalnosti, ove \u010da\u0161e za sladoled doprinose i lep\u0161oj prezentaciji proizvoda, a uz mogu\u0107nost personalizacije, podi\u017eete vidljvost va\u0161eg brenda i van samog lokala, tako da vas va\u0161i kupci na prirodan na\u010din reklamiraju, bilo da u\u017eivaju u sladoledu na klupi u <a href=\"https:\/\/sr.wikipedia.org\/sr-el\/%D0%9A%D0%B0%D1%80%D0%B0%D1%92%D0%BE%D1%80%D1%92%D0%B5%D0%B2_%D0%BF%D0%B0%D1%80%D0%BA\">Kara\u0111or\u0111evom parku<\/a>, na putu do <a href=\"https:\/\/sr.wikipedia.org\/wiki\/%D0%91%D0%B5%D0%BE%D0%B3%D1%80%D0%B0%D0%B4%D1%81%D0%BA%D0%B0_%D0%B0%D1%80%D0%B5%D0%BD%D0%B0\">Belgrade arena<\/a>, ili bilo gde drugde u Beogradu, Srbiji i okolnim dr\u017eavama<\/p>\n<h2>Kvalitet i proizvodnja<\/h2>\n<p>Verujemo da visok kvalitet nije pogodnost, ve\u0107 osnova svakog proizvoda koji nudimo. Na\u0161e kartonske \u010da\u0161e za sladoled su izra\u0111ene od kvalitetnog papira koji ne dozvoljava omek\u0161avanje ili razlivanje, \u0161to je posebno zna\u010dajno tokom letnjih i sun\u010danih dana. Uz to, da bismo dodatno osigurali va\u0161 proizvod, dodajemo tanak sloj materijala koji spre\u010dava curenje.<\/p>\n<p>Kao firma koja brine o \u017eivotnoj sredini, bitno nam je da tokom proizvodnje koristimo odr\u017eiv materijal. Tako svaka na\u0161a \u010da\u0161a za sladoled mo\u017ee da se reciklira ili razgradi, a samim tim i vi pokazujete svojim kupcima da vam je briga o okolini prioritet.<\/p>\n<p>Dodatna pogodnost koju nudimo je personalizovana \u0161tampa na \u010da\u0161ama za sladoled. Na\u0161i dizajneri su tu da vam pomognu kroz svaki korak, od odabira dizajna i boja, do bilo kog drugog pitanja koje mo\u017eete imati.<\/p>","protected":false},"excerpt":{"rendered":"<p>Papirna \u010da\u0161a za sladoled danas je mnogo vi\u0161e od obi\u010dne ambala\u017ee, jer predstavlja va\u017ean deo utiska koji kupac sti\u010de o va\u0161em brendu. Match &amp; Art kvalitetno izra\u0111uje \u010da\u0161e za sladoled koje pru\u017eaju prakti\u010dnost, urednu prezentaciju i mogu\u0107nost da se proizvod dodatno istakne kroz pa\u017eljivo osmi\u0161ljen dizajn. Pored funkcionalnosti i vizuelne privla\u010dnosti, sve vi\u0161e pa\u017enje posve\u0107uje se i opcijama kao \u0161to su \u0161tampa na \u010da\u0161ama za sladoled koje omogu\u0107avaju prepoznatljivost na tr\u017ei\u0161tu. Bez obzira da li ste mala poslasti\u010darnica ili kafi\u0107 koji nudi sladoled, pravi izbor ambala\u017ee mo\u017ee zna\u010dajno doprineti boljoj prezentaciji i prodaji va\u0161ih proizvoda u Beogradu, Srbiji i \u0161ire.<\/p>","protected":false},"featured_media":378,"template":"","meta":{"_acf_changed":false},"product_brand":[],"product_cat":[37,20],"product_tag":[],"class_list":{"0":"post-489","1":"product","2":"type-product","3":"status-publish","4":"has-post-thumbnail","6":"product_cat-papirne-case-za-sladoled","7":"product_cat-svi-proizvodi","9":"first","10":"instock","11":"shipping-taxable","12":"purchasable","13":"product-type-variable","14":"has-default-attributes"},"acf":[],"yoast_head":"<!-- This site is optimized with the Yoast SEO plugin v26.6 - https:\/\/yoast.com\/wordpress\/plugins\/seo\/ -->\n<title>Vrhunske \u010ca\u0161e Za Sladoled u Beogradu, Srbiji i Regionu | Match &amp; Art<\/title>\n<meta name=\"description\" content=\"Papirne \u010da\u0161e za sladoled u Beogradu i \u0161irom Srbije. Stabilne, vodootporne i potpuno bezbedne. Pozovite +381(0)69 266 11 20!\" \/>\n<meta name=\"robots\" content=\"index, follow, max-snippet:-1, max-image-preview:large, max-video-preview:-1\" \/>\n<link rel=\"canonical\" href=\"https:\/\/www.matchart.rs\/en\/product\/papirne-case-za-sladoled\/\" \/>\n<meta property=\"og:locale\" content=\"en_GB\" \/>\n<meta property=\"og:type\" content=\"article\" \/>\n<meta property=\"og:title\" content=\"Vrhunske \u010ca\u0161e Za Sladoled u Beogradu, Srbiji i Regionu | Match &amp; Art\" \/>\n<meta property=\"og:description\" content=\"Papirne \u010da\u0161e za sladoled u Beogradu i \u0161irom Srbije. Stabilne, vodootporne i potpuno bezbedne. Pozovite +381(0)69 266 11 20!\" \/>\n<meta property=\"og:url\" content=\"https:\/\/www.matchart.rs\/en\/product\/papirne-case-za-sladoled\/\" \/>\n<meta property=\"og:site_name\" content=\"Match &amp; Art\" \/>\n<meta property=\"article:modified_time\" content=\"2026-04-30T13:16:54+00:00\" \/>\n<meta property=\"og:image\" content=\"https:\/\/www.matchart.rs\/wp-content\/uploads\/2025\/10\/dzo-196-scaled-1.webp\" \/>\n\t<meta property=\"og:image:width\" content=\"1704\" \/>\n\t<meta property=\"og:image:height\" content=\"2560\" \/>\n\t<meta property=\"og:image:type\" content=\"image\/webp\" \/>\n<meta name=\"twitter:card\" content=\"summary_large_image\" \/>\n<meta name=\"twitter:label1\" content=\"Estimated reading time\" \/>\n\t<meta name=\"twitter:data1\" content=\"2 minutes\" \/>\n<script type=\"application\/ld+json\" class=\"yoast-schema-graph\">{\"@context\":\"https:\/\/schema.org\",\"@graph\":[{\"@type\":\"WebPage\",\"@id\":\"https:\/\/www.matchart.rs\/product\/papirne-case-za-sladoled\/\",\"url\":\"https:\/\/www.matchart.rs\/product\/papirne-case-za-sladoled\/\",\"name\":\"Vrhunske \u010ca\u0161e Za Sladoled u Beogradu, Srbiji i Regionu | Match & Art\",\"isPartOf\":{\"@id\":\"https:\/\/www.matchart.rs\/#website\"},\"primaryImageOfPage\":{\"@id\":\"https:\/\/www.matchart.rs\/product\/papirne-case-za-sladoled\/#primaryimage\"},\"image\":{\"@id\":\"https:\/\/www.matchart.rs\/product\/papirne-case-za-sladoled\/#primaryimage\"},\"thumbnailUrl\":\"https:\/\/www.matchart.rs\/wp-content\/uploads\/2025\/10\/dzo-196-scaled-1.webp\",\"datePublished\":\"2025-10-29T08:49:26+00:00\",\"dateModified\":\"2026-04-30T13:16:54+00:00\",\"description\":\"Papirne \u010da\u0161e za sladoled u Beogradu i \u0161irom Srbije. Stabilne, vodootporne i potpuno bezbedne. Pozovite +381(0)69 266 11 20!\",\"breadcrumb\":{\"@id\":\"https:\/\/www.matchart.rs\/product\/papirne-case-za-sladoled\/#breadcrumb\"},\"inLanguage\":\"en-GB\",\"potentialAction\":[{\"@type\":\"ReadAction\",\"target\":[\"https:\/\/www.matchart.rs\/product\/papirne-case-za-sladoled\/\"]}]},{\"@type\":\"ImageObject\",\"inLanguage\":\"en-GB\",\"@id\":\"https:\/\/www.matchart.rs\/product\/papirne-case-za-sladoled\/#primaryimage\",\"url\":\"https:\/\/www.matchart.rs\/wp-content\/uploads\/2025\/10\/dzo-196-scaled-1.webp\",\"contentUrl\":\"https:\/\/www.matchart.rs\/wp-content\/uploads\/2025\/10\/dzo-196-scaled-1.webp\",\"width\":1704,\"height\":2560,\"caption\":\"brendirana papirnata casa za sladoled u Beogradu\"},{\"@type\":\"BreadcrumbList\",\"@id\":\"https:\/\/www.matchart.rs\/product\/papirne-case-za-sladoled\/#breadcrumb\",\"itemListElement\":[{\"@type\":\"ListItem\",\"position\":1,\"name\":\"Home\",\"item\":\"https:\/\/www.matchart.rs\/\"},{\"@type\":\"ListItem\",\"position\":2,\"name\":\"Shop\",\"item\":\"https:\/\/www.matchart.rs\/?page_id=270\"},{\"@type\":\"ListItem\",\"position\":3,\"name\":\"Papirne \u010ca\u0161e za Sladoled\"}]},{\"@type\":\"WebSite\",\"@id\":\"https:\/\/www.matchart.rs\/#website\",\"url\":\"https:\/\/www.matchart.rs\/\",\"name\":\"Match &amp; Art\",\"description\":\"\",\"publisher\":{\"@id\":\"https:\/\/www.matchart.rs\/#organization\"},\"potentialAction\":[{\"@type\":\"SearchAction\",\"target\":{\"@type\":\"EntryPoint\",\"urlTemplate\":\"https:\/\/www.matchart.rs\/?s={search_term_string}\"},\"query-input\":{\"@type\":\"PropertyValueSpecification\",\"valueRequired\":true,\"valueName\":\"search_term_string\"}}],\"inLanguage\":\"en-GB\"},{\"@type\":\"Organization\",\"@id\":\"https:\/\/www.matchart.rs\/#organization\",\"name\":\"Match &amp; Art\",\"url\":\"https:\/\/www.matchart.rs\/\",\"logo\":{\"@type\":\"ImageObject\",\"inLanguage\":\"en-GB\",\"@id\":\"https:\/\/www.matchart.rs\/#\/schema\/logo\/image\/\",\"url\":\"https:\/\/www.matchart.rs\/wp-content\/uploads\/2025\/10\/MatchAndArt-logo.png\",\"contentUrl\":\"https:\/\/www.matchart.rs\/wp-content\/uploads\/2025\/10\/MatchAndArt-logo.png\",\"width\":110,\"height\":96,\"caption\":\"Match &amp; Art\"},\"image\":{\"@id\":\"https:\/\/www.matchart.rs\/#\/schema\/logo\/image\/\"}}]}<\/script>\n<!-- \/ Yoast SEO plugin. -->","yoast_head_json":{"title":"Vrhunske \u010ca\u0161e Za Sladoled u Beogradu, Srbiji i Regionu | Match & Art","description":"Papirne \u010da\u0161e za sladoled u Beogradu i \u0161irom Srbije. Stabilne, vodootporne i potpuno bezbedne. Pozovite +381(0)69 266 11 20!","robots":{"index":"index","follow":"follow","max-snippet":"max-snippet:-1","max-image-preview":"max-image-preview:large","max-video-preview":"max-video-preview:-1"},"canonical":"https:\/\/www.matchart.rs\/en\/product\/papirne-case-za-sladoled\/","og_locale":"en_GB","og_type":"article","og_title":"Vrhunske \u010ca\u0161e Za Sladoled u Beogradu, Srbiji i Regionu | Match & Art","og_description":"Papirne \u010da\u0161e za sladoled u Beogradu i \u0161irom Srbije. Stabilne, vodootporne i potpuno bezbedne. Pozovite +381(0)69 266 11 20!","og_url":"https:\/\/www.matchart.rs\/en\/product\/papirne-case-za-sladoled\/","og_site_name":"Match &amp; Art","article_modified_time":"2026-04-30T13:16:54+00:00","og_image":[{"width":1704,"height":2560,"url":"https:\/\/www.matchart.rs\/wp-content\/uploads\/2025\/10\/dzo-196-scaled-1.webp","type":"image\/webp"}],"twitter_card":"summary_large_image","twitter_misc":{"Estimated reading time":"2 minutes"},"schema":{"@context":"https:\/\/schema.org","@graph":[{"@type":"WebPage","@id":"https:\/\/www.matchart.rs\/product\/papirne-case-za-sladoled\/","url":"https:\/\/www.matchart.rs\/product\/papirne-case-za-sladoled\/","name":"Vrhunske \u010ca\u0161e Za Sladoled u Beogradu, Srbiji i Regionu | Match & Art","isPartOf":{"@id":"https:\/\/www.matchart.rs\/#website"},"primaryImageOfPage":{"@id":"https:\/\/www.matchart.rs\/product\/papirne-case-za-sladoled\/#primaryimage"},"image":{"@id":"https:\/\/www.matchart.rs\/product\/papirne-case-za-sladoled\/#primaryimage"},"thumbnailUrl":"https:\/\/www.matchart.rs\/wp-content\/uploads\/2025\/10\/dzo-196-scaled-1.webp","datePublished":"2025-10-29T08:49:26+00:00","dateModified":"2026-04-30T13:16:54+00:00","description":"Papirne \u010da\u0161e za sladoled u Beogradu i \u0161irom Srbije. Stabilne, vodootporne i potpuno bezbedne. Pozovite +381(0)69 266 11 20!","breadcrumb":{"@id":"https:\/\/www.matchart.rs\/product\/papirne-case-za-sladoled\/#breadcrumb"},"inLanguage":"en-GB","potentialAction":[{"@type":"ReadAction","target":["https:\/\/www.matchart.rs\/product\/papirne-case-za-sladoled\/"]}]},{"@type":"ImageObject","inLanguage":"en-GB","@id":"https:\/\/www.matchart.rs\/product\/papirne-case-za-sladoled\/#primaryimage","url":"https:\/\/www.matchart.rs\/wp-content\/uploads\/2025\/10\/dzo-196-scaled-1.webp","contentUrl":"https:\/\/www.matchart.rs\/wp-content\/uploads\/2025\/10\/dzo-196-scaled-1.webp","width":1704,"height":2560,"caption":"brendirana papirnata casa za sladoled u Beogradu"},{"@type":"BreadcrumbList","@id":"https:\/\/www.matchart.rs\/product\/papirne-case-za-sladoled\/#breadcrumb","itemListElement":[{"@type":"ListItem","position":1,"name":"Home","item":"https:\/\/www.matchart.rs\/"},{"@type":"ListItem","position":2,"name":"Shop","item":"https:\/\/www.matchart.rs\/?page_id=270"},{"@type":"ListItem","position":3,"name":"Papirne \u010ca\u0161e za Sladoled"}]},{"@type":"WebSite","@id":"https:\/\/www.matchart.rs\/#website","url":"https:\/\/www.matchart.rs\/","name":"Match &amp; Art","description":"","publisher":{"@id":"https:\/\/www.matchart.rs\/#organization"},"potentialAction":[{"@type":"SearchAction","target":{"@type":"EntryPoint","urlTemplate":"https:\/\/www.matchart.rs\/?s={search_term_string}"},"query-input":{"@type":"PropertyValueSpecification","valueRequired":true,"valueName":"search_term_string"}}],"inLanguage":"en-GB"},{"@type":"Organization","@id":"https:\/\/www.matchart.rs\/#organization","name":"Match &amp; Art","url":"https:\/\/www.matchart.rs\/","logo":{"@type":"ImageObject","inLanguage":"en-GB","@id":"https:\/\/www.matchart.rs\/#\/schema\/logo\/image\/","url":"https:\/\/www.matchart.rs\/wp-content\/uploads\/2025\/10\/MatchAndArt-logo.png","contentUrl":"https:\/\/www.matchart.rs\/wp-content\/uploads\/2025\/10\/MatchAndArt-logo.png","width":110,"height":96,"caption":"Match &amp; Art"},"image":{"@id":"https:\/\/www.matchart.rs\/#\/schema\/logo\/image\/"}}]}},"_links":{"self":[{"href":"https:\/\/www.matchart.rs\/en\/wp-json\/wp\/v2\/product\/489","targetHints":{"allow":["GET"]}}],"collection":[{"href":"https:\/\/www.matchart.rs\/en\/wp-json\/wp\/v2\/product"}],"about":[{"href":"https:\/\/www.matchart.rs\/en\/wp-json\/wp\/v2\/types\/product"}],"wp:featuredmedia":[{"embeddable":true,"href":"https:\/\/www.matchart.rs\/en\/wp-json\/wp\/v2\/media\/378"}],"wp:attachment":[{"href":"https:\/\/www.matchart.rs\/en\/wp-json\/wp\/v2\/media?parent=489"}],"wp:term":[{"taxonomy":"product_brand","embeddable":true,"href":"https:\/\/www.matchart.rs\/en\/wp-json\/wp\/v2\/product_brand?post=489"},{"taxonomy":"product_cat","embeddable":true,"href":"https:\/\/www.matchart.rs\/en\/wp-json\/wp\/v2\/product_cat?post=489"},{"taxonomy":"product_tag","embeddable":true,"href":"https:\/\/www.matchart.rs\/en\/wp-json\/wp\/v2\/product_tag?post=489"}],"curies":[{"name":"wp","href":"https:\/\/api.w.org\/{rel}","templated":true}]}}