{"id":487,"date":"2025-10-29T08:49:25","date_gmt":"2025-10-29T08:49:25","guid":{"rendered":"http:matchart.rs\/?post_type=product&#038;p=487"},"modified":"2026-04-30T13:08:24","modified_gmt":"2026-04-30T13:08:24","slug":"papirne-case-za-napitke","status":"publish","type":"product","link":"https:\/\/www.matchart.rs\/en\/product\/papirne-case-za-napitke\/","title":{"rendered":"Paper Cups for Beverages"},"content":{"rendered":"<p>U brzom tempu svakodnevnog \u017eivota skloni smo da zanemarimo male rituale koji su nam preko potrebni. Zato je na\u0161e re\u0161enje da vam omogu\u0107imo da ponesete svoj ritual sa sobom. Na\u0161e \u010da\u0161e za poneti su namenjene jednostavnom i efikasnom poslu\u017eivanju pi\u0107a, bilo to u ugostiteljskim objektima i doga\u0111ajima ili u kancelarijama dok \u010dekamo sastanak i na stanici dok \u010dekamo prevoz prema <a href=\"https:\/\/sr.wikipedia.org\/wiki\/Stadion_Be%C5%BEanije\">Stadionu Be\u017eanije<\/a>, u pravcu <a href=\"https:\/\/sr.wikipedia.org\/wiki\/%D0%92%D0%B8%D0%BB%D0%B0_%D0%9C%D0%B8%D1%80\">Vile Mir<\/a>, ili drugde u Beogradu, Srbiji i okolnim zemljama.<\/p>\n<p>Njihova velika prednost ogleda se u lakoj distribuciji, jednostavnom skladi\u0161tenju a i brzoj upotrebi, \u0161to ih \u010dini pouzdanim izborom za bilo koju potrebu. Pored toga, brendiranje papirnih \u010da\u0161a predstavlja marketin\u0161ku priliku da se na potpuno personalizovan na\u010din predstavite svojim kupcima. Dok oni ispijaju va\u0161u kafu, va\u0161 logo prirodno postaje deo njihove svakodnevnice. Zato posebno mesto kod nas imaju na\u0161e <a href=\"https:\/\/www.matchart.rs\/en\/product-category\/papirne-case-za-napitke\/\">paper cups for beverages<\/a>.<\/p>\n<h2>Kvalitet i proizvodnja<\/h2>\n<p>Mi istinski verujemo u da je vrhunski kvalitet standard, a ne opcija, i zato nam je ono osnovno merilu u radu. Svaka \u010da\u0161a za poneti koja iza\u0111e iz na\u0161e radionice je ekoli\u0161ki odr\u017eiva, jer tokom na\u0161e proizvodnja papirnih \u010da\u0161a posebnu pa\u017enju obra\u0107amo na na\u0161u okolinu kori\u0161\u0107enjem reciklabilnih materijala. Iza svakog proizvoda koji isporu\u010dujemo nalazi se stru\u010dan i posve\u0107en tim koji pa\u017eljivo prati ceo tok realizacije. Na\u0161i dizajneri se oslanjaju na va\u0161e zahteve, prate aktuelna re\u0161enja i kreiraju izgled \u010da\u0161a tako da bude savremen, privla\u010dan i upe\u010datljiv. Dogovoreni rokovi za nas su obaveza, a standard izrade ostaje dosledno visok u svakoj fazi. Upravo zbog toga svakoj porud\u017ebini pristupamo individualno.<\/p>","protected":false},"excerpt":{"rendered":"<p>Mi u Match &amp; Art znamo da su kvalitetne papirne \u010da\u0161e danas neizostavan deo svake moderne usluge prodaje pi\u0107a za poneti. Na\u0161e su izra\u0111ene od \u010dvrstog kartona, namenjene su jednokratnoj upotrebi i pru\u017eaju sigurnost, prakti\u010dnost i pouzdanost pri svakom kori\u0161\u0107enju. Zahvaljuju\u0107i vodootpornoj izradi i materijalima koji su bezbedni bez obzira na temperaturu napitka, idealan su izbor za tople i hladne napitke.<\/p>\n<p>Papirne \u010da\u0161e za kafu i druga ambala\u017ea za poslu\u017eenje napitaka iz na\u0161eg asortimana i uredan izgled pri svakodnevnoj upotrebi, bilo da su u pitanju kartonske \u010da\u0161e za poneti, papirne \u010da\u0161e sa poklopcem ili modeli namenjeni brendiranju. Ovakvo re\u0161enje ostavlja profesionalan utisak i odgovara potrebama modernog poslovanja u Beogradu, Srbiji i dalje.<\/p>","protected":false},"featured_media":364,"template":"","meta":{"_acf_changed":false},"product_brand":[],"product_cat":[36,20],"product_tag":[],"class_list":{"0":"post-487","1":"product","2":"type-product","3":"status-publish","4":"has-post-thumbnail","6":"product_cat-papirne-case-za-napitke","7":"product_cat-svi-proizvodi","9":"first","10":"instock","11":"shipping-taxable","12":"purchasable","13":"product-type-variable"},"acf":[],"yoast_head":"<!-- This site is optimized with the Yoast SEO plugin v26.6 - https:\/\/yoast.com\/wordpress\/plugins\/seo\/ -->\n<title>Izdr\u017eljive \u010ca\u0161e Za Napitke u Beogradu, Srbiji i Regionu | Match &amp; Art<\/title>\n<meta name=\"description\" content=\"Kvalitetne \u010da\u0161e za napitke u Beogradu i \u0161irom Srbije. Stabilne, vodootporne i potpuno bezbedne. Pozovite +381(0)69 266 11 20!\" \/>\n<meta name=\"robots\" content=\"index, follow, max-snippet:-1, max-image-preview:large, max-video-preview:-1\" \/>\n<link rel=\"canonical\" href=\"https:\/\/www.matchart.rs\/en\/product\/papirne-case-za-napitke\/\" \/>\n<meta property=\"og:locale\" content=\"en_GB\" \/>\n<meta property=\"og:type\" content=\"article\" \/>\n<meta property=\"og:title\" content=\"Izdr\u017eljive \u010ca\u0161e Za Napitke u Beogradu, Srbiji i Regionu | Match &amp; Art\" \/>\n<meta property=\"og:description\" content=\"Kvalitetne \u010da\u0161e za napitke u Beogradu i \u0161irom Srbije. Stabilne, vodootporne i potpuno bezbedne. Pozovite +381(0)69 266 11 20!\" \/>\n<meta property=\"og:url\" content=\"https:\/\/www.matchart.rs\/en\/product\/papirne-case-za-napitke\/\" \/>\n<meta property=\"og:site_name\" content=\"Match &amp; Art\" \/>\n<meta property=\"article:modified_time\" content=\"2026-04-30T13:08:24+00:00\" \/>\n<meta property=\"og:image\" content=\"https:\/\/www.matchart.rs\/wp-content\/uploads\/2025\/10\/dzo-209-scaled-1.webp\" \/>\n\t<meta property=\"og:image:width\" content=\"1704\" \/>\n\t<meta property=\"og:image:height\" content=\"2560\" \/>\n\t<meta property=\"og:image:type\" content=\"image\/webp\" \/>\n<meta name=\"twitter:card\" content=\"summary_large_image\" \/>\n<meta name=\"twitter:label1\" content=\"Estimated reading time\" \/>\n\t<meta name=\"twitter:data1\" content=\"2 minutes\" \/>\n<script type=\"application\/ld+json\" class=\"yoast-schema-graph\">{\"@context\":\"https:\/\/schema.org\",\"@graph\":[{\"@type\":\"WebPage\",\"@id\":\"https:\/\/www.matchart.rs\/product\/papirne-case-za-napitke\/\",\"url\":\"https:\/\/www.matchart.rs\/product\/papirne-case-za-napitke\/\",\"name\":\"Izdr\u017eljive \u010ca\u0161e Za Napitke u Beogradu, Srbiji i Regionu | Match & Art\",\"isPartOf\":{\"@id\":\"https:\/\/www.matchart.rs\/#website\"},\"primaryImageOfPage\":{\"@id\":\"https:\/\/www.matchart.rs\/product\/papirne-case-za-napitke\/#primaryimage\"},\"image\":{\"@id\":\"https:\/\/www.matchart.rs\/product\/papirne-case-za-napitke\/#primaryimage\"},\"thumbnailUrl\":\"https:\/\/www.matchart.rs\/wp-content\/uploads\/2025\/10\/dzo-209-scaled-1.webp\",\"datePublished\":\"2025-10-29T08:49:25+00:00\",\"dateModified\":\"2026-04-30T13:08:24+00:00\",\"description\":\"Kvalitetne \u010da\u0161e za napitke u Beogradu i \u0161irom Srbije. Stabilne, vodootporne i potpuno bezbedne. Pozovite +381(0)69 266 11 20!\",\"breadcrumb\":{\"@id\":\"https:\/\/www.matchart.rs\/product\/papirne-case-za-napitke\/#breadcrumb\"},\"inLanguage\":\"en-GB\",\"potentialAction\":[{\"@type\":\"ReadAction\",\"target\":[\"https:\/\/www.matchart.rs\/product\/papirne-case-za-napitke\/\"]}]},{\"@type\":\"ImageObject\",\"inLanguage\":\"en-GB\",\"@id\":\"https:\/\/www.matchart.rs\/product\/papirne-case-za-napitke\/#primaryimage\",\"url\":\"https:\/\/www.matchart.rs\/wp-content\/uploads\/2025\/10\/dzo-209-scaled-1.webp\",\"contentUrl\":\"https:\/\/www.matchart.rs\/wp-content\/uploads\/2025\/10\/dzo-209-scaled-1.webp\",\"width\":1704,\"height\":2560,\"caption\":\"nepropusne \u010da\u0161e za napitke u Srbiji i regionu\"},{\"@type\":\"BreadcrumbList\",\"@id\":\"https:\/\/www.matchart.rs\/product\/papirne-case-za-napitke\/#breadcrumb\",\"itemListElement\":[{\"@type\":\"ListItem\",\"position\":1,\"name\":\"Home\",\"item\":\"https:\/\/www.matchart.rs\/\"},{\"@type\":\"ListItem\",\"position\":2,\"name\":\"Shop\",\"item\":\"https:\/\/www.matchart.rs\/?page_id=270\"},{\"@type\":\"ListItem\",\"position\":3,\"name\":\"Papirne \u010ca\u0161e za Napitke\"}]},{\"@type\":\"WebSite\",\"@id\":\"https:\/\/www.matchart.rs\/#website\",\"url\":\"https:\/\/www.matchart.rs\/\",\"name\":\"Match &amp; Art\",\"description\":\"\",\"publisher\":{\"@id\":\"https:\/\/www.matchart.rs\/#organization\"},\"potentialAction\":[{\"@type\":\"SearchAction\",\"target\":{\"@type\":\"EntryPoint\",\"urlTemplate\":\"https:\/\/www.matchart.rs\/?s={search_term_string}\"},\"query-input\":{\"@type\":\"PropertyValueSpecification\",\"valueRequired\":true,\"valueName\":\"search_term_string\"}}],\"inLanguage\":\"en-GB\"},{\"@type\":\"Organization\",\"@id\":\"https:\/\/www.matchart.rs\/#organization\",\"name\":\"Match &amp; Art\",\"url\":\"https:\/\/www.matchart.rs\/\",\"logo\":{\"@type\":\"ImageObject\",\"inLanguage\":\"en-GB\",\"@id\":\"https:\/\/www.matchart.rs\/#\/schema\/logo\/image\/\",\"url\":\"https:\/\/www.matchart.rs\/wp-content\/uploads\/2025\/10\/MatchAndArt-logo.png\",\"contentUrl\":\"https:\/\/www.matchart.rs\/wp-content\/uploads\/2025\/10\/MatchAndArt-logo.png\",\"width\":110,\"height\":96,\"caption\":\"Match &amp; Art\"},\"image\":{\"@id\":\"https:\/\/www.matchart.rs\/#\/schema\/logo\/image\/\"}}]}<\/script>\n<!-- \/ Yoast SEO plugin. -->","yoast_head_json":{"title":"Izdr\u017eljive \u010ca\u0161e Za Napitke u Beogradu, Srbiji i Regionu | Match & Art","description":"Kvalitetne \u010da\u0161e za napitke u Beogradu i \u0161irom Srbije. Stabilne, vodootporne i potpuno bezbedne. Pozovite +381(0)69 266 11 20!","robots":{"index":"index","follow":"follow","max-snippet":"max-snippet:-1","max-image-preview":"max-image-preview:large","max-video-preview":"max-video-preview:-1"},"canonical":"https:\/\/www.matchart.rs\/en\/product\/papirne-case-za-napitke\/","og_locale":"en_GB","og_type":"article","og_title":"Izdr\u017eljive \u010ca\u0161e Za Napitke u Beogradu, Srbiji i Regionu | Match & Art","og_description":"Kvalitetne \u010da\u0161e za napitke u Beogradu i \u0161irom Srbije. Stabilne, vodootporne i potpuno bezbedne. Pozovite +381(0)69 266 11 20!","og_url":"https:\/\/www.matchart.rs\/en\/product\/papirne-case-za-napitke\/","og_site_name":"Match &amp; Art","article_modified_time":"2026-04-30T13:08:24+00:00","og_image":[{"width":1704,"height":2560,"url":"https:\/\/www.matchart.rs\/wp-content\/uploads\/2025\/10\/dzo-209-scaled-1.webp","type":"image\/webp"}],"twitter_card":"summary_large_image","twitter_misc":{"Estimated reading time":"2 minutes"},"schema":{"@context":"https:\/\/schema.org","@graph":[{"@type":"WebPage","@id":"https:\/\/www.matchart.rs\/product\/papirne-case-za-napitke\/","url":"https:\/\/www.matchart.rs\/product\/papirne-case-za-napitke\/","name":"Izdr\u017eljive \u010ca\u0161e Za Napitke u Beogradu, Srbiji i Regionu | Match & Art","isPartOf":{"@id":"https:\/\/www.matchart.rs\/#website"},"primaryImageOfPage":{"@id":"https:\/\/www.matchart.rs\/product\/papirne-case-za-napitke\/#primaryimage"},"image":{"@id":"https:\/\/www.matchart.rs\/product\/papirne-case-za-napitke\/#primaryimage"},"thumbnailUrl":"https:\/\/www.matchart.rs\/wp-content\/uploads\/2025\/10\/dzo-209-scaled-1.webp","datePublished":"2025-10-29T08:49:25+00:00","dateModified":"2026-04-30T13:08:24+00:00","description":"Kvalitetne \u010da\u0161e za napitke u Beogradu i \u0161irom Srbije. Stabilne, vodootporne i potpuno bezbedne. Pozovite +381(0)69 266 11 20!","breadcrumb":{"@id":"https:\/\/www.matchart.rs\/product\/papirne-case-za-napitke\/#breadcrumb"},"inLanguage":"en-GB","potentialAction":[{"@type":"ReadAction","target":["https:\/\/www.matchart.rs\/product\/papirne-case-za-napitke\/"]}]},{"@type":"ImageObject","inLanguage":"en-GB","@id":"https:\/\/www.matchart.rs\/product\/papirne-case-za-napitke\/#primaryimage","url":"https:\/\/www.matchart.rs\/wp-content\/uploads\/2025\/10\/dzo-209-scaled-1.webp","contentUrl":"https:\/\/www.matchart.rs\/wp-content\/uploads\/2025\/10\/dzo-209-scaled-1.webp","width":1704,"height":2560,"caption":"nepropusne \u010da\u0161e za napitke u Srbiji i regionu"},{"@type":"BreadcrumbList","@id":"https:\/\/www.matchart.rs\/product\/papirne-case-za-napitke\/#breadcrumb","itemListElement":[{"@type":"ListItem","position":1,"name":"Home","item":"https:\/\/www.matchart.rs\/"},{"@type":"ListItem","position":2,"name":"Shop","item":"https:\/\/www.matchart.rs\/?page_id=270"},{"@type":"ListItem","position":3,"name":"Papirne \u010ca\u0161e za Napitke"}]},{"@type":"WebSite","@id":"https:\/\/www.matchart.rs\/#website","url":"https:\/\/www.matchart.rs\/","name":"Match &amp; Art","description":"","publisher":{"@id":"https:\/\/www.matchart.rs\/#organization"},"potentialAction":[{"@type":"SearchAction","target":{"@type":"EntryPoint","urlTemplate":"https:\/\/www.matchart.rs\/?s={search_term_string}"},"query-input":{"@type":"PropertyValueSpecification","valueRequired":true,"valueName":"search_term_string"}}],"inLanguage":"en-GB"},{"@type":"Organization","@id":"https:\/\/www.matchart.rs\/#organization","name":"Match &amp; Art","url":"https:\/\/www.matchart.rs\/","logo":{"@type":"ImageObject","inLanguage":"en-GB","@id":"https:\/\/www.matchart.rs\/#\/schema\/logo\/image\/","url":"https:\/\/www.matchart.rs\/wp-content\/uploads\/2025\/10\/MatchAndArt-logo.png","contentUrl":"https:\/\/www.matchart.rs\/wp-content\/uploads\/2025\/10\/MatchAndArt-logo.png","width":110,"height":96,"caption":"Match &amp; Art"},"image":{"@id":"https:\/\/www.matchart.rs\/#\/schema\/logo\/image\/"}}]}},"_links":{"self":[{"href":"https:\/\/www.matchart.rs\/en\/wp-json\/wp\/v2\/product\/487","targetHints":{"allow":["GET"]}}],"collection":[{"href":"https:\/\/www.matchart.rs\/en\/wp-json\/wp\/v2\/product"}],"about":[{"href":"https:\/\/www.matchart.rs\/en\/wp-json\/wp\/v2\/types\/product"}],"wp:featuredmedia":[{"embeddable":true,"href":"https:\/\/www.matchart.rs\/en\/wp-json\/wp\/v2\/media\/364"}],"wp:attachment":[{"href":"https:\/\/www.matchart.rs\/en\/wp-json\/wp\/v2\/media?parent=487"}],"wp:term":[{"taxonomy":"product_brand","embeddable":true,"href":"https:\/\/www.matchart.rs\/en\/wp-json\/wp\/v2\/product_brand?post=487"},{"taxonomy":"product_cat","embeddable":true,"href":"https:\/\/www.matchart.rs\/en\/wp-json\/wp\/v2\/product_cat?post=487"},{"taxonomy":"product_tag","embeddable":true,"href":"https:\/\/www.matchart.rs\/en\/wp-json\/wp\/v2\/product_tag?post=487"}],"curies":[{"name":"wp","href":"https:\/\/api.w.org\/{rel}","templated":true}]}}