{"id":485,"date":"2025-10-29T08:49:25","date_gmt":"2025-10-29T08:49:25","guid":{"rendered":"http:matchart.rs\/?post_type=product&#038;p=485"},"modified":"2025-10-29T08:49:32","modified_gmt":"2025-10-29T08:49:32","slug":"omot-za-escajg","status":"publish","type":"product","link":"https:\/\/www.matchart.rs\/en\/product\/omot-za-escajg\/","title":{"rendered":"Cutlery Wrap"},"content":{"rendered":"<p><span style=\"font-family: georgia, palatino;\">Omoti za escajg su idealni za primenu u modernim restoranima.Mo\u017eete ih koristiti samostalno ili iskombinovati sa dezenom podmeta\u010da za hranu .Ovaj proizvod ima prakti\u010dnu primenu a sa Va\u0161im logom oplemeni\u0107e postavku stola.Radimo ih u dve varijante samolo\u017eivi i samoslagaju\u0107i.<\/span><\/p>","protected":false},"excerpt":{"rendered":"<p>Omoti za escajg su idealni za primenu u modernim restoranima.<\/p>","protected":false},"featured_media":354,"template":"","meta":{"_acf_changed":false},"product_brand":[],"product_cat":[35,20],"product_tag":[],"class_list":{"0":"post-485","1":"product","2":"type-product","3":"status-publish","4":"has-post-thumbnail","6":"product_cat-omot-za-escajg","7":"product_cat-svi-proizvodi","9":"first","10":"instock","11":"shipping-taxable","12":"purchasable","13":"product-type-variable"},"acf":[],"yoast_head":"<!-- This site is optimized with the Yoast SEO plugin v26.6 - https:\/\/yoast.com\/wordpress\/plugins\/seo\/ -->\n<title>Papirni omot za escajg | Match &amp; Art<\/title>\n<meta name=\"description\" content=\"Brendirana papirna omotnica za escajg izra\u0111ena po Va\u0161im \u017eeljama. Stavite logo i krilaticu Va\u0161e firme na omot za escajg uz na\u0161u uslu\u017enu \u0161tampu. Pozovite +381692661120.\" \/>\n<meta name=\"robots\" content=\"index, follow, max-snippet:-1, max-image-preview:large, max-video-preview:-1\" \/>\n<link rel=\"canonical\" href=\"https:\/\/www.matchart.rs\/en\/product\/omot-za-escajg\/\" \/>\n<meta property=\"og:locale\" content=\"en_GB\" \/>\n<meta property=\"og:type\" content=\"article\" \/>\n<meta property=\"og:title\" content=\"Papirni omot za escajg | Match &amp; Art\" \/>\n<meta property=\"og:description\" content=\"Brendirana papirna omotnica za escajg izra\u0111ena po Va\u0161im \u017eeljama. Stavite logo i krilaticu Va\u0161e firme na omot za escajg uz na\u0161u uslu\u017enu \u0161tampu. Pozovite +381692661120.\" \/>\n<meta property=\"og:url\" content=\"https:\/\/www.matchart.rs\/en\/product\/omot-za-escajg\/\" \/>\n<meta property=\"og:site_name\" content=\"Match &amp; Art\" \/>\n<meta property=\"article:modified_time\" content=\"2025-10-29T08:49:32+00:00\" \/>\n<meta property=\"og:image\" content=\"https:\/\/www.matchart.rs\/wp-content\/uploads\/2025\/10\/Omot-lepljeni-scaled-1.webp\" \/>\n\t<meta property=\"og:image:width\" content=\"2560\" \/>\n\t<meta property=\"og:image:height\" content=\"1704\" \/>\n\t<meta property=\"og:image:type\" content=\"image\/webp\" \/>\n<meta name=\"twitter:card\" content=\"summary_large_image\" \/>\n<meta name=\"twitter:label1\" content=\"Estimated reading time\" \/>\n\t<meta name=\"twitter:data1\" content=\"1 minute\" \/>\n<script type=\"application\/ld+json\" class=\"yoast-schema-graph\">{\"@context\":\"https:\/\/schema.org\",\"@graph\":[{\"@type\":\"WebPage\",\"@id\":\"https:\/\/www.matchart.rs\/product\/omot-za-escajg\/\",\"url\":\"https:\/\/www.matchart.rs\/product\/omot-za-escajg\/\",\"name\":\"Papirni omot za escajg | Match &amp; Art\",\"isPartOf\":{\"@id\":\"https:\/\/www.matchart.rs\/#website\"},\"primaryImageOfPage\":{\"@id\":\"https:\/\/www.matchart.rs\/product\/omot-za-escajg\/#primaryimage\"},\"image\":{\"@id\":\"https:\/\/www.matchart.rs\/product\/omot-za-escajg\/#primaryimage\"},\"thumbnailUrl\":\"https:\/\/www.matchart.rs\/wp-content\/uploads\/2025\/10\/Omot-lepljeni-scaled-1.webp\",\"datePublished\":\"2025-10-29T08:49:25+00:00\",\"dateModified\":\"2025-10-29T08:49:32+00:00\",\"description\":\"Brendirana papirna omotnica za escajg izra\u0111ena po Va\u0161im \u017eeljama. Stavite logo i krilaticu Va\u0161e firme na omot za escajg uz na\u0161u uslu\u017enu \u0161tampu. Pozovite +381692661120.\",\"breadcrumb\":{\"@id\":\"https:\/\/www.matchart.rs\/product\/omot-za-escajg\/#breadcrumb\"},\"inLanguage\":\"en-GB\",\"potentialAction\":[{\"@type\":\"ReadAction\",\"target\":[\"https:\/\/www.matchart.rs\/product\/omot-za-escajg\/\"]}]},{\"@type\":\"ImageObject\",\"inLanguage\":\"en-GB\",\"@id\":\"https:\/\/www.matchart.rs\/product\/omot-za-escajg\/#primaryimage\",\"url\":\"https:\/\/www.matchart.rs\/wp-content\/uploads\/2025\/10\/Omot-lepljeni-scaled-1.webp\",\"contentUrl\":\"https:\/\/www.matchart.rs\/wp-content\/uploads\/2025\/10\/Omot-lepljeni-scaled-1.webp\",\"width\":2560,\"height\":1704},{\"@type\":\"BreadcrumbList\",\"@id\":\"https:\/\/www.matchart.rs\/product\/omot-za-escajg\/#breadcrumb\",\"itemListElement\":[{\"@type\":\"ListItem\",\"position\":1,\"name\":\"Home\",\"item\":\"https:\/\/www.matchart.rs\/\"},{\"@type\":\"ListItem\",\"position\":2,\"name\":\"Shop\",\"item\":\"https:\/\/www.matchart.rs\/?page_id=270\"},{\"@type\":\"ListItem\",\"position\":3,\"name\":\"Omot za Escajg\"}]},{\"@type\":\"WebSite\",\"@id\":\"https:\/\/www.matchart.rs\/#website\",\"url\":\"https:\/\/www.matchart.rs\/\",\"name\":\"Match &amp; Art\",\"description\":\"\",\"publisher\":{\"@id\":\"https:\/\/www.matchart.rs\/#organization\"},\"potentialAction\":[{\"@type\":\"SearchAction\",\"target\":{\"@type\":\"EntryPoint\",\"urlTemplate\":\"https:\/\/www.matchart.rs\/?s={search_term_string}\"},\"query-input\":{\"@type\":\"PropertyValueSpecification\",\"valueRequired\":true,\"valueName\":\"search_term_string\"}}],\"inLanguage\":\"en-GB\"},{\"@type\":\"Organization\",\"@id\":\"https:\/\/www.matchart.rs\/#organization\",\"name\":\"Match &amp; Art\",\"url\":\"https:\/\/www.matchart.rs\/\",\"logo\":{\"@type\":\"ImageObject\",\"inLanguage\":\"en-GB\",\"@id\":\"https:\/\/www.matchart.rs\/#\/schema\/logo\/image\/\",\"url\":\"https:\/\/www.matchart.rs\/wp-content\/uploads\/2025\/10\/MatchAndArt-logo.png\",\"contentUrl\":\"https:\/\/www.matchart.rs\/wp-content\/uploads\/2025\/10\/MatchAndArt-logo.png\",\"width\":110,\"height\":96,\"caption\":\"Match &amp; Art\"},\"image\":{\"@id\":\"https:\/\/www.matchart.rs\/#\/schema\/logo\/image\/\"}}]}<\/script>\n<!-- \/ Yoast SEO plugin. -->","yoast_head_json":{"title":"Papirni omot za escajg | Match &amp; Art","description":"Brendirana papirna omotnica za escajg izra\u0111ena po Va\u0161im \u017eeljama. Stavite logo i krilaticu Va\u0161e firme na omot za escajg uz na\u0161u uslu\u017enu \u0161tampu. Pozovite +381692661120.","robots":{"index":"index","follow":"follow","max-snippet":"max-snippet:-1","max-image-preview":"max-image-preview:large","max-video-preview":"max-video-preview:-1"},"canonical":"https:\/\/www.matchart.rs\/en\/product\/omot-za-escajg\/","og_locale":"en_GB","og_type":"article","og_title":"Papirni omot za escajg | Match &amp; Art","og_description":"Brendirana papirna omotnica za escajg izra\u0111ena po Va\u0161im \u017eeljama. Stavite logo i krilaticu Va\u0161e firme na omot za escajg uz na\u0161u uslu\u017enu \u0161tampu. Pozovite +381692661120.","og_url":"https:\/\/www.matchart.rs\/en\/product\/omot-za-escajg\/","og_site_name":"Match &amp; Art","article_modified_time":"2025-10-29T08:49:32+00:00","og_image":[{"width":2560,"height":1704,"url":"https:\/\/www.matchart.rs\/wp-content\/uploads\/2025\/10\/Omot-lepljeni-scaled-1.webp","type":"image\/webp"}],"twitter_card":"summary_large_image","twitter_misc":{"Estimated reading time":"1 minute"},"schema":{"@context":"https:\/\/schema.org","@graph":[{"@type":"WebPage","@id":"https:\/\/www.matchart.rs\/product\/omot-za-escajg\/","url":"https:\/\/www.matchart.rs\/product\/omot-za-escajg\/","name":"Papirni omot za escajg | Match &amp; Art","isPartOf":{"@id":"https:\/\/www.matchart.rs\/#website"},"primaryImageOfPage":{"@id":"https:\/\/www.matchart.rs\/product\/omot-za-escajg\/#primaryimage"},"image":{"@id":"https:\/\/www.matchart.rs\/product\/omot-za-escajg\/#primaryimage"},"thumbnailUrl":"https:\/\/www.matchart.rs\/wp-content\/uploads\/2025\/10\/Omot-lepljeni-scaled-1.webp","datePublished":"2025-10-29T08:49:25+00:00","dateModified":"2025-10-29T08:49:32+00:00","description":"Brendirana papirna omotnica za escajg izra\u0111ena po Va\u0161im \u017eeljama. Stavite logo i krilaticu Va\u0161e firme na omot za escajg uz na\u0161u uslu\u017enu \u0161tampu. Pozovite +381692661120.","breadcrumb":{"@id":"https:\/\/www.matchart.rs\/product\/omot-za-escajg\/#breadcrumb"},"inLanguage":"en-GB","potentialAction":[{"@type":"ReadAction","target":["https:\/\/www.matchart.rs\/product\/omot-za-escajg\/"]}]},{"@type":"ImageObject","inLanguage":"en-GB","@id":"https:\/\/www.matchart.rs\/product\/omot-za-escajg\/#primaryimage","url":"https:\/\/www.matchart.rs\/wp-content\/uploads\/2025\/10\/Omot-lepljeni-scaled-1.webp","contentUrl":"https:\/\/www.matchart.rs\/wp-content\/uploads\/2025\/10\/Omot-lepljeni-scaled-1.webp","width":2560,"height":1704},{"@type":"BreadcrumbList","@id":"https:\/\/www.matchart.rs\/product\/omot-za-escajg\/#breadcrumb","itemListElement":[{"@type":"ListItem","position":1,"name":"Home","item":"https:\/\/www.matchart.rs\/"},{"@type":"ListItem","position":2,"name":"Shop","item":"https:\/\/www.matchart.rs\/?page_id=270"},{"@type":"ListItem","position":3,"name":"Omot za Escajg"}]},{"@type":"WebSite","@id":"https:\/\/www.matchart.rs\/#website","url":"https:\/\/www.matchart.rs\/","name":"Match &amp; Art","description":"","publisher":{"@id":"https:\/\/www.matchart.rs\/#organization"},"potentialAction":[{"@type":"SearchAction","target":{"@type":"EntryPoint","urlTemplate":"https:\/\/www.matchart.rs\/?s={search_term_string}"},"query-input":{"@type":"PropertyValueSpecification","valueRequired":true,"valueName":"search_term_string"}}],"inLanguage":"en-GB"},{"@type":"Organization","@id":"https:\/\/www.matchart.rs\/#organization","name":"Match &amp; Art","url":"https:\/\/www.matchart.rs\/","logo":{"@type":"ImageObject","inLanguage":"en-GB","@id":"https:\/\/www.matchart.rs\/#\/schema\/logo\/image\/","url":"https:\/\/www.matchart.rs\/wp-content\/uploads\/2025\/10\/MatchAndArt-logo.png","contentUrl":"https:\/\/www.matchart.rs\/wp-content\/uploads\/2025\/10\/MatchAndArt-logo.png","width":110,"height":96,"caption":"Match &amp; Art"},"image":{"@id":"https:\/\/www.matchart.rs\/#\/schema\/logo\/image\/"}}]}},"_links":{"self":[{"href":"https:\/\/www.matchart.rs\/en\/wp-json\/wp\/v2\/product\/485","targetHints":{"allow":["GET"]}}],"collection":[{"href":"https:\/\/www.matchart.rs\/en\/wp-json\/wp\/v2\/product"}],"about":[{"href":"https:\/\/www.matchart.rs\/en\/wp-json\/wp\/v2\/types\/product"}],"wp:featuredmedia":[{"embeddable":true,"href":"https:\/\/www.matchart.rs\/en\/wp-json\/wp\/v2\/media\/354"}],"wp:attachment":[{"href":"https:\/\/www.matchart.rs\/en\/wp-json\/wp\/v2\/media?parent=485"}],"wp:term":[{"taxonomy":"product_brand","embeddable":true,"href":"https:\/\/www.matchart.rs\/en\/wp-json\/wp\/v2\/product_brand?post=485"},{"taxonomy":"product_cat","embeddable":true,"href":"https:\/\/www.matchart.rs\/en\/wp-json\/wp\/v2\/product_cat?post=485"},{"taxonomy":"product_tag","embeddable":true,"href":"https:\/\/www.matchart.rs\/en\/wp-json\/wp\/v2\/product_tag?post=485"}],"curies":[{"name":"wp","href":"https:\/\/api.w.org\/{rel}","templated":true}]}}