{"id":462,"date":"2025-10-29T08:49:23","date_gmt":"2025-10-29T08:49:23","guid":{"rendered":"http:matchart.rs\/?post_type=product&#038;p=462"},"modified":"2026-03-27T07:23:35","modified_gmt":"2026-03-27T07:23:35","slug":"drveni-mesaci","status":"publish","type":"product","link":"https:\/\/www.matchart.rs\/en\/product\/drveni-mesaci\/","title":{"rendered":"Drveni Me\u0161a\u010di"},"content":{"rendered":"<p>Na\u0161 drveni me\u0161a\u010d za kafu je ru\u010dno izra\u0111en od prirodnog drveta i pru\u017ea jednostavan na\u010din da me\u0161ate svoju kafu. Ovaj klasi\u010dan pribor dodaje autenti\u010dnost va\u0161em jutarnjem ritualu pripreme kafe, \u010dine\u0107i svaku \u0161olju jo\u0161 ukusnijom. Postanite deo tradicije uz na\u0161 prakti\u010dan drveni me\u0161a\u010d za kafu.<\/p>","protected":false},"excerpt":{"rendered":"<p>Drveni me\u0161a\u010d za kafu &#8211; prakti\u010dan pribor za me\u0161anje va\u0161e omiljene \u0161olje kafe.<\/p>","protected":false},"featured_media":308,"template":"","meta":{"_acf_changed":false},"product_brand":[],"product_cat":[19,18,20],"product_tag":[],"class_list":{"0":"post-462","1":"product","2":"type-product","3":"status-publish","4":"has-post-thumbnail","6":"product_cat-drveni-mesaci","7":"product_cat-kasicice-i-mesaci","8":"product_cat-svi-proizvodi","10":"first","11":"instock","12":"shipping-taxable","13":"purchasable","14":"product-type-variable"},"acf":[],"yoast_head":"<!-- This site is optimized with the Yoast SEO plugin v26.6 - https:\/\/yoast.com\/wordpress\/plugins\/seo\/ -->\n<title>Jednokratni Drveni Mesaci u Srbiji i Regionu<\/title>\n<meta name=\"description\" content=\"Prirodni drveni mesaci za kafu u Srbiji i \u0161irom regiona. Ekolo\u0161ki izbor, ni\u017ee cene online i pouzdan kvalitet. Pozovite +381(0)69 266 11 20!\" \/>\n<meta name=\"robots\" content=\"index, follow, max-snippet:-1, max-image-preview:large, max-video-preview:-1\" \/>\n<link rel=\"canonical\" href=\"https:\/\/www.matchart.rs\/en\/product\/drveni-mesaci\/\" \/>\n<meta property=\"og:locale\" content=\"en_GB\" \/>\n<meta property=\"og:type\" content=\"article\" \/>\n<meta property=\"og:title\" content=\"Jednokratni Drveni Mesaci u Srbiji i Regionu\" \/>\n<meta property=\"og:description\" content=\"Prirodni drveni mesaci za kafu u Srbiji i \u0161irom regiona. Ekolo\u0161ki izbor, ni\u017ee cene online i pouzdan kvalitet. Pozovite +381(0)69 266 11 20!\" \/>\n<meta property=\"og:url\" content=\"https:\/\/www.matchart.rs\/en\/product\/drveni-mesaci\/\" \/>\n<meta property=\"og:site_name\" content=\"Match &amp; Art\" \/>\n<meta property=\"article:modified_time\" content=\"2026-03-27T07:23:35+00:00\" \/>\n<meta property=\"og:image\" content=\"https:\/\/www.matchart.rs\/wp-content\/uploads\/2025\/10\/mesac.webp\" \/>\n\t<meta property=\"og:image:width\" content=\"1623\" \/>\n\t<meta property=\"og:image:height\" content=\"1080\" \/>\n\t<meta property=\"og:image:type\" content=\"image\/webp\" \/>\n<meta name=\"twitter:card\" content=\"summary_large_image\" \/>\n<meta name=\"twitter:label1\" content=\"Estimated reading time\" \/>\n\t<meta name=\"twitter:data1\" content=\"1 minute\" \/>\n<script type=\"application\/ld+json\" class=\"yoast-schema-graph\">{\"@context\":\"https:\/\/schema.org\",\"@graph\":[{\"@type\":\"WebPage\",\"@id\":\"https:\/\/www.matchart.rs\/product\/drveni-mesaci\/\",\"url\":\"https:\/\/www.matchart.rs\/product\/drveni-mesaci\/\",\"name\":\"Jednokratni Drveni Mesaci u Srbiji i Regionu\",\"isPartOf\":{\"@id\":\"https:\/\/www.matchart.rs\/#website\"},\"primaryImageOfPage\":{\"@id\":\"https:\/\/www.matchart.rs\/product\/drveni-mesaci\/#primaryimage\"},\"image\":{\"@id\":\"https:\/\/www.matchart.rs\/product\/drveni-mesaci\/#primaryimage\"},\"thumbnailUrl\":\"https:\/\/www.matchart.rs\/wp-content\/uploads\/2025\/10\/mesac.webp\",\"datePublished\":\"2025-10-29T08:49:23+00:00\",\"dateModified\":\"2026-03-27T07:23:35+00:00\",\"description\":\"Prirodni drveni mesaci za kafu u Srbiji i \u0161irom regiona. Ekolo\u0161ki izbor, ni\u017ee cene online i pouzdan kvalitet. Pozovite +381(0)69 266 11 20!\",\"breadcrumb\":{\"@id\":\"https:\/\/www.matchart.rs\/product\/drveni-mesaci\/#breadcrumb\"},\"inLanguage\":\"en-GB\",\"potentialAction\":[{\"@type\":\"ReadAction\",\"target\":[\"https:\/\/www.matchart.rs\/product\/drveni-mesaci\/\"]}]},{\"@type\":\"ImageObject\",\"inLanguage\":\"en-GB\",\"@id\":\"https:\/\/www.matchart.rs\/product\/drveni-mesaci\/#primaryimage\",\"url\":\"https:\/\/www.matchart.rs\/wp-content\/uploads\/2025\/10\/mesac.webp\",\"contentUrl\":\"https:\/\/www.matchart.rs\/wp-content\/uploads\/2025\/10\/mesac.webp\",\"width\":1623,\"height\":1080},{\"@type\":\"BreadcrumbList\",\"@id\":\"https:\/\/www.matchart.rs\/product\/drveni-mesaci\/#breadcrumb\",\"itemListElement\":[{\"@type\":\"ListItem\",\"position\":1,\"name\":\"Home\",\"item\":\"https:\/\/www.matchart.rs\/\"},{\"@type\":\"ListItem\",\"position\":2,\"name\":\"Shop\",\"item\":\"https:\/\/www.matchart.rs\/?page_id=270\"},{\"@type\":\"ListItem\",\"position\":3,\"name\":\"Drveni Me\u0161a\u010di\"}]},{\"@type\":\"WebSite\",\"@id\":\"https:\/\/www.matchart.rs\/#website\",\"url\":\"https:\/\/www.matchart.rs\/\",\"name\":\"Match &amp; Art\",\"description\":\"\",\"publisher\":{\"@id\":\"https:\/\/www.matchart.rs\/#organization\"},\"potentialAction\":[{\"@type\":\"SearchAction\",\"target\":{\"@type\":\"EntryPoint\",\"urlTemplate\":\"https:\/\/www.matchart.rs\/?s={search_term_string}\"},\"query-input\":{\"@type\":\"PropertyValueSpecification\",\"valueRequired\":true,\"valueName\":\"search_term_string\"}}],\"inLanguage\":\"en-GB\"},{\"@type\":\"Organization\",\"@id\":\"https:\/\/www.matchart.rs\/#organization\",\"name\":\"Match &amp; Art\",\"url\":\"https:\/\/www.matchart.rs\/\",\"logo\":{\"@type\":\"ImageObject\",\"inLanguage\":\"en-GB\",\"@id\":\"https:\/\/www.matchart.rs\/#\/schema\/logo\/image\/\",\"url\":\"https:\/\/www.matchart.rs\/wp-content\/uploads\/2025\/10\/MatchAndArt-logo.png\",\"contentUrl\":\"https:\/\/www.matchart.rs\/wp-content\/uploads\/2025\/10\/MatchAndArt-logo.png\",\"width\":110,\"height\":96,\"caption\":\"Match &amp; Art\"},\"image\":{\"@id\":\"https:\/\/www.matchart.rs\/#\/schema\/logo\/image\/\"}}]}<\/script>\n<!-- \/ Yoast SEO plugin. -->","yoast_head_json":{"title":"Jednokratni Drveni Mesaci u Srbiji i Regionu","description":"Prirodni drveni mesaci za kafu u Srbiji i \u0161irom regiona. Ekolo\u0161ki izbor, ni\u017ee cene online i pouzdan kvalitet. Pozovite +381(0)69 266 11 20!","robots":{"index":"index","follow":"follow","max-snippet":"max-snippet:-1","max-image-preview":"max-image-preview:large","max-video-preview":"max-video-preview:-1"},"canonical":"https:\/\/www.matchart.rs\/en\/product\/drveni-mesaci\/","og_locale":"en_GB","og_type":"article","og_title":"Jednokratni Drveni Mesaci u Srbiji i Regionu","og_description":"Prirodni drveni mesaci za kafu u Srbiji i \u0161irom regiona. Ekolo\u0161ki izbor, ni\u017ee cene online i pouzdan kvalitet. Pozovite +381(0)69 266 11 20!","og_url":"https:\/\/www.matchart.rs\/en\/product\/drveni-mesaci\/","og_site_name":"Match &amp; Art","article_modified_time":"2026-03-27T07:23:35+00:00","og_image":[{"width":1623,"height":1080,"url":"https:\/\/www.matchart.rs\/wp-content\/uploads\/2025\/10\/mesac.webp","type":"image\/webp"}],"twitter_card":"summary_large_image","twitter_misc":{"Estimated reading time":"1 minute"},"schema":{"@context":"https:\/\/schema.org","@graph":[{"@type":"WebPage","@id":"https:\/\/www.matchart.rs\/product\/drveni-mesaci\/","url":"https:\/\/www.matchart.rs\/product\/drveni-mesaci\/","name":"Jednokratni Drveni Mesaci u Srbiji i Regionu","isPartOf":{"@id":"https:\/\/www.matchart.rs\/#website"},"primaryImageOfPage":{"@id":"https:\/\/www.matchart.rs\/product\/drveni-mesaci\/#primaryimage"},"image":{"@id":"https:\/\/www.matchart.rs\/product\/drveni-mesaci\/#primaryimage"},"thumbnailUrl":"https:\/\/www.matchart.rs\/wp-content\/uploads\/2025\/10\/mesac.webp","datePublished":"2025-10-29T08:49:23+00:00","dateModified":"2026-03-27T07:23:35+00:00","description":"Prirodni drveni mesaci za kafu u Srbiji i \u0161irom regiona. Ekolo\u0161ki izbor, ni\u017ee cene online i pouzdan kvalitet. Pozovite +381(0)69 266 11 20!","breadcrumb":{"@id":"https:\/\/www.matchart.rs\/product\/drveni-mesaci\/#breadcrumb"},"inLanguage":"en-GB","potentialAction":[{"@type":"ReadAction","target":["https:\/\/www.matchart.rs\/product\/drveni-mesaci\/"]}]},{"@type":"ImageObject","inLanguage":"en-GB","@id":"https:\/\/www.matchart.rs\/product\/drveni-mesaci\/#primaryimage","url":"https:\/\/www.matchart.rs\/wp-content\/uploads\/2025\/10\/mesac.webp","contentUrl":"https:\/\/www.matchart.rs\/wp-content\/uploads\/2025\/10\/mesac.webp","width":1623,"height":1080},{"@type":"BreadcrumbList","@id":"https:\/\/www.matchart.rs\/product\/drveni-mesaci\/#breadcrumb","itemListElement":[{"@type":"ListItem","position":1,"name":"Home","item":"https:\/\/www.matchart.rs\/"},{"@type":"ListItem","position":2,"name":"Shop","item":"https:\/\/www.matchart.rs\/?page_id=270"},{"@type":"ListItem","position":3,"name":"Drveni Me\u0161a\u010di"}]},{"@type":"WebSite","@id":"https:\/\/www.matchart.rs\/#website","url":"https:\/\/www.matchart.rs\/","name":"Match &amp; Art","description":"","publisher":{"@id":"https:\/\/www.matchart.rs\/#organization"},"potentialAction":[{"@type":"SearchAction","target":{"@type":"EntryPoint","urlTemplate":"https:\/\/www.matchart.rs\/?s={search_term_string}"},"query-input":{"@type":"PropertyValueSpecification","valueRequired":true,"valueName":"search_term_string"}}],"inLanguage":"en-GB"},{"@type":"Organization","@id":"https:\/\/www.matchart.rs\/#organization","name":"Match &amp; Art","url":"https:\/\/www.matchart.rs\/","logo":{"@type":"ImageObject","inLanguage":"en-GB","@id":"https:\/\/www.matchart.rs\/#\/schema\/logo\/image\/","url":"https:\/\/www.matchart.rs\/wp-content\/uploads\/2025\/10\/MatchAndArt-logo.png","contentUrl":"https:\/\/www.matchart.rs\/wp-content\/uploads\/2025\/10\/MatchAndArt-logo.png","width":110,"height":96,"caption":"Match &amp; Art"},"image":{"@id":"https:\/\/www.matchart.rs\/#\/schema\/logo\/image\/"}}]}},"_links":{"self":[{"href":"https:\/\/www.matchart.rs\/en\/wp-json\/wp\/v2\/product\/462","targetHints":{"allow":["GET"]}}],"collection":[{"href":"https:\/\/www.matchart.rs\/en\/wp-json\/wp\/v2\/product"}],"about":[{"href":"https:\/\/www.matchart.rs\/en\/wp-json\/wp\/v2\/types\/product"}],"wp:featuredmedia":[{"embeddable":true,"href":"https:\/\/www.matchart.rs\/en\/wp-json\/wp\/v2\/media\/308"}],"wp:attachment":[{"href":"https:\/\/www.matchart.rs\/en\/wp-json\/wp\/v2\/media?parent=462"}],"wp:term":[{"taxonomy":"product_brand","embeddable":true,"href":"https:\/\/www.matchart.rs\/en\/wp-json\/wp\/v2\/product_brand?post=462"},{"taxonomy":"product_cat","embeddable":true,"href":"https:\/\/www.matchart.rs\/en\/wp-json\/wp\/v2\/product_cat?post=462"},{"taxonomy":"product_tag","embeddable":true,"href":"https:\/\/www.matchart.rs\/en\/wp-json\/wp\/v2\/product_tag?post=462"}],"curies":[{"name":"wp","href":"https:\/\/api.w.org\/{rel}","templated":true}]}}