{"id":432,"date":"2025-10-28T12:17:11","date_gmt":"2025-10-28T12:17:11","guid":{"rendered":"http:matchart.rs\/?post_type=product&#038;p=432"},"modified":"2026-03-26T16:52:20","modified_gmt":"2026-03-26T16:52:20","slug":"long-stick-slim","status":"publish","type":"product","link":"https:\/\/www.matchart.rs\/en\/product\/long-stick-slim\/","title":{"rendered":"LONG STICK SLIM"},"content":{"rendered":"<p><a href=\"https:\/\/www.matchart.rs\/wp-content\/uploads\/2024\/06\/LONG-STICK-SLIM-tabela-scaled.webp\"><img decoding=\"async\" class=\"aligncenter wp-image-14910 size-full\" src=\"https:\/\/www.matchart.rs\/wp-content\/uploads\/2024\/06\/LONG-STICK-SLIM-tabela-scaled.webp\" alt=\"\" width=\"2560\" height=\"1731\" \/><\/a><\/p>","protected":false},"excerpt":{"rendered":"<p><span style=\"font-family: georgia, palatino;\">Model koji je izra\u0111en od specijalnog kartona sa zlatotiskom .Ovaj prefinjeni model je SLIM verzija Ve\u0107eg modela LONGSTICK STANDARD,koristi se kao sredstvo pripale za one koje vole da odi\u0161u otmeno\u0161\u0107u .<\/span><\/p>","protected":false},"featured_media":663,"template":"","meta":{"_acf_changed":false},"product_brand":[],"product_cat":[111,96,20],"product_tag":[],"class_list":{"0":"post-432","1":"product","2":"type-product","3":"status-publish","4":"has-post-thumbnail","6":"product_cat-long-stick-slim","7":"product_cat-sibice","8":"product_cat-svi-proizvodi","10":"first","11":"instock","12":"shipping-taxable","13":"purchasable","14":"product-type-simple"},"acf":[],"yoast_head":"<!-- This site is optimized with the Yoast SEO plugin v26.6 - https:\/\/yoast.com\/wordpress\/plugins\/seo\/ -->\n<title>Vrhunske Kutije Za \u0160ibice u Srbiji i Regionu<\/title>\n<meta name=\"description\" content=\"Vizuelno upe\u010datljive kutije za \u0161ibice u Srbiji. Svaka kutija mo\u017ee nositi logo ili dizajn va\u0161eg brenda. Pozovite +381(0)69 266 11 20!\" \/>\n<meta name=\"robots\" content=\"index, follow, max-snippet:-1, max-image-preview:large, max-video-preview:-1\" \/>\n<link rel=\"canonical\" href=\"https:\/\/www.matchart.rs\/en\/product\/long-stick-slim\/\" \/>\n<meta property=\"og:locale\" content=\"en_GB\" \/>\n<meta property=\"og:type\" content=\"article\" \/>\n<meta property=\"og:title\" content=\"Vrhunske Kutije Za \u0160ibice u Srbiji i Regionu\" \/>\n<meta property=\"og:description\" content=\"Vizuelno upe\u010datljive kutije za \u0161ibice u Srbiji. Svaka kutija mo\u017ee nositi logo ili dizajn va\u0161eg brenda. Pozovite +381(0)69 266 11 20!\" \/>\n<meta property=\"og:url\" content=\"https:\/\/www.matchart.rs\/en\/product\/long-stick-slim\/\" \/>\n<meta property=\"og:site_name\" content=\"Match &amp; Art\" \/>\n<meta property=\"article:modified_time\" content=\"2026-03-26T16:52:20+00:00\" \/>\n<meta property=\"og:image\" content=\"https:\/\/www.matchart.rs\/wp-content\/uploads\/2025\/10\/dzo-319-scaled-1.webp\" \/>\n\t<meta property=\"og:image:width\" content=\"2560\" \/>\n\t<meta property=\"og:image:height\" content=\"1704\" \/>\n\t<meta property=\"og:image:type\" content=\"image\/webp\" \/>\n<meta name=\"twitter:card\" content=\"summary_large_image\" \/>\n<meta name=\"twitter:label1\" content=\"Estimated reading time\" \/>\n\t<meta name=\"twitter:data1\" content=\"1 minute\" \/>\n<script type=\"application\/ld+json\" class=\"yoast-schema-graph\">{\"@context\":\"https:\/\/schema.org\",\"@graph\":[{\"@type\":\"WebPage\",\"@id\":\"https:\/\/www.matchart.rs\/product\/long-stick-slim\/\",\"url\":\"https:\/\/www.matchart.rs\/product\/long-stick-slim\/\",\"name\":\"Vrhunske Kutije Za \u0160ibice u Srbiji i Regionu\",\"isPartOf\":{\"@id\":\"https:\/\/www.matchart.rs\/#website\"},\"primaryImageOfPage\":{\"@id\":\"https:\/\/www.matchart.rs\/product\/long-stick-slim\/#primaryimage\"},\"image\":{\"@id\":\"https:\/\/www.matchart.rs\/product\/long-stick-slim\/#primaryimage\"},\"thumbnailUrl\":\"https:\/\/www.matchart.rs\/wp-content\/uploads\/2025\/10\/dzo-319-scaled-1.webp\",\"datePublished\":\"2025-10-28T12:17:11+00:00\",\"dateModified\":\"2026-03-26T16:52:20+00:00\",\"description\":\"Vizuelno upe\u010datljive kutije za \u0161ibice u Srbiji. Svaka kutija mo\u017ee nositi logo ili dizajn va\u0161eg brenda. Pozovite +381(0)69 266 11 20!\",\"breadcrumb\":{\"@id\":\"https:\/\/www.matchart.rs\/product\/long-stick-slim\/#breadcrumb\"},\"inLanguage\":\"en-GB\",\"potentialAction\":[{\"@type\":\"ReadAction\",\"target\":[\"https:\/\/www.matchart.rs\/product\/long-stick-slim\/\"]}]},{\"@type\":\"ImageObject\",\"inLanguage\":\"en-GB\",\"@id\":\"https:\/\/www.matchart.rs\/product\/long-stick-slim\/#primaryimage\",\"url\":\"https:\/\/www.matchart.rs\/wp-content\/uploads\/2025\/10\/dzo-319-scaled-1.webp\",\"contentUrl\":\"https:\/\/www.matchart.rs\/wp-content\/uploads\/2025\/10\/dzo-319-scaled-1.webp\",\"width\":2560,\"height\":1704},{\"@type\":\"BreadcrumbList\",\"@id\":\"https:\/\/www.matchart.rs\/product\/long-stick-slim\/#breadcrumb\",\"itemListElement\":[{\"@type\":\"ListItem\",\"position\":1,\"name\":\"Home\",\"item\":\"https:\/\/www.matchart.rs\/\"},{\"@type\":\"ListItem\",\"position\":2,\"name\":\"Shop\",\"item\":\"https:\/\/www.matchart.rs\/?page_id=270\"},{\"@type\":\"ListItem\",\"position\":3,\"name\":\"LONG STICK SLIM\"}]},{\"@type\":\"WebSite\",\"@id\":\"https:\/\/www.matchart.rs\/#website\",\"url\":\"https:\/\/www.matchart.rs\/\",\"name\":\"Match &amp; Art\",\"description\":\"\",\"publisher\":{\"@id\":\"https:\/\/www.matchart.rs\/#organization\"},\"potentialAction\":[{\"@type\":\"SearchAction\",\"target\":{\"@type\":\"EntryPoint\",\"urlTemplate\":\"https:\/\/www.matchart.rs\/?s={search_term_string}\"},\"query-input\":{\"@type\":\"PropertyValueSpecification\",\"valueRequired\":true,\"valueName\":\"search_term_string\"}}],\"inLanguage\":\"en-GB\"},{\"@type\":\"Organization\",\"@id\":\"https:\/\/www.matchart.rs\/#organization\",\"name\":\"Match &amp; Art\",\"url\":\"https:\/\/www.matchart.rs\/\",\"logo\":{\"@type\":\"ImageObject\",\"inLanguage\":\"en-GB\",\"@id\":\"https:\/\/www.matchart.rs\/#\/schema\/logo\/image\/\",\"url\":\"https:\/\/www.matchart.rs\/wp-content\/uploads\/2025\/10\/MatchAndArt-logo.png\",\"contentUrl\":\"https:\/\/www.matchart.rs\/wp-content\/uploads\/2025\/10\/MatchAndArt-logo.png\",\"width\":110,\"height\":96,\"caption\":\"Match &amp; Art\"},\"image\":{\"@id\":\"https:\/\/www.matchart.rs\/#\/schema\/logo\/image\/\"}}]}<\/script>\n<!-- \/ Yoast SEO plugin. -->","yoast_head_json":{"title":"Vrhunske Kutije Za \u0160ibice u Srbiji i Regionu","description":"Vizuelno upe\u010datljive kutije za \u0161ibice u Srbiji. Svaka kutija mo\u017ee nositi logo ili dizajn va\u0161eg brenda. Pozovite +381(0)69 266 11 20!","robots":{"index":"index","follow":"follow","max-snippet":"max-snippet:-1","max-image-preview":"max-image-preview:large","max-video-preview":"max-video-preview:-1"},"canonical":"https:\/\/www.matchart.rs\/en\/product\/long-stick-slim\/","og_locale":"en_GB","og_type":"article","og_title":"Vrhunske Kutije Za \u0160ibice u Srbiji i Regionu","og_description":"Vizuelno upe\u010datljive kutije za \u0161ibice u Srbiji. Svaka kutija mo\u017ee nositi logo ili dizajn va\u0161eg brenda. Pozovite +381(0)69 266 11 20!","og_url":"https:\/\/www.matchart.rs\/en\/product\/long-stick-slim\/","og_site_name":"Match &amp; Art","article_modified_time":"2026-03-26T16:52:20+00:00","og_image":[{"width":2560,"height":1704,"url":"https:\/\/www.matchart.rs\/wp-content\/uploads\/2025\/10\/dzo-319-scaled-1.webp","type":"image\/webp"}],"twitter_card":"summary_large_image","twitter_misc":{"Estimated reading time":"1 minute"},"schema":{"@context":"https:\/\/schema.org","@graph":[{"@type":"WebPage","@id":"https:\/\/www.matchart.rs\/product\/long-stick-slim\/","url":"https:\/\/www.matchart.rs\/product\/long-stick-slim\/","name":"Vrhunske Kutije Za \u0160ibice u Srbiji i Regionu","isPartOf":{"@id":"https:\/\/www.matchart.rs\/#website"},"primaryImageOfPage":{"@id":"https:\/\/www.matchart.rs\/product\/long-stick-slim\/#primaryimage"},"image":{"@id":"https:\/\/www.matchart.rs\/product\/long-stick-slim\/#primaryimage"},"thumbnailUrl":"https:\/\/www.matchart.rs\/wp-content\/uploads\/2025\/10\/dzo-319-scaled-1.webp","datePublished":"2025-10-28T12:17:11+00:00","dateModified":"2026-03-26T16:52:20+00:00","description":"Vizuelno upe\u010datljive kutije za \u0161ibice u Srbiji. Svaka kutija mo\u017ee nositi logo ili dizajn va\u0161eg brenda. Pozovite +381(0)69 266 11 20!","breadcrumb":{"@id":"https:\/\/www.matchart.rs\/product\/long-stick-slim\/#breadcrumb"},"inLanguage":"en-GB","potentialAction":[{"@type":"ReadAction","target":["https:\/\/www.matchart.rs\/product\/long-stick-slim\/"]}]},{"@type":"ImageObject","inLanguage":"en-GB","@id":"https:\/\/www.matchart.rs\/product\/long-stick-slim\/#primaryimage","url":"https:\/\/www.matchart.rs\/wp-content\/uploads\/2025\/10\/dzo-319-scaled-1.webp","contentUrl":"https:\/\/www.matchart.rs\/wp-content\/uploads\/2025\/10\/dzo-319-scaled-1.webp","width":2560,"height":1704},{"@type":"BreadcrumbList","@id":"https:\/\/www.matchart.rs\/product\/long-stick-slim\/#breadcrumb","itemListElement":[{"@type":"ListItem","position":1,"name":"Home","item":"https:\/\/www.matchart.rs\/"},{"@type":"ListItem","position":2,"name":"Shop","item":"https:\/\/www.matchart.rs\/?page_id=270"},{"@type":"ListItem","position":3,"name":"LONG STICK SLIM"}]},{"@type":"WebSite","@id":"https:\/\/www.matchart.rs\/#website","url":"https:\/\/www.matchart.rs\/","name":"Match &amp; Art","description":"","publisher":{"@id":"https:\/\/www.matchart.rs\/#organization"},"potentialAction":[{"@type":"SearchAction","target":{"@type":"EntryPoint","urlTemplate":"https:\/\/www.matchart.rs\/?s={search_term_string}"},"query-input":{"@type":"PropertyValueSpecification","valueRequired":true,"valueName":"search_term_string"}}],"inLanguage":"en-GB"},{"@type":"Organization","@id":"https:\/\/www.matchart.rs\/#organization","name":"Match &amp; Art","url":"https:\/\/www.matchart.rs\/","logo":{"@type":"ImageObject","inLanguage":"en-GB","@id":"https:\/\/www.matchart.rs\/#\/schema\/logo\/image\/","url":"https:\/\/www.matchart.rs\/wp-content\/uploads\/2025\/10\/MatchAndArt-logo.png","contentUrl":"https:\/\/www.matchart.rs\/wp-content\/uploads\/2025\/10\/MatchAndArt-logo.png","width":110,"height":96,"caption":"Match &amp; Art"},"image":{"@id":"https:\/\/www.matchart.rs\/#\/schema\/logo\/image\/"}}]}},"_links":{"self":[{"href":"https:\/\/www.matchart.rs\/en\/wp-json\/wp\/v2\/product\/432","targetHints":{"allow":["GET"]}}],"collection":[{"href":"https:\/\/www.matchart.rs\/en\/wp-json\/wp\/v2\/product"}],"about":[{"href":"https:\/\/www.matchart.rs\/en\/wp-json\/wp\/v2\/types\/product"}],"wp:featuredmedia":[{"embeddable":true,"href":"https:\/\/www.matchart.rs\/en\/wp-json\/wp\/v2\/media\/663"}],"wp:attachment":[{"href":"https:\/\/www.matchart.rs\/en\/wp-json\/wp\/v2\/media?parent=432"}],"wp:term":[{"taxonomy":"product_brand","embeddable":true,"href":"https:\/\/www.matchart.rs\/en\/wp-json\/wp\/v2\/product_brand?post=432"},{"taxonomy":"product_cat","embeddable":true,"href":"https:\/\/www.matchart.rs\/en\/wp-json\/wp\/v2\/product_cat?post=432"},{"taxonomy":"product_tag","embeddable":true,"href":"https:\/\/www.matchart.rs\/en\/wp-json\/wp\/v2\/product_tag?post=432"}],"curies":[{"name":"wp","href":"https:\/\/api.w.org\/{rel}","templated":true}]}}