{"id":403,"date":"2025-10-28T12:14:06","date_gmt":"2025-10-28T12:14:06","guid":{"rendered":"http:matchart.rs\/?post_type=product&#038;p=403"},"modified":"2026-01-28T14:53:34","modified_gmt":"2026-01-28T14:53:34","slug":"kutija-za-pastu","status":"publish","type":"product","link":"https:\/\/www.matchart.rs\/en\/product\/kutija-za-pastu\/","title":{"rendered":"Kutije za Pastu"},"content":{"rendered":"<p><span style=\"font-weight: 400;\">Our <\/span><span style=\"font-weight: 400;\">kutije za pastu<\/span><span style=\"font-weight: 400;\"> izra\u0111ene su od \u010dvrstog kartona koji dobro podnosi vlagu i masno\u0107u, zbog \u010dega su idealan izbor za razli\u010dite vrste testenina i soseva. Lako se zatvaraju i stabilne su tokom prenosa; nema curenja ili deformisanja ambala\u017ee.<\/span><\/p>\n<p><span style=\"font-weight: 400;\">Kartonska ambala\u017ea za paste<\/span><span style=\"font-weight: 400;\"> dostupna je u razli\u010ditim formatima i prilago\u0111ena naj\u010de\u0161\u0107im porcijama u ugostiteljstvu. Usled svog prakti\u010dnog oblika, lako se sla\u017ee i pakuje i jednostavna je za no\u0161enje. Ovakva <\/span><span style=\"font-weight: 400;\">ambala\u017ea za pastu<\/span><span style=\"font-weight: 400;\"> pobolj\u0161ava izgled porud\u017ebine i doprinosi pozitivnom iskustvu nakon preuzimanja hrane.<\/span><\/p>\n<h2><span style=\"font-weight: 400;\">Kvalitet i proizvodnja<\/span><\/h2>\n<p><span style=\"font-weight: 400;\">Tokom proizvodnje fokusiramo se na funkcionalnost i doslednost u kvalitetu. Svaka <\/span><span style=\"font-weight: 400;\">kutija za pastu<\/span><span style=\"font-weight: 400;\"> izra\u0111ena je od materijala pogodnih za kontakt sa hranom i prilago\u0111ena potrebama ugostiteljskih objekata.Zbog svoje kartonske strukture, stabilna je tokom no\u0161enja i prevoza.<\/span><\/p>\n<p><span style=\"font-weight: 400;\">Zahvaljuju\u0107i standardizovanoj proizvodnji, u mogu\u0107nosti smo da obavljamo isporuku ve\u0107ih koli\u010dina na\u0161eg proizvoda. Bilo da se porud\u017ebine preuzimaju li\u010dno ili \u0161alju putem dostave u <\/span><span style=\"font-weight: 400;\">Belgrade<\/span><span style=\"font-weight: 400;\">, <\/span><span style=\"font-weight: 400;\">Serbia <\/span><span style=\"font-weight: 400;\">i \u0161irom regiona, ova <\/span><span style=\"font-weight: 400;\">kartonska ambala\u017ea za paste<\/span><span style=\"font-weight: 400;\"> pru\u017ea sigurnost i jednostavnost u svakodnevnom radu. U na\u0161em <\/span><a href=\"https:\/\/www.matchart.rs\/en\/product-category\/kutije-za-poneti\/\"><span style=\"font-weight: 400;\">asortimanu kutija za poneti<\/span><\/a><span style=\"font-weight: 400;\"> tako\u0111e mo\u017eete na\u0107i kvalitetne <\/span><a href=\"https:\/\/www.matchart.rs\/en\/product\/kutija-za-susi\/\"><span style=\"font-weight: 400;\">kutije za su\u0161i<\/span><\/a><span style=\"font-weight: 400;\">, <\/span><a href=\"https:\/\/www.matchart.rs\/en\/product\/kutija-za-pomfrit\/\"><span style=\"font-weight: 400;\">kutije za pomfrit<\/span><\/a><span style=\"font-weight: 400;\">, kao i <\/span><a href=\"https:\/\/www.matchart.rs\/en\/product\/casa-za-pomfrit\/\"><span style=\"font-weight: 400;\">\u010da\u0161e za pomfrit<\/span><\/a><span style=\"font-weight: 400;\"> and much more.<\/span><\/p>","protected":false},"excerpt":{"rendered":"<p><span style=\"font-weight: 400;\">Svaka porcija paste treba da stigne sve\u017ea i lepo prezentovana, \u010dak i kada je namenjena za poneti. Na\u0161a <\/span><span style=\"font-weight: 400;\">ambala\u017ea za pastu<\/span><span style=\"font-weight: 400;\"> je prakti\u010dna i odr\u017eava kvalitet jela na putu od kuhinje do kupca. Dostupna je u razli\u010ditim formatima, stoga je idealna za restorane, dostavu i ketering.<\/span><\/p>","protected":false},"featured_media":518,"template":"","meta":{"_acf_changed":false},"product_brand":[],"product_cat":[86,64,20],"product_tag":[],"class_list":{"0":"post-403","1":"product","2":"type-product","3":"status-publish","4":"has-post-thumbnail","6":"product_cat-kutija-za-pastu","7":"product_cat-kutije-za-poneti","8":"product_cat-svi-proizvodi","10":"first","11":"instock","12":"shipping-taxable","13":"purchasable","14":"product-type-variable"},"acf":[],"yoast_head":"<!-- This site is optimized with the Yoast SEO plugin v26.6 - https:\/\/yoast.com\/wordpress\/plugins\/seo\/ -->\n<title>Pouzdana Ambala\u017ea za Pastu u Beogradu i Srbiji<\/title>\n<meta name=\"description\" content=\"\u010cvrste kartonske kutije za pastu u Srbiji i okolini. Brza dostava i prakti\u010dna re\u0161enja za svaki obrok. Pozovite +381(0)69 266 11 20!\" \/>\n<meta name=\"robots\" content=\"index, follow, max-snippet:-1, max-image-preview:large, max-video-preview:-1\" \/>\n<link rel=\"canonical\" href=\"https:\/\/www.matchart.rs\/en\/product\/kutija-za-pastu\/\" \/>\n<meta property=\"og:locale\" content=\"en_GB\" \/>\n<meta property=\"og:type\" content=\"article\" \/>\n<meta property=\"og:title\" content=\"Pouzdana Ambala\u017ea za Pastu u Beogradu i Srbiji\" \/>\n<meta property=\"og:description\" content=\"\u010cvrste kartonske kutije za pastu u Srbiji i okolini. Brza dostava i prakti\u010dna re\u0161enja za svaki obrok. Pozovite +381(0)69 266 11 20!\" \/>\n<meta property=\"og:url\" content=\"https:\/\/www.matchart.rs\/en\/product\/kutija-za-pastu\/\" \/>\n<meta property=\"og:site_name\" content=\"Match &amp; Art\" \/>\n<meta property=\"article:modified_time\" content=\"2026-01-28T14:53:34+00:00\" \/>\n<meta property=\"og:image\" content=\"https:\/\/www.matchart.rs\/wp-content\/uploads\/2025\/10\/DZO_0204-scaled-1.jpg\" \/>\n\t<meta property=\"og:image:width\" content=\"2560\" \/>\n\t<meta property=\"og:image:height\" content=\"1701\" \/>\n\t<meta property=\"og:image:type\" content=\"image\/jpeg\" \/>\n<meta name=\"twitter:card\" content=\"summary_large_image\" \/>\n<meta name=\"twitter:label1\" content=\"Estimated reading time\" \/>\n\t<meta name=\"twitter:data1\" content=\"2 minutes\" \/>\n<script type=\"application\/ld+json\" class=\"yoast-schema-graph\">{\"@context\":\"https:\/\/schema.org\",\"@graph\":[{\"@type\":\"WebPage\",\"@id\":\"https:\/\/www.matchart.rs\/product\/kutija-za-pastu\/\",\"url\":\"https:\/\/www.matchart.rs\/product\/kutija-za-pastu\/\",\"name\":\"Pouzdana Ambala\u017ea za Pastu u Beogradu i Srbiji\",\"isPartOf\":{\"@id\":\"https:\/\/www.matchart.rs\/#website\"},\"primaryImageOfPage\":{\"@id\":\"https:\/\/www.matchart.rs\/product\/kutija-za-pastu\/#primaryimage\"},\"image\":{\"@id\":\"https:\/\/www.matchart.rs\/product\/kutija-za-pastu\/#primaryimage\"},\"thumbnailUrl\":\"https:\/\/www.matchart.rs\/wp-content\/uploads\/2025\/10\/DZO_0204-scaled-1.jpg\",\"datePublished\":\"2025-10-28T12:14:06+00:00\",\"dateModified\":\"2026-01-28T14:53:34+00:00\",\"description\":\"\u010cvrste kartonske kutije za pastu u Srbiji i okolini. Brza dostava i prakti\u010dna re\u0161enja za svaki obrok. Pozovite +381(0)69 266 11 20!\",\"breadcrumb\":{\"@id\":\"https:\/\/www.matchart.rs\/product\/kutija-za-pastu\/#breadcrumb\"},\"inLanguage\":\"en-GB\",\"potentialAction\":[{\"@type\":\"ReadAction\",\"target\":[\"https:\/\/www.matchart.rs\/product\/kutija-za-pastu\/\"]}]},{\"@type\":\"ImageObject\",\"inLanguage\":\"en-GB\",\"@id\":\"https:\/\/www.matchart.rs\/product\/kutija-za-pastu\/#primaryimage\",\"url\":\"https:\/\/www.matchart.rs\/wp-content\/uploads\/2025\/10\/DZO_0204-scaled-1.jpg\",\"contentUrl\":\"https:\/\/www.matchart.rs\/wp-content\/uploads\/2025\/10\/DZO_0204-scaled-1.jpg\",\"width\":2560,\"height\":1701,\"caption\":\"visokokvalitetna kartonska ambalaza za pastu u srbiji i okolini\"},{\"@type\":\"BreadcrumbList\",\"@id\":\"https:\/\/www.matchart.rs\/product\/kutija-za-pastu\/#breadcrumb\",\"itemListElement\":[{\"@type\":\"ListItem\",\"position\":1,\"name\":\"Home\",\"item\":\"https:\/\/www.matchart.rs\/\"},{\"@type\":\"ListItem\",\"position\":2,\"name\":\"Shop\",\"item\":\"https:\/\/www.matchart.rs\/?page_id=270\"},{\"@type\":\"ListItem\",\"position\":3,\"name\":\"Kutije za Pastu\"}]},{\"@type\":\"WebSite\",\"@id\":\"https:\/\/www.matchart.rs\/#website\",\"url\":\"https:\/\/www.matchart.rs\/\",\"name\":\"Match &amp; Art\",\"description\":\"\",\"publisher\":{\"@id\":\"https:\/\/www.matchart.rs\/#organization\"},\"potentialAction\":[{\"@type\":\"SearchAction\",\"target\":{\"@type\":\"EntryPoint\",\"urlTemplate\":\"https:\/\/www.matchart.rs\/?s={search_term_string}\"},\"query-input\":{\"@type\":\"PropertyValueSpecification\",\"valueRequired\":true,\"valueName\":\"search_term_string\"}}],\"inLanguage\":\"en-GB\"},{\"@type\":\"Organization\",\"@id\":\"https:\/\/www.matchart.rs\/#organization\",\"name\":\"Match &amp; Art\",\"url\":\"https:\/\/www.matchart.rs\/\",\"logo\":{\"@type\":\"ImageObject\",\"inLanguage\":\"en-GB\",\"@id\":\"https:\/\/www.matchart.rs\/#\/schema\/logo\/image\/\",\"url\":\"https:\/\/www.matchart.rs\/wp-content\/uploads\/2025\/10\/MatchAndArt-logo.png\",\"contentUrl\":\"https:\/\/www.matchart.rs\/wp-content\/uploads\/2025\/10\/MatchAndArt-logo.png\",\"width\":110,\"height\":96,\"caption\":\"Match &amp; Art\"},\"image\":{\"@id\":\"https:\/\/www.matchart.rs\/#\/schema\/logo\/image\/\"}}]}<\/script>\n<!-- \/ Yoast SEO plugin. -->","yoast_head_json":{"title":"Pouzdana Ambala\u017ea za Pastu u Beogradu i Srbiji","description":"\u010cvrste kartonske kutije za pastu u Srbiji i okolini. Brza dostava i prakti\u010dna re\u0161enja za svaki obrok. Pozovite +381(0)69 266 11 20!","robots":{"index":"index","follow":"follow","max-snippet":"max-snippet:-1","max-image-preview":"max-image-preview:large","max-video-preview":"max-video-preview:-1"},"canonical":"https:\/\/www.matchart.rs\/en\/product\/kutija-za-pastu\/","og_locale":"en_GB","og_type":"article","og_title":"Pouzdana Ambala\u017ea za Pastu u Beogradu i Srbiji","og_description":"\u010cvrste kartonske kutije za pastu u Srbiji i okolini. Brza dostava i prakti\u010dna re\u0161enja za svaki obrok. Pozovite +381(0)69 266 11 20!","og_url":"https:\/\/www.matchart.rs\/en\/product\/kutija-za-pastu\/","og_site_name":"Match &amp; Art","article_modified_time":"2026-01-28T14:53:34+00:00","og_image":[{"width":2560,"height":1701,"url":"https:\/\/www.matchart.rs\/wp-content\/uploads\/2025\/10\/DZO_0204-scaled-1.jpg","type":"image\/jpeg"}],"twitter_card":"summary_large_image","twitter_misc":{"Estimated reading time":"2 minutes"},"schema":{"@context":"https:\/\/schema.org","@graph":[{"@type":"WebPage","@id":"https:\/\/www.matchart.rs\/product\/kutija-za-pastu\/","url":"https:\/\/www.matchart.rs\/product\/kutija-za-pastu\/","name":"Pouzdana Ambala\u017ea za Pastu u Beogradu i Srbiji","isPartOf":{"@id":"https:\/\/www.matchart.rs\/#website"},"primaryImageOfPage":{"@id":"https:\/\/www.matchart.rs\/product\/kutija-za-pastu\/#primaryimage"},"image":{"@id":"https:\/\/www.matchart.rs\/product\/kutija-za-pastu\/#primaryimage"},"thumbnailUrl":"https:\/\/www.matchart.rs\/wp-content\/uploads\/2025\/10\/DZO_0204-scaled-1.jpg","datePublished":"2025-10-28T12:14:06+00:00","dateModified":"2026-01-28T14:53:34+00:00","description":"\u010cvrste kartonske kutije za pastu u Srbiji i okolini. Brza dostava i prakti\u010dna re\u0161enja za svaki obrok. Pozovite +381(0)69 266 11 20!","breadcrumb":{"@id":"https:\/\/www.matchart.rs\/product\/kutija-za-pastu\/#breadcrumb"},"inLanguage":"en-GB","potentialAction":[{"@type":"ReadAction","target":["https:\/\/www.matchart.rs\/product\/kutija-za-pastu\/"]}]},{"@type":"ImageObject","inLanguage":"en-GB","@id":"https:\/\/www.matchart.rs\/product\/kutija-za-pastu\/#primaryimage","url":"https:\/\/www.matchart.rs\/wp-content\/uploads\/2025\/10\/DZO_0204-scaled-1.jpg","contentUrl":"https:\/\/www.matchart.rs\/wp-content\/uploads\/2025\/10\/DZO_0204-scaled-1.jpg","width":2560,"height":1701,"caption":"visokokvalitetna kartonska ambalaza za pastu u srbiji i okolini"},{"@type":"BreadcrumbList","@id":"https:\/\/www.matchart.rs\/product\/kutija-za-pastu\/#breadcrumb","itemListElement":[{"@type":"ListItem","position":1,"name":"Home","item":"https:\/\/www.matchart.rs\/"},{"@type":"ListItem","position":2,"name":"Shop","item":"https:\/\/www.matchart.rs\/?page_id=270"},{"@type":"ListItem","position":3,"name":"Kutije za Pastu"}]},{"@type":"WebSite","@id":"https:\/\/www.matchart.rs\/#website","url":"https:\/\/www.matchart.rs\/","name":"Match &amp; Art","description":"","publisher":{"@id":"https:\/\/www.matchart.rs\/#organization"},"potentialAction":[{"@type":"SearchAction","target":{"@type":"EntryPoint","urlTemplate":"https:\/\/www.matchart.rs\/?s={search_term_string}"},"query-input":{"@type":"PropertyValueSpecification","valueRequired":true,"valueName":"search_term_string"}}],"inLanguage":"en-GB"},{"@type":"Organization","@id":"https:\/\/www.matchart.rs\/#organization","name":"Match &amp; Art","url":"https:\/\/www.matchart.rs\/","logo":{"@type":"ImageObject","inLanguage":"en-GB","@id":"https:\/\/www.matchart.rs\/#\/schema\/logo\/image\/","url":"https:\/\/www.matchart.rs\/wp-content\/uploads\/2025\/10\/MatchAndArt-logo.png","contentUrl":"https:\/\/www.matchart.rs\/wp-content\/uploads\/2025\/10\/MatchAndArt-logo.png","width":110,"height":96,"caption":"Match &amp; Art"},"image":{"@id":"https:\/\/www.matchart.rs\/#\/schema\/logo\/image\/"}}]}},"_links":{"self":[{"href":"https:\/\/www.matchart.rs\/en\/wp-json\/wp\/v2\/product\/403","targetHints":{"allow":["GET"]}}],"collection":[{"href":"https:\/\/www.matchart.rs\/en\/wp-json\/wp\/v2\/product"}],"about":[{"href":"https:\/\/www.matchart.rs\/en\/wp-json\/wp\/v2\/types\/product"}],"wp:featuredmedia":[{"embeddable":true,"href":"https:\/\/www.matchart.rs\/en\/wp-json\/wp\/v2\/media\/518"}],"wp:attachment":[{"href":"https:\/\/www.matchart.rs\/en\/wp-json\/wp\/v2\/media?parent=403"}],"wp:term":[{"taxonomy":"product_brand","embeddable":true,"href":"https:\/\/www.matchart.rs\/en\/wp-json\/wp\/v2\/product_brand?post=403"},{"taxonomy":"product_cat","embeddable":true,"href":"https:\/\/www.matchart.rs\/en\/wp-json\/wp\/v2\/product_cat?post=403"},{"taxonomy":"product_tag","embeddable":true,"href":"https:\/\/www.matchart.rs\/en\/wp-json\/wp\/v2\/product_tag?post=403"}],"curies":[{"name":"wp","href":"https:\/\/api.w.org\/{rel}","templated":true}]}}