{"id":65,"date":"2025-10-24T10:45:14","date_gmt":"2025-10-24T10:45:14","guid":{"rendered":"http:matchart.rs\/?page_id=65"},"modified":"2026-03-27T07:58:40","modified_gmt":"2026-03-27T07:58:40","slug":"klijenti","status":"publish","type":"page","link":"https:\/\/www.matchart.rs\/en\/klijenti\/","title":{"rendered":"Clients"},"content":{"rendered":"","protected":false},"excerpt":{"rendered":"","protected":false},"author":1,"featured_media":0,"parent":0,"menu_order":0,"comment_status":"closed","ping_status":"closed","template":"page-clients.php","meta":{"_acf_changed":false,"footnotes":""},"class_list":["post-65","page","type-page","status-publish","hentry"],"acf":[],"yoast_head":"<!-- This site is optimized with the Yoast SEO plugin v26.6 - https:\/\/yoast.com\/wordpress\/plugins\/seo\/ -->\n<title>Na\u0161e Saradnje | Match &amp; Art<\/title>\n<meta name=\"description\" content=\"Pregled firmi i partnera sa kojima sara\u0111ujemo \u0161irom Srbije i regiona, kroz razli\u010dite projekte i industrije. Pozovite +381(0)69 266 11 20!\" \/>\n<meta name=\"robots\" content=\"index, follow, max-snippet:-1, max-image-preview:large, max-video-preview:-1\" \/>\n<link rel=\"canonical\" href=\"https:\/\/www.matchart.rs\/en\/klijenti\/\" \/>\n<meta property=\"og:locale\" content=\"en_GB\" \/>\n<meta property=\"og:type\" content=\"article\" \/>\n<meta property=\"og:title\" content=\"Na\u0161e Saradnje | Match &amp; Art\" \/>\n<meta property=\"og:description\" content=\"Pregled firmi i partnera sa kojima sara\u0111ujemo \u0161irom Srbije i regiona, kroz razli\u010dite projekte i industrije. Pozovite +381(0)69 266 11 20!\" \/>\n<meta property=\"og:url\" content=\"https:\/\/www.matchart.rs\/en\/klijenti\/\" \/>\n<meta property=\"og:site_name\" content=\"Match &amp; Art\" \/>\n<meta property=\"article:modified_time\" content=\"2026-03-27T07:58:40+00:00\" \/>\n<meta name=\"twitter:card\" content=\"summary_large_image\" \/>\n<script type=\"application\/ld+json\" class=\"yoast-schema-graph\">{\"@context\":\"https:\/\/schema.org\",\"@graph\":[{\"@type\":\"WebPage\",\"@id\":\"https:\/\/www.matchart.rs\/klijenti\/\",\"url\":\"https:\/\/www.matchart.rs\/klijenti\/\",\"name\":\"Na\u0161e Saradnje | Match & Art\",\"isPartOf\":{\"@id\":\"https:\/\/www.matchart.rs\/#website\"},\"datePublished\":\"2025-10-24T10:45:14+00:00\",\"dateModified\":\"2026-03-27T07:58:40+00:00\",\"description\":\"Pregled firmi i partnera sa kojima sara\u0111ujemo \u0161irom Srbije i regiona, kroz razli\u010dite projekte i industrije. Pozovite +381(0)69 266 11 20!\",\"breadcrumb\":{\"@id\":\"https:\/\/www.matchart.rs\/klijenti\/#breadcrumb\"},\"inLanguage\":\"en-GB\",\"potentialAction\":[{\"@type\":\"ReadAction\",\"target\":[\"https:\/\/www.matchart.rs\/klijenti\/\"]}]},{\"@type\":\"BreadcrumbList\",\"@id\":\"https:\/\/www.matchart.rs\/klijenti\/#breadcrumb\",\"itemListElement\":[{\"@type\":\"ListItem\",\"position\":1,\"name\":\"Home\",\"item\":\"https:\/\/www.matchart.rs\/\"},{\"@type\":\"ListItem\",\"position\":2,\"name\":\"Klijenti\"}]},{\"@type\":\"WebSite\",\"@id\":\"https:\/\/www.matchart.rs\/#website\",\"url\":\"https:\/\/www.matchart.rs\/\",\"name\":\"Match &amp; Art\",\"description\":\"\",\"publisher\":{\"@id\":\"https:\/\/www.matchart.rs\/#organization\"},\"potentialAction\":[{\"@type\":\"SearchAction\",\"target\":{\"@type\":\"EntryPoint\",\"urlTemplate\":\"https:\/\/www.matchart.rs\/?s={search_term_string}\"},\"query-input\":{\"@type\":\"PropertyValueSpecification\",\"valueRequired\":true,\"valueName\":\"search_term_string\"}}],\"inLanguage\":\"en-GB\"},{\"@type\":\"Organization\",\"@id\":\"https:\/\/www.matchart.rs\/#organization\",\"name\":\"Match &amp; Art\",\"url\":\"https:\/\/www.matchart.rs\/\",\"logo\":{\"@type\":\"ImageObject\",\"inLanguage\":\"en-GB\",\"@id\":\"https:\/\/www.matchart.rs\/#\/schema\/logo\/image\/\",\"url\":\"https:\/\/www.matchart.rs\/wp-content\/uploads\/2025\/10\/MatchAndArt-logo.png\",\"contentUrl\":\"https:\/\/www.matchart.rs\/wp-content\/uploads\/2025\/10\/MatchAndArt-logo.png\",\"width\":110,\"height\":96,\"caption\":\"Match &amp; Art\"},\"image\":{\"@id\":\"https:\/\/www.matchart.rs\/#\/schema\/logo\/image\/\"}}]}<\/script>\n<!-- \/ Yoast SEO plugin. -->","yoast_head_json":{"title":"Na\u0161e Saradnje | Match & Art","description":"Pregled firmi i partnera sa kojima sara\u0111ujemo \u0161irom Srbije i regiona, kroz razli\u010dite projekte i industrije. Pozovite +381(0)69 266 11 20!","robots":{"index":"index","follow":"follow","max-snippet":"max-snippet:-1","max-image-preview":"max-image-preview:large","max-video-preview":"max-video-preview:-1"},"canonical":"https:\/\/www.matchart.rs\/en\/klijenti\/","og_locale":"en_GB","og_type":"article","og_title":"Na\u0161e Saradnje | Match & Art","og_description":"Pregled firmi i partnera sa kojima sara\u0111ujemo \u0161irom Srbije i regiona, kroz razli\u010dite projekte i industrije. Pozovite +381(0)69 266 11 20!","og_url":"https:\/\/www.matchart.rs\/en\/klijenti\/","og_site_name":"Match &amp; Art","article_modified_time":"2026-03-27T07:58:40+00:00","twitter_card":"summary_large_image","schema":{"@context":"https:\/\/schema.org","@graph":[{"@type":"WebPage","@id":"https:\/\/www.matchart.rs\/klijenti\/","url":"https:\/\/www.matchart.rs\/klijenti\/","name":"Na\u0161e Saradnje | Match & Art","isPartOf":{"@id":"https:\/\/www.matchart.rs\/#website"},"datePublished":"2025-10-24T10:45:14+00:00","dateModified":"2026-03-27T07:58:40+00:00","description":"Pregled firmi i partnera sa kojima sara\u0111ujemo \u0161irom Srbije i regiona, kroz razli\u010dite projekte i industrije. Pozovite +381(0)69 266 11 20!","breadcrumb":{"@id":"https:\/\/www.matchart.rs\/klijenti\/#breadcrumb"},"inLanguage":"en-GB","potentialAction":[{"@type":"ReadAction","target":["https:\/\/www.matchart.rs\/klijenti\/"]}]},{"@type":"BreadcrumbList","@id":"https:\/\/www.matchart.rs\/klijenti\/#breadcrumb","itemListElement":[{"@type":"ListItem","position":1,"name":"Home","item":"https:\/\/www.matchart.rs\/"},{"@type":"ListItem","position":2,"name":"Klijenti"}]},{"@type":"WebSite","@id":"https:\/\/www.matchart.rs\/#website","url":"https:\/\/www.matchart.rs\/","name":"Match &amp; Art","description":"","publisher":{"@id":"https:\/\/www.matchart.rs\/#organization"},"potentialAction":[{"@type":"SearchAction","target":{"@type":"EntryPoint","urlTemplate":"https:\/\/www.matchart.rs\/?s={search_term_string}"},"query-input":{"@type":"PropertyValueSpecification","valueRequired":true,"valueName":"search_term_string"}}],"inLanguage":"en-GB"},{"@type":"Organization","@id":"https:\/\/www.matchart.rs\/#organization","name":"Match &amp; Art","url":"https:\/\/www.matchart.rs\/","logo":{"@type":"ImageObject","inLanguage":"en-GB","@id":"https:\/\/www.matchart.rs\/#\/schema\/logo\/image\/","url":"https:\/\/www.matchart.rs\/wp-content\/uploads\/2025\/10\/MatchAndArt-logo.png","contentUrl":"https:\/\/www.matchart.rs\/wp-content\/uploads\/2025\/10\/MatchAndArt-logo.png","width":110,"height":96,"caption":"Match &amp; Art"},"image":{"@id":"https:\/\/www.matchart.rs\/#\/schema\/logo\/image\/"}}]}},"_links":{"self":[{"href":"https:\/\/www.matchart.rs\/en\/wp-json\/wp\/v2\/pages\/65","targetHints":{"allow":["GET"]}}],"collection":[{"href":"https:\/\/www.matchart.rs\/en\/wp-json\/wp\/v2\/pages"}],"about":[{"href":"https:\/\/www.matchart.rs\/en\/wp-json\/wp\/v2\/types\/page"}],"author":[{"embeddable":true,"href":"https:\/\/www.matchart.rs\/en\/wp-json\/wp\/v2\/users\/1"}],"replies":[{"embeddable":true,"href":"https:\/\/www.matchart.rs\/en\/wp-json\/wp\/v2\/comments?post=65"}],"version-history":[{"count":4,"href":"https:\/\/www.matchart.rs\/en\/wp-json\/wp\/v2\/pages\/65\/revisions"}],"predecessor-version":[{"id":1019,"href":"https:\/\/www.matchart.rs\/en\/wp-json\/wp\/v2\/pages\/65\/revisions\/1019"}],"wp:attachment":[{"href":"https:\/\/www.matchart.rs\/en\/wp-json\/wp\/v2\/media?parent=65"}],"curies":[{"name":"wp","href":"https:\/\/api.w.org\/{rel}","templated":true}]}}